{"id":1452,"date":"2025-07-10T07:58:38","date_gmt":"2025-07-10T07:58:38","guid":{"rendered":"https:\/\/pharmamachinecn.com\/?page_id=1452"},"modified":"2025-07-10T07:58:41","modified_gmt":"2025-07-10T07:58:41","slug":"refund-and-returns-policy","status":"publish","type":"page","link":"https:\/\/pharmamachinecn.com\/de\/refund-and-returns-policy\/","title":{"rendered":"R\u00fcckerstattungs- und R\u00fcckgaberichtlinien"},"content":{"rendered":"<h2 class=\"wp-block-heading\"><strong>Stornierung und R\u00fcckerstattung<\/strong><strong><\/strong><\/h2>\n\n\n\n<p>Wir akzeptieren Stornierungen nur innerhalb von 24 Stunden nach Ihrer Bestellung und erstatten Ihnen die Geb\u00fchr. Bitte beachten Sie auch, dass die Bestellung nicht storniert werden kann, wenn sie sich in der Produktion befindet oder bereits versandt wurde.<\/p>\n\n\n\n<h2 class=\"wp-block-heading\"><strong>R\u00fcckgaben<\/strong><strong><\/strong><\/h2>\n\n\n\n<p>Wir akzeptieren keine Produktr\u00fccksendungen. Im Falle nicht durch Menschen verursachter Sch\u00e4den und wenn das Zubeh\u00f6r des Produkts die normale Funktion beeintr\u00e4chtigt, k\u00f6nnen wir Ihnen kostenlos neues Zubeh\u00f6r zur Verf\u00fcgung stellen und es an Sie versenden. Die Versandkosten tragen Sie jedoch.<\/p>\n\n\n\n<h2 class=\"wp-block-heading\"><strong>Versp\u00e4tete oder fehlende R\u00fcckerstattungen<\/strong><strong><\/strong><\/h2>\n\n\n\n<p>Wenn Sie noch keine R\u00fcckerstattung erhalten haben, \u00fcberpr\u00fcfen Sie bitte zun\u00e4chst Ihr Bankkonto.<\/p>\n\n\n\n<p>Wenden Sie sich dann an Ihr Kreditkartenunternehmen. Es kann einige Zeit dauern, bis Ihre R\u00fcckerstattung offiziell verbucht wird.<\/p>\n\n\n\n<p>Wenden Sie sich anschlie\u00dfend an Ihre Bank. Es dauert oft eine gewisse Bearbeitungszeit, bis eine R\u00fcckerstattung verbucht wird. Wenn Sie all dies getan haben und Ihre R\u00fcckerstattung immer noch nicht erhalten haben, kontaktieren Sie uns bitte unter\u00a0<a href=\"mailto:info@pharmamachinecn.com\">info@pharmamachinecn.com<\/a>.<\/p>\n\n\n\n<p>Kontaktieren Sie uns bei Fragen zu R\u00fcckerstattungen und R\u00fccksendungen.<\/p>\n\n\n\n<p><\/p>","protected":false},"excerpt":{"rendered":"<p>Cancellation and Refund We only accept cancellations within 24 hours of your order and refund the fee to you. Please [&hellip;]<\/p>\n","protected":false},"author":1,"featured_media":0,"parent":0,"menu_order":0,"comment_status":"closed","ping_status":"closed","template":"","meta":{"_acf_changed":false,"site-sidebar-layout":"default","site-content-layout":"","ast-site-content-layout":"default","site-content-style":"default","site-sidebar-style":"default","ast-global-header-display":"","ast-banner-title-visibility":"","ast-main-header-display":"","ast-hfb-above-header-display":"","ast-hfb-below-header-display":"","ast-hfb-mobile-header-display":"","site-post-title":"","ast-breadcrumbs-content":"","ast-featured-img":"","footer-sml-layout":"","ast-disable-related-posts":"","theme-transparent-header-meta":"","adv-header-id-meta":"","stick-header-meta":"","header-above-stick-meta":"","header-main-stick-meta":"","header-below-stick-meta":"","astra-migrate-meta-layouts":"default","ast-page-background-enabled":"default","ast-page-background-meta":{"desktop":{"background-color":"var(--ast-global-color-5)","background-image":"","background-repeat":"repeat","background-position":"center center","background-size":"auto","background-attachment":"scroll","background-type":"","background-media":"","overlay-type":"","overlay-color":"","overlay-opacity":"","overlay-gradient":""},"tablet":{"background-color":"","background-image":"","background-repeat":"repeat","background-position":"center center","background-size":"auto","background-attachment":"scroll","background-type":"","background-media":"","overlay-type":"","overlay-color":"","overlay-opacity":"","overlay-gradient":""},"mobile":{"background-color":"","background-image":"","background-repeat":"repeat","background-position":"center center","background-size":"auto","background-attachment":"scroll","background-type":"","background-media":"","overlay-type":"","overlay-color":"","overlay-opacity":"","overlay-gradient":""}},"ast-content-background-meta":{"desktop":{"background-color":"var(--ast-global-color-4)","background-image":"","background-repeat":"repeat","background-position":"center center","background-size":"auto","background-attachment":"scroll","background-type":"","background-media":"","overlay-type":"","overlay-color":"","overlay-opacity":"","overlay-gradient":""},"tablet":{"background-color":"var(--ast-global-color-4)","background-image":"","background-repeat":"repeat","background-position":"center center","background-size":"auto","background-attachment":"scroll","background-type":"","background-media":"","overlay-type":"","overlay-color":"","overlay-opacity":"","overlay-gradient":""},"mobile":{"background-color":"var(--ast-global-color-4)","background-image":"","background-repeat":"repeat","background-position":"center center","background-size":"auto","background-attachment":"scroll","background-type":"","background-media":"","overlay-type":"","overlay-color":"","overlay-opacity":"","overlay-gradient":""}},"footnotes":""},"class_list":["post-1452","page","type-page","status-publish","hentry"],"acf":[],"_links":{"self":[{"href":"https:\/\/pharmamachinecn.com\/de\/wp-json\/wp\/v2\/pages\/1452","targetHints":{"allow":["GET"]}}],"collection":[{"href":"https:\/\/pharmamachinecn.com\/de\/wp-json\/wp\/v2\/pages"}],"about":[{"href":"https:\/\/pharmamachinecn.com\/de\/wp-json\/wp\/v2\/types\/page"}],"author":[{"embeddable":true,"href":"https:\/\/pharmamachinecn.com\/de\/wp-json\/wp\/v2\/users\/1"}],"replies":[{"embeddable":true,"href":"https:\/\/pharmamachinecn.com\/de\/wp-json\/wp\/v2\/comments?post=1452"}],"version-history":[{"count":0,"href":"https:\/\/pharmamachinecn.com\/de\/wp-json\/wp\/v2\/pages\/1452\/revisions"}],"wp:attachment":[{"href":"https:\/\/pharmamachinecn.com\/de\/wp-json\/wp\/v2\/media?parent=1452"}],"curies":[{"name":"wp","href":"https:\/\/api.w.org\/{rel}","templated":true}]}}