{"id":3,"date":"2025-06-11T00:43:22","date_gmt":"2025-06-11T00:43:22","guid":{"rendered":"https:\/\/pharmamachinecn.com\/?page_id=3"},"modified":"2025-07-10T07:57:12","modified_gmt":"2025-07-10T07:57:12","slug":"privacy-policy","status":"publish","type":"page","link":"https:\/\/pharmamachinecn.com\/de\/privacy-policy\/","title":{"rendered":"Datenschutzrichtlinie"},"content":{"rendered":"<h2 class=\"wp-block-heading\">DATENSCHUTZERKL\u00c4RUNG<\/h2>\n\n\n\n<p>Wir nehmen Ihre Privatsph\u00e4re ernst und diese Datenschutzerkl\u00e4rung erl\u00e4utert, wie pharmamachinecn.com (zusammen \u201ewir\u201c, \u201euns\u201c oder \u201eunser\u201c) Ihre Daten sammelt, verwendet, weitergibt und verarbeitet.<\/p>\n\n\n\n<h3 class=\"wp-block-heading\">Erhebung und Verwendung personenbezogener Daten<\/h3>\n\n\n\n<p>Personenbezogene Daten sind Informationen, mit denen Sie direkt oder indirekt identifiziert werden k\u00f6nnen. Zu den personenbezogenen Daten z\u00e4hlen auch anonyme Daten, die mit Informationen verkn\u00fcpft sind, mit denen Sie direkt oder indirekt identifiziert werden k\u00f6nnen. Nicht zu den personenbezogenen Daten geh\u00f6ren Daten, die unwiderruflich anonymisiert oder aggregiert wurden, sodass wir Sie weder in Kombination mit anderen Informationen noch auf andere Weise identifizieren k\u00f6nnen.<\/p>\n\n\n\n<h3 class=\"wp-block-heading\">F\u00f6rderung von Sicherheit und Schutz<\/h3>\n\n\n\n<p>Wir halten uns an die Grunds\u00e4tze der Rechtm\u00e4\u00dfigkeit, Legitimit\u00e4t und Transparenz, verwenden und verarbeiten m\u00f6glichst wenige Daten innerhalb eines begrenzten Zwecks und ergreifen technische und administrative Ma\u00dfnahmen zum Schutz der Datensicherheit. Wir verwenden personenbezogene Daten zur \u00dcberpr\u00fcfung von Konten und Benutzeraktivit\u00e4ten sowie zur F\u00f6rderung der Sicherheit, beispielsweise durch die \u00dcberwachung von Betrug und die Untersuchung verd\u00e4chtiger oder potenziell illegaler Aktivit\u00e4ten oder Verst\u00f6\u00dfe gegen unsere Bedingungen und Richtlinien. Diese Verarbeitung basiert auf unserem berechtigten Interesse, die Sicherheit unserer Produkte und Dienstleistungen zu gew\u00e4hrleisten.<\/p>\n\n\n\n<p>Hier ist eine Beschreibung der Arten personenbezogener Daten, die wir m\u00f6glicherweise erfassen, und wie wir sie verwenden:<\/p>\n\n\n\n<h3 class=\"wp-block-heading\">Welche personenbezogenen Daten erheben wir?<\/h3>\n\n\n\n<h4 class=\"wp-block-heading\">\u2170. Von Ihnen bereitgestellte Daten:<\/h4>\n\n\n\n<p>Wir erfassen die personenbezogenen Daten, die Sie uns bei der Nutzung unserer Produkte und Dienstleistungen oder bei anderweitiger Interaktion mit uns zur Verf\u00fcgung stellen, z. B. wenn Sie ein Konto erstellen, Kontakt mit uns aufnehmen, an einer Online-Umfrage teilnehmen oder unsere Online-Hilfe oder unseren Online-Chat nutzen. Wenn Sie einen Kauf t\u00e4tigen, erfassen wir im Zusammenhang mit dem Kauf personenbezogene Daten. Zu diesen Daten geh\u00f6ren Ihre Zahlungsdaten, wie z. B. Ihre Kredit- oder Debitkartennummer und andere Karteninformationen, sowie weitere Konto- und Authentifizierungsinformationen sowie Rechnungs-, Versand- und Kontaktdaten.<\/p>\n\n\n\n<h4 class=\"wp-block-heading\">\u2171. Daten \u00fcber die Nutzung unserer Dienste und Produkte:<\/h4>\n\n\n\n<p>Wenn Sie unsere Websites besuchen, erfassen wir m\u00f6glicherweise Daten \u00fcber den von Ihnen verwendeten Ger\u00e4tetyp, die eindeutige Kennung Ihres Ger\u00e4ts, die IP-Adresse Ihres Ger\u00e4ts, Ihr Betriebssystem, den von Ihnen verwendeten Internetbrowsertyp, Nutzungsinformationen, Diagnoseinformationen und Standortinformationen von oder \u00fcber die Computer, Telefone oder andere Ger\u00e4te, auf denen Sie unsere Produkte oder Dienste installieren oder darauf zugreifen. Sofern verf\u00fcgbar, k\u00f6nnen unsere Dienste GPS, Ihre IP-Adresse und andere Technologien verwenden, um den ungef\u00e4hren Standort eines Ger\u00e4ts zu bestimmen und uns so die Verbesserung unserer Produkte und Dienste zu erm\u00f6glichen.<\/p>\n\n\n\n<h3 class=\"wp-block-heading\">Wie wir Ihre personenbezogenen Daten verwenden<\/h3>\n\n\n\n<p>Im Allgemeinen verwenden wir personenbezogene Daten, um unsere Produkte und Dienstleistungen bereitzustellen, zu verbessern und weiterzuentwickeln, um mit Ihnen zu kommunizieren, um Ihnen gezielte Werbung und Dienstleistungen anzubieten und um uns und unsere Kunden zu sch\u00fctzen.<\/p>\n\n\n\n<h4 class=\"wp-block-heading\">\u2170. Bereitstellung, Verbesserung und Entwicklung unserer Produkte und Dienstleistungen:<\/h4>\n\n\n\n<p>Wir verwenden personenbezogene Daten, um unsere Produkte, Dienstleistungen und Werbung bereitzustellen, zu verbessern und weiterzuentwickeln. Dies umfasst die Verwendung personenbezogener Daten f\u00fcr Zwecke wie Datenanalyse, Forschung und Audits. Diese Verarbeitung basiert auf unserem berechtigten Interesse, Ihnen Produkte und Dienstleistungen anzubieten und die Gesch\u00e4ftskontinuit\u00e4t zu gew\u00e4hrleisten. Wenn Sie an einem Wettbewerb oder einer anderen Werbeaktion teilnehmen, k\u00f6nnen wir die von Ihnen bereitgestellten personenbezogenen Daten zur Durchf\u00fchrung dieser Programme verwenden. F\u00fcr einige dieser Aktivit\u00e4ten gelten zus\u00e4tzliche Regeln, die weitere Informationen zur Verwendung personenbezogener Daten enthalten k\u00f6nnen. Wir empfehlen Ihnen daher, diese Regeln vor der Teilnahme sorgf\u00e4ltig durchzulesen.<\/p>\n\n\n\n<h4 class=\"wp-block-heading\">\u2171. Kommunikation mit Ihnen:<\/h4>\n\n\n\n<p>Vorbehaltlich Ihrer vorherigen ausdr\u00fccklichen Zustimmung k\u00f6nnen wir personenbezogene Daten verwenden, um Ihnen Marketingmitteilungen zu unseren eigenen Produkten und Dienstleistungen zu senden, mit Ihnen \u00fcber Ihr Konto oder Ihre Transaktionen zu kommunizieren und Sie \u00fcber unsere Richtlinien und Bedingungen zu informieren. Wenn Sie keine E-Mail-Nachrichten mehr zu Marketingzwecken erhalten m\u00f6chten, kontaktieren Sie uns bitte, um sich abzumelden. Wir k\u00f6nnen Ihre Daten auch verwenden, um Ihre Anfragen zu bearbeiten und zu beantworten, wenn Sie uns kontaktieren.<\/p>\n\n\n\n<p><strong>NOTIZ:&nbsp;<\/strong>Beachten Sie, dass Sie f\u00fcr alle oben beschriebenen Verwendungszwecke Ihrer Daten, f\u00fcr die Ihre vorherige ausdr\u00fcckliche Zustimmung erforderlich ist, Ihre Zustimmung jederzeit widerrufen k\u00f6nnen, indem Sie uns kontaktieren.<\/p>\n\n\n\n<h2 class=\"wp-block-heading\">Ihre Rechte<\/h2>\n\n\n\n<p>Wir unternehmen angemessene Schritte, um sicherzustellen, dass Ihre personenbezogenen Daten richtig, vollst\u00e4ndig und aktuell sind. Sie haben das Recht, auf die von uns erhobenen personenbezogenen Daten zuzugreifen, sie zu korrigieren oder zu l\u00f6schen. Sie sind au\u00dferdem berechtigt, die weitere Verarbeitung Ihrer personenbezogenen Daten jederzeit einzuschr\u00e4nken oder ihr zu widersprechen. Sie haben das Recht, Ihre personenbezogenen Daten in einem strukturierten und standardisierten Format zu erhalten. Sie k\u00f6nnen bei der zust\u00e4ndigen Datenschutzbeh\u00f6rde Beschwerde \u00fcber die Verarbeitung Ihrer personenbezogenen Daten einreichen. Zum Schutz der Privatsph\u00e4re und der Sicherheit Ihrer personenbezogenen Daten k\u00f6nnen wir Daten von Ihnen anfordern, um Ihre Identit\u00e4t und Ihr Zugriffsrecht auf diese Daten zu best\u00e4tigen sowie die von uns gespeicherten personenbezogenen Daten zu suchen und Ihnen bereitzustellen. Es gibt F\u00e4lle, in denen geltende Gesetze oder beh\u00f6rdliche Anforderungen es uns erlauben oder vorschreiben, die Bereitstellung einiger oder aller von uns gespeicherten personenbezogenen Daten zu verweigern oder diese zu l\u00f6schen. Sie k\u00f6nnen uns kontaktieren, um Ihre Rechte auszu\u00fcben. Wir werden Ihre Anfrage innerhalb eines angemessenen Zeitraums und in jedem Fall innerhalb von 30 Tagen beantworten.<\/p>\n\n\n\n<h2 class=\"wp-block-heading\">Datensicherheit, -integrit\u00e4t und -aufbewahrung<\/h2>\n\n\n\n<p>Wir setzen angemessene technische, administrative und physische Sicherheitsma\u00dfnahmen ein, um Ihre Daten vor unbefugtem Zugriff zu sch\u00fctzen und die von uns erhobenen Daten korrekt zu verwenden. Wir speichern Ihre personenbezogenen Daten so lange, wie es f\u00fcr die Erf\u00fcllung der in dieser Datenschutzerkl\u00e4rung genannten Zwecke erforderlich ist, es sei denn, eine l\u00e4ngere Aufbewahrungsfrist ist gesetzlich vorgeschrieben oder zul\u00e4ssig.<\/p>\n\n\n\n<h2 class=\"wp-block-heading\">\u00c4nderungen dieser Datenschutzerkl\u00e4rung<\/h2>\n\n\n\n<p>Wir behalten uns das Recht vor, diese Datenschutzerkl\u00e4rung regelm\u00e4\u00dfig zu \u00e4ndern, um sie an neue Technologien, Branchenpraktiken und gesetzliche Anforderungen anzupassen. Ihre fortgesetzte Nutzung unserer Produkte und Dienstleistungen nach Inkrafttreten der Datenschutzerkl\u00e4rung setzt voraus, dass Sie die \u00fcberarbeitete Datenschutzerkl\u00e4rung akzeptieren. Sollten Sie der \u00fcberarbeiteten Datenschutzerkl\u00e4rung nicht zustimmen, sehen Sie bitte von der Nutzung unserer Produkte und Dienstleistungen ab und kontaktieren Sie uns, um Ihr Konto zu schlie\u00dfen.<\/p>\n\n\n\n<h2 class=\"wp-block-heading\">Kontaktieren Sie uns<\/h2>\n\n\n\n<p>Wenn Sie Fragen zu dieser Datenschutzerkl\u00e4rung oder ihrer Umsetzung haben, k\u00f6nnen Sie uns wie folgt erreichen:\u00a0<a href=\"mailto:info@pharmamachinecn.com\">info@pharmamachinecn.com<\/a>.<\/p>","protected":false},"excerpt":{"rendered":"<p>PRIVACY STATEMENT We take your privacy seriously and this privacy statement explains how pharmamachinecn.com (collectively, \u201cwe,\u201d \u201cus,\u201d or \u201cour\u201d) collect, [&hellip;]<\/p>\n","protected":false},"author":1,"featured_media":0,"parent":0,"menu_order":0,"comment_status":"closed","ping_status":"open","template":"","meta":{"_acf_changed":false,"site-sidebar-layout":"default","site-content-layout":"","ast-site-content-layout":"default","site-content-style":"default","site-sidebar-style":"default","ast-global-header-display":"","ast-banner-title-visibility":"","ast-main-header-display":"","ast-hfb-above-header-display":"","ast-hfb-below-header-display":"","ast-hfb-mobile-header-display":"","site-post-title":"","ast-breadcrumbs-content":"","ast-featured-img":"","footer-sml-layout":"","ast-disable-related-posts":"","theme-transparent-header-meta":"","adv-header-id-meta":"","stick-header-meta":"","header-above-stick-meta":"","header-main-stick-meta":"","header-below-stick-meta":"","astra-migrate-meta-layouts":"default","ast-page-background-enabled":"default","ast-page-background-meta":{"desktop":{"background-color":"var(--ast-global-color-5)","background-image":"","background-repeat":"repeat","background-position":"center center","background-size":"auto","background-attachment":"scroll","background-type":"","background-media":"","overlay-type":"","overlay-color":"","overlay-opacity":"","overlay-gradient":""},"tablet":{"background-color":"","background-image":"","background-repeat":"repeat","background-position":"center center","background-size":"auto","background-attachment":"scroll","background-type":"","background-media":"","overlay-type":"","overlay-color":"","overlay-opacity":"","overlay-gradient":""},"mobile":{"background-color":"","background-image":"","background-repeat":"repeat","background-position":"center center","background-size":"auto","background-attachment":"scroll","background-type":"","background-media":"","overlay-type":"","overlay-color":"","overlay-opacity":"","overlay-gradient":""}},"ast-content-background-meta":{"desktop":{"background-color":"var(--ast-global-color-4)","background-image":"","background-repeat":"repeat","background-position":"center center","background-size":"auto","background-attachment":"scroll","background-type":"","background-media":"","overlay-type":"","overlay-color":"","overlay-opacity":"","overlay-gradient":""},"tablet":{"background-color":"var(--ast-global-color-4)","background-image":"","background-repeat":"repeat","background-position":"center center","background-size":"auto","background-attachment":"scroll","background-type":"","background-media":"","overlay-type":"","overlay-color":"","overlay-opacity":"","overlay-gradient":""},"mobile":{"background-color":"var(--ast-global-color-4)","background-image":"","background-repeat":"repeat","background-position":"center center","background-size":"auto","background-attachment":"scroll","background-type":"","background-media":"","overlay-type":"","overlay-color":"","overlay-opacity":"","overlay-gradient":""}},"footnotes":""},"class_list":["post-3","page","type-page","status-publish","hentry"],"acf":[],"_links":{"self":[{"href":"https:\/\/pharmamachinecn.com\/de\/wp-json\/wp\/v2\/pages\/3","targetHints":{"allow":["GET"]}}],"collection":[{"href":"https:\/\/pharmamachinecn.com\/de\/wp-json\/wp\/v2\/pages"}],"about":[{"href":"https:\/\/pharmamachinecn.com\/de\/wp-json\/wp\/v2\/types\/page"}],"author":[{"embeddable":true,"href":"https:\/\/pharmamachinecn.com\/de\/wp-json\/wp\/v2\/users\/1"}],"replies":[{"embeddable":true,"href":"https:\/\/pharmamachinecn.com\/de\/wp-json\/wp\/v2\/comments?post=3"}],"version-history":[{"count":0,"href":"https:\/\/pharmamachinecn.com\/de\/wp-json\/wp\/v2\/pages\/3\/revisions"}],"wp:attachment":[{"href":"https:\/\/pharmamachinecn.com\/de\/wp-json\/wp\/v2\/media?parent=3"}],"curies":[{"name":"wp","href":"https:\/\/api.w.org\/{rel}","templated":true}]}}