{"id":7953,"date":"2025-10-21T06:11:06","date_gmt":"2025-10-21T06:11:06","guid":{"rendered":"https:\/\/pharmamachinecn.com\/?page_id=7953"},"modified":"2025-10-21T06:16:31","modified_gmt":"2025-10-21T06:16:31","slug":"dea-registration-for-tablet-press-machine","status":"publish","type":"page","link":"https:\/\/pharmamachinecn.com\/de\/dea-registration-for-tablet-press-machine\/","title":{"rendered":"DEA-Registrierung f\u00fcr Tablettenpresse"},"content":{"rendered":"<h3 class=\"wp-block-heading\"><strong>Informationen zur DEA-Registrierung f\u00fcr Tablettenpressen<\/strong><\/h3>\n\n\n\n<p>Bewerbung f\u00fcr ein \u201e<a href=\"https:\/\/deadiversion.usdoj.gov\/drugreg\/registration.html\" target=\"_blank\" rel=\"noopener\">DEA-Lizenz<\/a>\u201d f\u00fcr eine Tablettenpresse ist ein spezifischer Prozess, da die DEA nicht einfach die Maschine selbst \u201elizenziert\u201c. Stattdessen registriert sie die\u00a0<strong>Unternehmen und Standort<\/strong>\u00a0das kontrollierte Substanzen herstellen, vertreiben oder importieren wird und dann die Verwendung bestimmter Ger\u00e4te, wie etwa einer Tablettenpresse, als Teil dieser registrierten T\u00e4tigkeit genehmigt.<\/p>\n\n\n\n<p>Der Hauptunterschied besteht darin, dass Sie keine Lizenz beantragen&nbsp;<em>f\u00fcr die Maschine<\/em>, sondern vielmehr die Maschine als Teil Ihres Betriebs zur Herstellung oder Handhabung kontrollierter Substanzen einbeziehen, wof\u00fcr eine DEA-Registrierung erforderlich ist.<\/p>\n\n\n\n<p>Hier ist der schrittweise Prozess und die kritischen Anforderungen:<\/p>\n\n\n\n<h4 class=\"wp-block-heading\"><strong>Schritt 1: Bestimmen Sie Ihre Gesch\u00e4ftst\u00e4tigkeit und erhalten Sie die richtige DEA-Registrierung<\/strong><\/h4>\n\n\n\n<p>Zun\u00e4chst m\u00fcssen Sie eine DEA-Herstellerregistrierung (DEA-Formular 225) beantragen und erhalten. Dies ist die grundlegende Lizenz, die es einer Einrichtung erlaubt, sich mit der \u201eHerstellung\u201c kontrollierter Substanzen zu befassen, wozu auch der Tablettierungsprozess geh\u00f6rt.<\/p>\n\n\n\n<ul class=\"wp-block-list\">\n<li><strong>Voraussetzung:<\/strong>\u00a0Sie m\u00fcssen \u00fcber alle erforderlichen staatlichen und lokalen Gewerbelizenzen verf\u00fcgen, bevor die DEA Ihren Antrag genehmigt.<\/li>\n\n\n\n<li><strong>Anwendung:<\/strong>\u00a0Der Antrag wird online \u00fcber das Portal der Diversion Control Division der DEA eingereicht.\u00a0<strong><a href=\"https:\/\/ehs.oregonstate.edu\/sites\/ehs.oregonstate.edu\/files\/pdf\/dea_form_225_instructions.pdf\" target=\"_blank\" rel=\"noopener\">DEA-Formular 225<\/a><\/strong>.<\/li>\n\n\n\n<li><strong>Geb\u00fchr:<\/strong>\u00a0Mit dieser Anwendung ist eine erhebliche Registrierungsgeb\u00fchr verbunden (oft \u00fcber<strong> $3,000<\/strong> f\u00fcr eine dreij\u00e4hrige Registrierung, aber best\u00e4tigen Sie den aktuellen Betrag auf der DEA-Website).<\/li>\n<\/ul>\n\n\n\n<h4 class=\"wp-block-heading\"><strong>Schritt 2: Implementieren Sie strenge Sicherheitsma\u00dfnahmen<\/strong><\/h4>\n\n\n\n<p>Bevor Sie eine Tablettenpresse bestellen oder f\u00fcr kontrollierte Substanzen verwenden k\u00f6nnen, muss Ihre Anlage die Sicherheitsanforderungen der DEA erf\u00fcllen. Dies ist ein wichtiger Teil des Antrags und der anschlie\u00dfenden Inspektion.<\/p>\n\n\n\n<ul class=\"wp-block-list\">\n<li><strong>Physische Sicherheit:<\/strong>\u00a0Die Tablettenpresse muss in einem sicher verschlossenen Bereich (z. B. einem K\u00e4fig oder Tresor) untergebracht sein, der unbefugten Zugriff und Diebstahl verhindert. Die gesamte Anlage muss \u00fcber Alarmanlagen, \u00dcberwachungssysteme und kontrollierte Zugangspunkte verf\u00fcgen.<\/li>\n\n\n\n<li><strong>Hintergrund\u00fcberpr\u00fcfungen:<\/strong>\u00a0Alle Mitarbeiter, die Zugang zu den kontrollierten Substanzen oder dem Tablettierungsbereich haben, m\u00fcssen einer gr\u00fcndlichen Hintergrund\u00fcberpr\u00fcfung unterzogen werden.<\/li>\n<\/ul>\n\n\n\n<h4 class=\"wp-block-heading\"><strong>Schritt 3: Melden Sie den Erwerb der Tablettenpresse<\/strong><\/h4>\n\n\n\n<p>Dies ist der wichtigste Schritt im Zusammenhang mit Ihrer Frage. Eine Tablettenpresse gilt gem\u00e4\u00df dem Bet\u00e4ubungsmittelgesetz als \u201eregulierte Maschine\u201c.<\/p>\n\n\n\n<ul class=\"wp-block-list\">\n<li><strong>Erfordernis:<\/strong>\u00a0Sie m\u00fcssen eine\u00a0<strong>Bericht \u00fcber regulierte Transaktionen (<a href=\"https:\/\/deadiversion.usdoj.gov\/21cfr_reports\/reg_machines\/reg-machines.html\" target=\"_blank\" rel=\"noopener\">DEA-Formular 452<\/a>)<\/strong>\u00a0mit dem Office of Diversion Control der DEA.<\/li>\n\n\n\n<li><strong>Zeitleiste:<\/strong>\u00a0Dieser Bericht muss eingereicht werden\u00a0<strong>mindestens 15 Tage vorher<\/strong>\u00a0bis zur \u00dcbernahme der Maschine (d. h. bevor sie an Ihre Einrichtung geliefert wird).<\/li>\n\n\n\n<li><strong>Erforderliche Informationen:<\/strong>\u00a0Das Formular erfordert detaillierte Informationen \u00fcber die Maschine (Marke, Modell, Seriennummer) und den Lieferanten, von dem Sie sie kaufen.<\/li>\n\n\n\n<li><strong>Laufende Verantwortung:<\/strong>\u00a0Sie m\u00fcssen auch einen \u00e4hnlichen Bericht einreichen, wenn Sie die Tablettenpresse jemals verkaufen, \u00fcbertragen oder entsorgen.<\/li>\n<\/ul>\n\n\n\n<h4 class=\"wp-block-heading\"><strong>Schritt 4: Bereiten Sie sich auf eine Inspektion vor der Registrierung vor<\/strong><\/h4>\n\n\n\n<p>Sobald Ihr Antrag auf DEA-Formular 225 gepr\u00fcft wurde, wird die DEA wahrscheinlich eine Vor-Ort-Inspektion Ihrer Einrichtung durchf\u00fchren. Sie wird Folgendes \u00fcberpr\u00fcfen:<\/p>\n\n\n\n<ul class=\"wp-block-list\">\n<li>Die Sicherheitsma\u00dfnahmen f\u00fcr die gesamte Anlage und den konkreten Standort der Tablettenpresse.<\/li>\n\n\n\n<li>Ihre Aufzeichnungssysteme f\u00fcr die Bestellung und Handhabung kontrollierter Rohstoffe (z. B. APIs \u2013 Active Pharmaceutical Ingredients).<\/li>\n\n\n\n<li>Ihre Verfahren zur Abfallentsorgung und Schadensverh\u00fctung.<\/li>\n\n\n\n<li>Die Qualifikationen Ihrer Schl\u00fcsselmitarbeiter.<\/li>\n<\/ul>\n\n\n\n<p><strong>Ihre Registrierung wird erst genehmigt, wenn Sie diese Pr\u00fcfung bestanden haben.<\/strong><\/p>\n\n\n\n<h4 class=\"wp-block-heading\"><strong>Zusammenfassung der wichtigsten Punkte<\/strong><\/h4>\n\n\n\n<ul class=\"wp-block-list\">\n<li><strong>Sie k\u00f6nnen keine \u201eLizenz f\u00fcr eine Maschine\u201c erhalten.<\/strong>\u00a0Sie erhalten eine Registrierung f\u00fcr Ihre Gesch\u00e4ftst\u00e4tigkeit (Herstellung) und melden die jeweilige Maschine dann der DEA.<\/li>\n\n\n\n<li>Der Prozess ist sequentiell:\n<ol start=\"1\" class=\"wp-block-list\">\n<li>Besorgen Sie sich alle staatlichen\/lokalen Lizenzen.<\/li>\n\n\n\n<li>Beantragen Sie eine DEA-Herstellerregistrierung (Formular 225).<\/li>\n\n\n\n<li>Reichen Sie gleichzeitig mindestens 15 Tage vor dem Erwerb der Tablettenpresse einen Bericht \u00fcber regulierte Transaktionen (Formular 452) ein.<\/li>\n\n\n\n<li>Bestehen Sie die Vorregistrierungspr\u00fcfung der DEA.<\/li>\n<\/ol>\n<\/li>\n\n\n\n<li>Sicherheit und Datenspeicherung sind nicht verhandelbar und werden streng gepr\u00fcft.<\/li>\n<\/ul>\n\n\n\n<h4 class=\"wp-block-heading\"><strong>Wichtiger Warnhinweis<\/strong><\/h4>\n\n\n\n<p>Die DEA \u00fcberwacht Tablettenpressen und andere Kapselungsmaschinen sehr genau, da sie ein hohes Potenzial f\u00fcr die Abzweigung zur Herstellung illegaler Drogen (wie gef\u00e4lschter verschreibungspflichtiger Medikamente mit Fentanyl) aufweisen. Jeder Fehler im Antragsverfahren, im Sicherheitsprotokoll oder bei der Dokumentation kann zur sofortigen Ablehnung Ihres Antrags, zum Widerruf einer bestehenden Registrierung oder zu schweren rechtlichen Konsequenzen f\u00fchren.<\/p>\n\n\n\n<p><strong>Haftungsausschluss:<\/strong>\u00a0<em>Diese Informationen dienen nur als Orientierung und stellen keine Rechtsberatung dar. Der Regulierungsprozess der DEA ist komplex und unterliegt \u00c4nderungen. Sie m\u00fcssen sich direkt an die<a href=\"https:\/\/www.dea.gov\/operational-division\/diversion\" target=\"_blank\" rel=\"noopener\"> Diversion Control Division der US Drug Enforcement Administration<\/a> und suchen Sie qualifizierten Rechtsbeistand, um die vollst\u00e4ndige Einhaltung sicherzustellen.<\/em><\/p>","protected":false},"excerpt":{"rendered":"<p>Understanding DEA Registration for Tablet Press Machines Applying for a &#8220;DEA license&#8221; for a tablet press machine involves a specific [&hellip;]<\/p>\n","protected":false},"author":1,"featured_media":0,"parent":0,"menu_order":0,"comment_status":"closed","ping_status":"closed","template":"","meta":{"_acf_changed":false,"site-sidebar-layout":"default","site-content-layout":"","ast-site-content-layout":"default","site-content-style":"default","site-sidebar-style":"default","ast-global-header-display":"","ast-banner-title-visibility":"","ast-main-header-display":"","ast-hfb-above-header-display":"","ast-hfb-below-header-display":"","ast-hfb-mobile-header-display":"","site-post-title":"","ast-breadcrumbs-content":"","ast-featured-img":"","footer-sml-layout":"","ast-disable-related-posts":"","theme-transparent-header-meta":"","adv-header-id-meta":"","stick-header-meta":"","header-above-stick-meta":"","header-main-stick-meta":"","header-below-stick-meta":"","astra-migrate-meta-layouts":"default","ast-page-background-enabled":"default","ast-page-background-meta":{"desktop":{"background-color":"var(--ast-global-color-5)","background-image":"","background-repeat":"repeat","background-position":"center center","background-size":"auto","background-attachment":"scroll","background-type":"","background-media":"","overlay-type":"","overlay-color":"","overlay-opacity":"","overlay-gradient":""},"tablet":{"background-color":"","background-image":"","background-repeat":"repeat","background-position":"center center","background-size":"auto","background-attachment":"scroll","background-type":"","background-media":"","overlay-type":"","overlay-color":"","overlay-opacity":"","overlay-gradient":""},"mobile":{"background-color":"","background-image":"","background-repeat":"repeat","background-position":"center center","background-size":"auto","background-attachment":"scroll","background-type":"","background-media":"","overlay-type":"","overlay-color":"","overlay-opacity":"","overlay-gradient":""}},"ast-content-background-meta":{"desktop":{"background-color":"var(--ast-global-color-4)","background-image":"","background-repeat":"repeat","background-position":"center center","background-size":"auto","background-attachment":"scroll","background-type":"","background-media":"","overlay-type":"","overlay-color":"","overlay-opacity":"","overlay-gradient":""},"tablet":{"background-color":"var(--ast-global-color-4)","background-image":"","background-repeat":"repeat","background-position":"center center","background-size":"auto","background-attachment":"scroll","background-type":"","background-media":"","overlay-type":"","overlay-color":"","overlay-opacity":"","overlay-gradient":""},"mobile":{"background-color":"var(--ast-global-color-4)","background-image":"","background-repeat":"repeat","background-position":"center center","background-size":"auto","background-attachment":"scroll","background-type":"","background-media":"","overlay-type":"","overlay-color":"","overlay-opacity":"","overlay-gradient":""}},"footnotes":""},"class_list":["post-7953","page","type-page","status-publish","hentry"],"acf":[],"_links":{"self":[{"href":"https:\/\/pharmamachinecn.com\/de\/wp-json\/wp\/v2\/pages\/7953","targetHints":{"allow":["GET"]}}],"collection":[{"href":"https:\/\/pharmamachinecn.com\/de\/wp-json\/wp\/v2\/pages"}],"about":[{"href":"https:\/\/pharmamachinecn.com\/de\/wp-json\/wp\/v2\/types\/page"}],"author":[{"embeddable":true,"href":"https:\/\/pharmamachinecn.com\/de\/wp-json\/wp\/v2\/users\/1"}],"replies":[{"embeddable":true,"href":"https:\/\/pharmamachinecn.com\/de\/wp-json\/wp\/v2\/comments?post=7953"}],"version-history":[{"count":2,"href":"https:\/\/pharmamachinecn.com\/de\/wp-json\/wp\/v2\/pages\/7953\/revisions"}],"predecessor-version":[{"id":7955,"href":"https:\/\/pharmamachinecn.com\/de\/wp-json\/wp\/v2\/pages\/7953\/revisions\/7955"}],"wp:attachment":[{"href":"https:\/\/pharmamachinecn.com\/de\/wp-json\/wp\/v2\/media?parent=7953"}],"curies":[{"name":"wp","href":"https:\/\/api.w.org\/{rel}","templated":true}]}}