{"id":3970,"date":"2025-07-25T06:00:10","date_gmt":"2025-07-25T06:00:10","guid":{"rendered":"https:\/\/pharmamachinecn.com\/?post_type=product&#038;p=3970"},"modified":"2025-08-04T07:50:22","modified_gmt":"2025-08-04T07:50:22","slug":"bg-260-tablet-pill-film-coating-machine","status":"publish","type":"product","link":"https:\/\/pharmamachinecn.com\/de\/bg-260-tablet-pill-film-coating-machine\/","title":{"rendered":"BG-260 Tabletten-Pillenfilmbeschichtungsmaschine"},"content":{"rendered":"<div data-elementor-type=\"product-post\" data-elementor-id=\"3970\" class=\"elementor elementor-3970\" data-elementor-post-type=\"product\">\n\t\t\t\t\t\t<section class=\"elementor-section elementor-top-section elementor-element elementor-element-70eac244 elementor-section-boxed elementor-section-height-default elementor-section-height-default\" data-id=\"70eac244\" data-element_type=\"section\" data-e-type=\"section\">\n\t\t\t\t\t\t<div class=\"elementor-container elementor-column-gap-default\">\n\t\t\t\t\t<div class=\"elementor-column elementor-col-100 elementor-top-column elementor-element elementor-element-3cf34980\" data-id=\"3cf34980\" data-element_type=\"column\" data-e-type=\"column\">\n\t\t\t<div class=\"elementor-widget-wrap elementor-element-populated\">\n\t\t\t\t\t\t<div class=\"elementor-element elementor-element-700ab4b9 elementor-widget elementor-widget-text-editor\" data-id=\"700ab4b9\" data-element_type=\"widget\" data-e-type=\"widget\" data-widget_type=\"text-editor.default\">\n\t\t\t\t<div class=\"elementor-widget-container\">\n\t\t\t\t\t\t\t\t\t<p>1. Es verwendet den deutschen Siemens PLC-Touchscreen<strong> f\u00fcr Temperaturmodul-Steuerungssystem<\/strong> und zeichnet sich durch eine Bildanzeige, einfache Bedienung, Energieeinsparungen und die Einhaltung der GMP-Standards aus.<\/p>\n<p>2. <b>Hochwertiges Montagezubeh\u00f6r:<\/b><strong> <\/strong>Der Filmbeschichtungshost, der hocheffiziente Hei\u00dfluftfilter, der Staubentfernungsventilator, die Spr\u00fchvorrichtung und andere Teile, die mit dem Rohmaterial in Kontakt kommen, bestehen aus <b>Edelstahl 316L.<\/b><\/p>\n<p>3. <strong>Alle Prozesse werden \u00fcber den SPS-Touchscreen gesteuert<\/strong>, die automatisch oder manuell gesteuert werden k\u00f6nnen.<\/p>\n<p>4. Die Beschichtung erfolgt in einer vollst\u00e4ndig geschlossenen Umgebung, um <b>verhindern Staub und Schlamm<\/b> vor dem \u00dcberlaufen; die Oberfl\u00e4che der Box ist poliert, um Lichtverschmutzung zu vermeiden.<\/p>\n<p>5. Das Antriebssystem hat <strong>ein explosionsgesch\u00fctzter Untersetzungsmotor<\/strong> Und <strong>eine Kettenradgetriebevorrichtung<\/strong>, die variable Frequenzen und stufenlose Geschwindigkeits\u00e4nderungen erm\u00f6glichen.<\/p>\n<p>6. Der Staubabsaugventilator kann die Luft nach drau\u00dfen absaugen, um eine Beeintr\u00e4chtigung der <b>zentrale Klimaanlage<\/b>, Energie sparen. Die Sauberkeit kann erreichen <b>100.000 Level<\/b>Die Spritzpistole ist eine <b>WA-101<\/b> aus Japan importiert, mit gutem Zerst\u00e4ubungseffekt, ohne D\u00fcsenverstopfung, einstellbarem Spr\u00fchvolumen und -winkel, einfacher Struktur und einfacher Reinigung.<\/p>\t\t\t\t\t\t\t\t<\/div>\n\t\t\t\t<\/div>\n\t\t\t\t\t<\/div>\n\t\t<\/div>\n\t\t\t\t\t<\/div>\n\t\t<\/section>\n\t\t\t\t<\/div>","protected":false},"excerpt":{"rendered":"<p>Diese Beschichtungsmaschine ist weit verbreitet <strong>in der Pharma-, Lebensmittel- und Biopharmaindustrie<\/strong>.<\/p>\n<p>Verf\u00fcgbarer Mantel mit <strong>organische Folie, wasserl\u00f6sliche Folie oder Zucker\u00fcberzug f\u00fcr Tabletten, Pillen, Zucker <\/strong>und andere Materialien (um eine kontrollierte oder anhaltende Freisetzung von Arzneimitteln zu erreichen).<\/p>\n<p>Diese Maschine hat ein sch\u00f6nes Aussehen, hohe Effizienz, niedrigen Energieverbrauch und geringe Gr\u00f6\u00dfe. Es wird von vielen Herstellern verwendet und hat erfolgreich bestanden <strong>GMP-Zertifizierung.<\/strong><\/p>\n<p><img fetchpriority=\"high\" decoding=\"async\" class=\"alignnone size-full wp-image-4719\" src=\"https:\/\/pharmamachinecn.com\/wp-content\/uploads\/2025\/07\/0-1.png\" alt=\"\" width=\"688\" height=\"479\" srcset=\"https:\/\/pharmamachinecn.com\/wp-content\/uploads\/2025\/07\/0-1.png 688w, https:\/\/pharmamachinecn.com\/wp-content\/uploads\/2025\/07\/0-1-600x418.png 600w, https:\/\/pharmamachinecn.com\/wp-content\/uploads\/2025\/07\/0-1-300x209.png 300w, https:\/\/pharmamachinecn.com\/wp-content\/uploads\/2025\/07\/0-1-18x12.png 18w\" sizes=\"(max-width: 688px) 100vw, 688px\" \/><\/p>\n<p>&nbsp;<\/p>","protected":false},"featured_media":3972,"comment_status":"open","ping_status":"closed","template":"","meta":{"_acf_changed":false,"site-sidebar-layout":"default","site-content-layout":"","ast-site-content-layout":"default","site-content-style":"default","site-sidebar-style":"default","ast-global-header-display":"","ast-banner-title-visibility":"","ast-main-header-display":"","ast-hfb-above-header-display":"","ast-hfb-below-header-display":"","ast-hfb-mobile-header-display":"","site-post-title":"","ast-breadcrumbs-content":"","ast-featured-img":"","footer-sml-layout":"","ast-disable-related-posts":"","theme-transparent-header-meta":"default","adv-header-id-meta":"","stick-header-meta":"","header-above-stick-meta":"","header-main-stick-meta":"","header-below-stick-meta":"","astra-migrate-meta-layouts":"set","ast-page-background-enabled":"default","ast-page-background-meta":{"desktop":{"background-color":"var(--ast-global-color-5)","background-image":"","background-repeat":"repeat","background-position":"center center","background-size":"auto","background-attachment":"scroll","background-type":"","background-media":"","overlay-type":"","overlay-color":"","overlay-opacity":"","overlay-gradient":""},"tablet":{"background-color":"","background-image":"","background-repeat":"repeat","background-position":"center center","background-size":"auto","background-attachment":"scroll","background-type":"","background-media":"","overlay-type":"","overlay-color":"","overlay-opacity":"","overlay-gradient":""},"mobile":{"background-color":"","background-image":"","background-repeat":"repeat","background-position":"center center","background-size":"auto","background-attachment":"scroll","background-type":"","background-media":"","overlay-type":"","overlay-color":"","overlay-opacity":"","overlay-gradient":""}},"ast-content-background-meta":{"desktop":{"background-color":"var(--ast-global-color-4)","background-image":"","background-repeat":"repeat","background-position":"center center","background-size":"auto","background-attachment":"scroll","background-type":"","background-media":"","overlay-type":"","overlay-color":"","overlay-opacity":"","overlay-gradient":""},"tablet":{"background-color":"var(--ast-global-color-4)","background-image":"","background-repeat":"repeat","background-position":"center center","background-size":"auto","background-attachment":"scroll","background-type":"","background-media":"","overlay-type":"","overlay-color":"","overlay-opacity":"","overlay-gradient":""},"mobile":{"background-color":"var(--ast-global-color-4)","background-image":"","background-repeat":"repeat","background-position":"center center","background-size":"auto","background-attachment":"scroll","background-type":"","background-media":"","overlay-type":"","overlay-color":"","overlay-opacity":"","overlay-gradient":""}}},"design":[],"product_brand":[],"product_cat":[35],"product_tag":[],"class_list":{"0":"post-3970","1":"product","2":"type-product","3":"status-publish","4":"has-post-thumbnail","6":"product_cat-tablet-pill-film-coating-machine","7":"desktop-align-left","8":"tablet-align-left","9":"mobile-align-left","11":"first","12":"instock","13":"shipping-taxable","14":"product-type-simple"},"acf":[],"_links":{"self":[{"href":"https:\/\/pharmamachinecn.com\/de\/wp-json\/wp\/v2\/product\/3970","targetHints":{"allow":["GET"]}}],"collection":[{"href":"https:\/\/pharmamachinecn.com\/de\/wp-json\/wp\/v2\/product"}],"about":[{"href":"https:\/\/pharmamachinecn.com\/de\/wp-json\/wp\/v2\/types\/product"}],"replies":[{"embeddable":true,"href":"https:\/\/pharmamachinecn.com\/de\/wp-json\/wp\/v2\/comments?post=3970"}],"version-history":[{"count":1,"href":"https:\/\/pharmamachinecn.com\/de\/wp-json\/wp\/v2\/product\/3970\/revisions"}],"predecessor-version":[{"id":5307,"href":"https:\/\/pharmamachinecn.com\/de\/wp-json\/wp\/v2\/product\/3970\/revisions\/5307"}],"wp:featuredmedia":[{"embeddable":true,"href":"https:\/\/pharmamachinecn.com\/de\/wp-json\/wp\/v2\/media\/3972"}],"wp:attachment":[{"href":"https:\/\/pharmamachinecn.com\/de\/wp-json\/wp\/v2\/media?parent=3970"}],"wp:term":[{"taxonomy":"design","embeddable":true,"href":"https:\/\/pharmamachinecn.com\/de\/wp-json\/wp\/v2\/design?post=3970"},{"taxonomy":"product_brand","embeddable":true,"href":"https:\/\/pharmamachinecn.com\/de\/wp-json\/wp\/v2\/product_brand?post=3970"},{"taxonomy":"product_cat","embeddable":true,"href":"https:\/\/pharmamachinecn.com\/de\/wp-json\/wp\/v2\/product_cat?post=3970"},{"taxonomy":"product_tag","embeddable":true,"href":"https:\/\/pharmamachinecn.com\/de\/wp-json\/wp\/v2\/product_tag?post=3970"}],"curies":[{"name":"wp","href":"https:\/\/api.w.org\/{rel}","templated":true}]}}