{"id":1452,"date":"2025-07-10T07:58:38","date_gmt":"2025-07-10T07:58:38","guid":{"rendered":"https:\/\/pharmamachinecn.com\/?page_id=1452"},"modified":"2025-07-10T07:58:41","modified_gmt":"2025-07-10T07:58:41","slug":"refund-and-returns-policy","status":"publish","type":"page","link":"https:\/\/pharmamachinecn.com\/es\/refund-and-returns-policy\/","title":{"rendered":"Pol\u00edtica de reembolsos y devoluciones"},"content":{"rendered":"<h2 class=\"wp-block-heading\"><strong>Cancelaci\u00f3n y reembolso<\/strong><strong><\/strong><\/h2>\n\n\n\n<p>Solo aceptamos cancelaciones dentro de las 24 horas posteriores a su pedido y le reembolsamos el importe. Tenga en cuenta que el pedido no se puede cancelar si ya est\u00e1 en producci\u00f3n o enviado.<\/p>\n\n\n\n<h2 class=\"wp-block-heading\"><strong>Devoluciones<\/strong><strong><\/strong><\/h2>\n\n\n\n<p>No aceptamos devoluciones de productos. En caso de da\u00f1os no humanos, si los accesorios del producto afectan su funcionamiento normal, podemos proporcionarle accesorios nuevos sin costo y envi\u00e1rselos, pero usted deber\u00e1 asumir los gastos de env\u00edo.<\/p>\n\n\n\n<h2 class=\"wp-block-heading\"><strong>Reembolsos tard\u00edos o faltantes<\/strong><strong><\/strong><\/h2>\n\n\n\n<p>Si a\u00fan no ha recibido un reembolso, primero revise su cuenta bancaria.<\/p>\n\n\n\n<p>Luego, comun\u00edquese con la compa\u00f1\u00eda de su tarjeta de cr\u00e9dito; puede tomar alg\u00fan tiempo antes de que su reembolso se publique oficialmente.<\/p>\n\n\n\n<p>A continuaci\u00f3n, contacte con su banco. Suele haber un tiempo de procesamiento antes de que se publique el reembolso. Si ya ha hecho todo esto y a\u00fan no ha recibido su reembolso, p\u00f3ngase en contacto con nosotros en\u00a0<a href=\"mailto:info@pharmamachinecn.com\">info@pharmamachinecn.com<\/a>.<\/p>\n\n\n\n<p>Cont\u00e1ctenos para preguntas relacionadas con reembolsos y devoluciones.<\/p>\n\n\n\n<p><\/p>","protected":false},"excerpt":{"rendered":"<p>Cancellation and Refund We only accept cancellations within 24 hours of your order and refund the fee to you. Please [&hellip;]<\/p>\n","protected":false},"author":1,"featured_media":0,"parent":0,"menu_order":0,"comment_status":"closed","ping_status":"closed","template":"","meta":{"_acf_changed":false,"site-sidebar-layout":"default","site-content-layout":"","ast-site-content-layout":"default","site-content-style":"default","site-sidebar-style":"default","ast-global-header-display":"","ast-banner-title-visibility":"","ast-main-header-display":"","ast-hfb-above-header-display":"","ast-hfb-below-header-display":"","ast-hfb-mobile-header-display":"","site-post-title":"","ast-breadcrumbs-content":"","ast-featured-img":"","footer-sml-layout":"","ast-disable-related-posts":"","theme-transparent-header-meta":"","adv-header-id-meta":"","stick-header-meta":"","header-above-stick-meta":"","header-main-stick-meta":"","header-below-stick-meta":"","astra-migrate-meta-layouts":"default","ast-page-background-enabled":"default","ast-page-background-meta":{"desktop":{"background-color":"var(--ast-global-color-5)","background-image":"","background-repeat":"repeat","background-position":"center center","background-size":"auto","background-attachment":"scroll","background-type":"","background-media":"","overlay-type":"","overlay-color":"","overlay-opacity":"","overlay-gradient":""},"tablet":{"background-color":"","background-image":"","background-repeat":"repeat","background-position":"center center","background-size":"auto","background-attachment":"scroll","background-type":"","background-media":"","overlay-type":"","overlay-color":"","overlay-opacity":"","overlay-gradient":""},"mobile":{"background-color":"","background-image":"","background-repeat":"repeat","background-position":"center center","background-size":"auto","background-attachment":"scroll","background-type":"","background-media":"","overlay-type":"","overlay-color":"","overlay-opacity":"","overlay-gradient":""}},"ast-content-background-meta":{"desktop":{"background-color":"var(--ast-global-color-4)","background-image":"","background-repeat":"repeat","background-position":"center center","background-size":"auto","background-attachment":"scroll","background-type":"","background-media":"","overlay-type":"","overlay-color":"","overlay-opacity":"","overlay-gradient":""},"tablet":{"background-color":"var(--ast-global-color-4)","background-image":"","background-repeat":"repeat","background-position":"center center","background-size":"auto","background-attachment":"scroll","background-type":"","background-media":"","overlay-type":"","overlay-color":"","overlay-opacity":"","overlay-gradient":""},"mobile":{"background-color":"var(--ast-global-color-4)","background-image":"","background-repeat":"repeat","background-position":"center center","background-size":"auto","background-attachment":"scroll","background-type":"","background-media":"","overlay-type":"","overlay-color":"","overlay-opacity":"","overlay-gradient":""}},"footnotes":""},"class_list":["post-1452","page","type-page","status-publish","hentry"],"acf":[],"_links":{"self":[{"href":"https:\/\/pharmamachinecn.com\/es\/wp-json\/wp\/v2\/pages\/1452","targetHints":{"allow":["GET"]}}],"collection":[{"href":"https:\/\/pharmamachinecn.com\/es\/wp-json\/wp\/v2\/pages"}],"about":[{"href":"https:\/\/pharmamachinecn.com\/es\/wp-json\/wp\/v2\/types\/page"}],"author":[{"embeddable":true,"href":"https:\/\/pharmamachinecn.com\/es\/wp-json\/wp\/v2\/users\/1"}],"replies":[{"embeddable":true,"href":"https:\/\/pharmamachinecn.com\/es\/wp-json\/wp\/v2\/comments?post=1452"}],"version-history":[{"count":0,"href":"https:\/\/pharmamachinecn.com\/es\/wp-json\/wp\/v2\/pages\/1452\/revisions"}],"wp:attachment":[{"href":"https:\/\/pharmamachinecn.com\/es\/wp-json\/wp\/v2\/media?parent=1452"}],"curies":[{"name":"gracias","href":"https:\/\/api.w.org\/{rel}","templated":true}]}}