{"id":3,"date":"2025-06-11T00:43:22","date_gmt":"2025-06-11T00:43:22","guid":{"rendered":"https:\/\/pharmamachinecn.com\/?page_id=3"},"modified":"2025-07-10T07:57:12","modified_gmt":"2025-07-10T07:57:12","slug":"privacy-policy","status":"publish","type":"page","link":"https:\/\/pharmamachinecn.com\/es\/privacy-policy\/","title":{"rendered":"pol\u00edtica de privacidad"},"content":{"rendered":"<h2 class=\"wp-block-heading\">DECLARACI\u00d3N DE PRIVACIDAD<\/h2>\n\n\n\n<p>Nos tomamos su privacidad muy en serio y esta declaraci\u00f3n de privacidad explica c\u00f3mo pharmamachinecn.com (colectivamente, \u201cnosotros\u201d, \u201cnos\u201d o \u201cnuestro\u201d) recopila, usa, comparte y procesa su informaci\u00f3n.<\/p>\n\n\n\n<h3 class=\"wp-block-heading\">Recopilaci\u00f3n y uso de datos personales<\/h3>\n\n\n\n<p>Los datos personales son informaci\u00f3n que puede utilizarse para identificarle, directa o indirectamente. Tambi\u00e9n incluyen datos an\u00f3nimos vinculados a informaci\u00f3n que puede utilizarse para identificarle, directa o indirectamente. No incluyen datos que hayan sido anonimizados o agregados de forma irreversible, de modo que ya no nos permitan identificarle, ya sea en combinaci\u00f3n con otra informaci\u00f3n o de otro modo.<\/p>\n\n\n\n<h3 class=\"wp-block-heading\">Promoci\u00f3n de la seguridad y la protecci\u00f3n<\/h3>\n\n\n\n<p>Nos regimos por los principios de legalidad, legitimidad y transparencia, utilizamos y procesamos la menor cantidad de datos posible dentro de un \u00e1mbito de aplicaci\u00f3n limitado, y tomamos medidas t\u00e9cnicas y administrativas para proteger la seguridad de los datos. Utilizamos datos personales para verificar las cuentas y la actividad de los usuarios, as\u00ed como para promover la seguridad, por ejemplo, mediante la monitorizaci\u00f3n del fraude y la investigaci\u00f3n de actividades sospechosas o potencialmente ilegales, o infracciones de nuestros t\u00e9rminos y pol\u00edticas. Dicho procesamiento se basa en nuestro inter\u00e9s leg\u00edtimo en garantizar la seguridad de nuestros productos y servicios.<\/p>\n\n\n\n<p>A continuaci\u00f3n se incluye una descripci\u00f3n de los tipos de datos personales que podemos recopilar y c\u00f3mo podemos utilizarlos:<\/p>\n\n\n\n<h3 class=\"wp-block-heading\">Qu\u00e9 datos personales recopilamos<\/h3>\n\n\n\n<h4 class=\"wp-block-heading\">\u2170. Datos que usted proporciona:<\/h4>\n\n\n\n<p>Recopilamos los datos personales que nos proporciona al utilizar nuestros productos y servicios o al interactuar con nosotros de cualquier otra forma, como al crear una cuenta, contactarnos, participar en una encuesta en l\u00ednea o utilizar nuestra ayuda o nuestro chat en l\u00ednea. Si realiza una compra, recopilamos datos personales relacionados con ella. Estos datos incluyen sus datos de pago, como el n\u00famero de su tarjeta de cr\u00e9dito o d\u00e9bito y otra informaci\u00f3n de la tarjeta, as\u00ed como informaci\u00f3n de cuenta y autenticaci\u00f3n, as\u00ed como datos de facturaci\u00f3n, env\u00edo y contacto.<\/p>\n\n\n\n<h4 class=\"wp-block-heading\">\u2171. Datos sobre el uso de nuestros servicios y productos:<\/h4>\n\n\n\n<p>Al visitar nuestros sitios web, podemos recopilar datos sobre el tipo de dispositivo que utiliza, su identificador \u00fanico, su direcci\u00f3n IP, su sistema operativo, el tipo de navegador de internet que utiliza, informaci\u00f3n de uso, informaci\u00f3n de diagn\u00f3stico e informaci\u00f3n de ubicaci\u00f3n de las computadoras, tel\u00e9fonos u otros dispositivos en los que instala o accede a nuestros productos o servicios. Cuando sea posible, nuestros servicios pueden utilizar GPS, su direcci\u00f3n IP y otras tecnolog\u00edas para determinar la ubicaci\u00f3n aproximada de un dispositivo y as\u00ed poder mejorar nuestros productos y servicios.<\/p>\n\n\n\n<h3 class=\"wp-block-heading\">C\u00f3mo usamos sus datos personales<\/h3>\n\n\n\n<p>En t\u00e9rminos generales, utilizamos datos personales para proporcionar, mejorar y desarrollar nuestros productos y servicios, para comunicarnos con usted, para ofrecerle anuncios y servicios espec\u00edficos y para protegernos a nosotros y a nuestros clientes.<\/p>\n\n\n\n<h4 class=\"wp-block-heading\">\u2170. Proporcionar, mejorar y desarrollar nuestros productos y servicios:<\/h4>\n\n\n\n<p>Utilizamos datos personales para ofrecer, mejorar y desarrollar nuestros productos, servicios y publicidad. Esto incluye el uso de datos personales para fines como an\u00e1lisis de datos, investigaci\u00f3n y auditor\u00edas. Dicho tratamiento se basa en nuestro inter\u00e9s leg\u00edtimo en ofrecerle productos y servicios, as\u00ed como en la continuidad del negocio. Si participa en un concurso u otra promoci\u00f3n, podremos utilizar los datos personales que nos proporcione para administrar dichos programas. Algunas de estas actividades tienen normas adicionales, que pueden contener informaci\u00f3n adicional sobre c\u00f3mo utilizamos los datos personales, por lo que le recomendamos leerlas detenidamente antes de participar.<\/p>\n\n\n\n<h4 class=\"wp-block-heading\">\u2171. Comunicarnos con usted:<\/h4>\n\n\n\n<p>Con su consentimiento expreso previo, podremos utilizar sus datos personales para enviarle comunicaciones de marketing sobre nuestros productos y servicios, comunicarnos con usted sobre su cuenta o transacciones, e informarle sobre nuestras pol\u00edticas y condiciones. Si ya no desea recibir comunicaciones de marketing por correo electr\u00f3nico, p\u00f3ngase en contacto con nosotros para darse de baja. Tambi\u00e9n podremos utilizar sus datos para procesar y responder a sus solicitudes cuando se ponga en contacto con nosotros.<\/p>\n\n\n\n<p><strong>NOTA:&nbsp;<\/strong>Para cualquiera de los usos de sus datos descritos anteriormente que requieran su consentimiento expreso previo, tenga en cuenta que puede retirar su consentimiento poni\u00e9ndose en contacto con nosotros.<\/p>\n\n\n\n<h2 class=\"wp-block-heading\">Sus derechos<\/h2>\n\n\n\n<p>Tomamos medidas razonables para garantizar que sus datos personales sean precisos, completos y actualizados. Tiene derecho a acceder, corregir o eliminar los datos personales que recopilamos. Tambi\u00e9n tiene derecho a restringir u oponerse, en cualquier momento, al procesamiento posterior de sus datos personales. Tiene derecho a recibir sus datos personales en un formato estructurado y est\u00e1ndar. Puede presentar una queja ante la autoridad de protecci\u00f3n de datos competente con respecto al procesamiento de sus datos personales. Para proteger la privacidad y la seguridad de sus datos personales, podemos solicitarle datos que nos permitan confirmar su identidad y derecho a acceder a dichos datos, as\u00ed como para buscar y proporcionarle los datos personales que mantenemos. Hay casos en los que las leyes aplicables o los requisitos reglamentarios nos permiten o nos exigen negarnos a proporcionar o eliminar algunos o todos los datos personales que mantenemos. Puede Contactarnos para ejercer sus derechos. Responderemos a su solicitud en un plazo razonable y, en cualquier caso, en menos de 30 d\u00edas.<\/p>\n\n\n\n<h2 class=\"wp-block-heading\">Seguridad, integridad y retenci\u00f3n de datos<\/h2>\n\n\n\n<p>Utilizamos medidas de seguridad t\u00e9cnicas, administrativas y f\u00edsicas razonables dise\u00f1adas para proteger y prevenir el acceso no autorizado a sus datos, as\u00ed como para utilizar correctamente los datos que recopilamos. Conservaremos sus datos personales durante el tiempo que sea necesario para cumplir con los fines descritos en esta Declaraci\u00f3n de Privacidad, a menos que la ley exija o permita un periodo de conservaci\u00f3n m\u00e1s largo.<\/p>\n\n\n\n<h2 class=\"wp-block-heading\">Cambios a esta Declaraci\u00f3n de Privacidad<\/h2>\n\n\n\n<p>Podemos modificar peri\u00f3dicamente esta Declaraci\u00f3n de Privacidad para adaptarnos a las nuevas tecnolog\u00edas, las pr\u00e1cticas del sector y los requisitos normativos, entre otros motivos. Si contin\u00faa utilizando nuestros productos y servicios despu\u00e9s de la fecha de entrada en vigor de la Declaraci\u00f3n de Privacidad, significa que acepta la Declaraci\u00f3n de Privacidad revisada. Si no est\u00e1 de acuerdo con la Declaraci\u00f3n de Privacidad revisada, le rogamos que no utilice nuestros productos o servicios y que nos contacte para cerrar cualquier cuenta que haya creado.<\/p>\n\n\n\n<h2 class=\"wp-block-heading\">Cont\u00e1ctenos<\/h2>\n\n\n\n<p>Si tiene alguna pregunta sobre esta Declaraci\u00f3n de Privacidad o su implementaci\u00f3n, aqu\u00ed le mostramos c\u00f3mo puede comunicarse con nosotros:\u00a0<a href=\"mailto:info@pharmamachinecn.com\">info@pharmamachinecn.com<\/a>.<\/p>","protected":false},"excerpt":{"rendered":"<p>PRIVACY STATEMENT We take your privacy seriously and this privacy statement explains how pharmamachinecn.com (collectively, \u201cwe,\u201d \u201cus,\u201d or \u201cour\u201d) collect, [&hellip;]<\/p>\n","protected":false},"author":1,"featured_media":0,"parent":0,"menu_order":0,"comment_status":"closed","ping_status":"open","template":"","meta":{"_acf_changed":false,"site-sidebar-layout":"default","site-content-layout":"","ast-site-content-layout":"default","site-content-style":"default","site-sidebar-style":"default","ast-global-header-display":"","ast-banner-title-visibility":"","ast-main-header-display":"","ast-hfb-above-header-display":"","ast-hfb-below-header-display":"","ast-hfb-mobile-header-display":"","site-post-title":"","ast-breadcrumbs-content":"","ast-featured-img":"","footer-sml-layout":"","ast-disable-related-posts":"","theme-transparent-header-meta":"","adv-header-id-meta":"","stick-header-meta":"","header-above-stick-meta":"","header-main-stick-meta":"","header-below-stick-meta":"","astra-migrate-meta-layouts":"default","ast-page-background-enabled":"default","ast-page-background-meta":{"desktop":{"background-color":"var(--ast-global-color-5)","background-image":"","background-repeat":"repeat","background-position":"center center","background-size":"auto","background-attachment":"scroll","background-type":"","background-media":"","overlay-type":"","overlay-color":"","overlay-opacity":"","overlay-gradient":""},"tablet":{"background-color":"","background-image":"","background-repeat":"repeat","background-position":"center center","background-size":"auto","background-attachment":"scroll","background-type":"","background-media":"","overlay-type":"","overlay-color":"","overlay-opacity":"","overlay-gradient":""},"mobile":{"background-color":"","background-image":"","background-repeat":"repeat","background-position":"center center","background-size":"auto","background-attachment":"scroll","background-type":"","background-media":"","overlay-type":"","overlay-color":"","overlay-opacity":"","overlay-gradient":""}},"ast-content-background-meta":{"desktop":{"background-color":"var(--ast-global-color-4)","background-image":"","background-repeat":"repeat","background-position":"center center","background-size":"auto","background-attachment":"scroll","background-type":"","background-media":"","overlay-type":"","overlay-color":"","overlay-opacity":"","overlay-gradient":""},"tablet":{"background-color":"var(--ast-global-color-4)","background-image":"","background-repeat":"repeat","background-position":"center center","background-size":"auto","background-attachment":"scroll","background-type":"","background-media":"","overlay-type":"","overlay-color":"","overlay-opacity":"","overlay-gradient":""},"mobile":{"background-color":"var(--ast-global-color-4)","background-image":"","background-repeat":"repeat","background-position":"center center","background-size":"auto","background-attachment":"scroll","background-type":"","background-media":"","overlay-type":"","overlay-color":"","overlay-opacity":"","overlay-gradient":""}},"footnotes":""},"class_list":["post-3","page","type-page","status-publish","hentry"],"acf":[],"_links":{"self":[{"href":"https:\/\/pharmamachinecn.com\/es\/wp-json\/wp\/v2\/pages\/3","targetHints":{"allow":["GET"]}}],"collection":[{"href":"https:\/\/pharmamachinecn.com\/es\/wp-json\/wp\/v2\/pages"}],"about":[{"href":"https:\/\/pharmamachinecn.com\/es\/wp-json\/wp\/v2\/types\/page"}],"author":[{"embeddable":true,"href":"https:\/\/pharmamachinecn.com\/es\/wp-json\/wp\/v2\/users\/1"}],"replies":[{"embeddable":true,"href":"https:\/\/pharmamachinecn.com\/es\/wp-json\/wp\/v2\/comments?post=3"}],"version-history":[{"count":0,"href":"https:\/\/pharmamachinecn.com\/es\/wp-json\/wp\/v2\/pages\/3\/revisions"}],"wp:attachment":[{"href":"https:\/\/pharmamachinecn.com\/es\/wp-json\/wp\/v2\/media?parent=3"}],"curies":[{"name":"gracias","href":"https:\/\/api.w.org\/{rel}","templated":true}]}}