{"id":7953,"date":"2025-10-21T06:11:06","date_gmt":"2025-10-21T06:11:06","guid":{"rendered":"https:\/\/pharmamachinecn.com\/?page_id=7953"},"modified":"2025-10-21T06:16:31","modified_gmt":"2025-10-21T06:16:31","slug":"dea-registration-for-tablet-press-machine","status":"publish","type":"page","link":"https:\/\/pharmamachinecn.com\/es\/dea-registration-for-tablet-press-machine\/","title":{"rendered":"Registro de la DEA para m\u00e1quina prensadora de tabletas"},"content":{"rendered":"<h3 class=\"wp-block-heading\"><strong>C\u00f3mo entender el registro de la DEA para las m\u00e1quinas de prensado de tabletas<\/strong><\/h3>\n\n\n\n<p>Solicitar una \u201c<a href=\"https:\/\/deadiversion.usdoj.gov\/drugreg\/registration.html\" target=\"_blank\" rel=\"noopener\">Licencia de la DEA<\/a>&quot; para una m\u00e1quina de prensado de tabletas implica un proceso espec\u00edfico porque la DEA no simplemente &quot;licencia&quot; la m\u00e1quina en s\u00ed. En cambio, registra la\u00a0<strong>empresa y ubicaci\u00f3n<\/strong>\u00a0que fabricar\u00e1, distribuir\u00e1 o importar\u00e1 sustancias controladas y luego aprueba el uso de equipo espec\u00edfico, como una prensa de tabletas, como parte de esa actividad registrada.<\/p>\n\n\n\n<p>La distinci\u00f3n clave es que no est\u00e1s solicitando una licencia.&nbsp;<em>para la m\u00e1quina<\/em>, sino m\u00e1s bien incluir la m\u00e1quina como parte de su operaci\u00f3n de fabricaci\u00f3n o manipulaci\u00f3n de sustancias controladas, lo que s\u00ed requiere un registro de la DEA.<\/p>\n\n\n\n<p>Aqu\u00ed est\u00e1 el proceso paso a paso y los requisitos cr\u00edticos:<\/p>\n\n\n\n<h4 class=\"wp-block-heading\"><strong>Paso 1: Determine su actividad comercial y obtenga el registro DEA correcto<\/strong><\/h4>\n\n\n\n<p>Primero, debe solicitar y obtener un Registro de Fabricante de la DEA (Formulario 225 de la DEA). Esta es la licencia b\u00e1sica que permite a una instalaci\u00f3n dedicarse a la fabricaci\u00f3n de sustancias controladas, lo que incluye el proceso de fabricaci\u00f3n de comprimidos.<\/p>\n\n\n\n<ul class=\"wp-block-list\">\n<li><strong>Requisito previo:<\/strong>\u00a0Debe tener todas las licencias comerciales estatales y locales necesarias antes de que la DEA apruebe su solicitud.<\/li>\n\n\n\n<li><strong>Solicitud:<\/strong>\u00a0La solicitud se env\u00eda en l\u00ednea a trav\u00e9s del portal de la Divisi\u00f3n de Control de Desv\u00edo de la DEA utilizando\u00a0<strong><a href=\"https:\/\/ehs.oregonstate.edu\/sites\/ehs.oregonstate.edu\/files\/pdf\/dea_form_225_instructions.pdf\" target=\"_blank\" rel=\"noopener\">Formulario 225 de la DEA<\/a><\/strong>.<\/li>\n\n\n\n<li><strong>Tarifa:<\/strong>\u00a0Hay una tarifa de registro significativa asociada con esta aplicaci\u00f3n (a menudo m\u00e1s de<strong> $3,000<\/strong> para un registro de tres a\u00f1os, pero confirme el monto actual en el sitio web de la DEA).<\/li>\n<\/ul>\n\n\n\n<h4 class=\"wp-block-heading\"><strong>Paso 2: Implementar medidas de seguridad estrictas<\/strong><\/h4>\n\n\n\n<p>Antes de poder solicitar una prensa de tabletas o usarla para sustancias controladas, sus instalaciones deben cumplir con los requisitos de seguridad de la DEA. Esta es una parte crucial de la solicitud y la inspecci\u00f3n posterior.<\/p>\n\n\n\n<ul class=\"wp-block-list\">\n<li><strong>Seguridad f\u00edsica:<\/strong>\u00a0La prensa de tabletas debe estar ubicada en un \u00e1rea cerrada con llave (por ejemplo, una jaula o b\u00f3veda) dise\u00f1ada para evitar el acceso no autorizado y el robo. Las instalaciones deben contar con alarmas, sistemas de monitoreo y puntos de acceso controlados.<\/li>\n\n\n\n<li><strong>Verificaci\u00f3n de antecedentes:<\/strong>\u00a0Todos los empleados que tengan acceso a sustancias controladas o al \u00e1rea de fabricaci\u00f3n de tabletas deber\u00e1n someterse a verificaciones de antecedentes exhaustivas.<\/li>\n<\/ul>\n\n\n\n<h4 class=\"wp-block-heading\"><strong>Paso 3: Informar sobre la adquisici\u00f3n de la m\u00e1quina prensadora de tabletas<\/strong><\/h4>\n\n\n\n<p>Este es el paso m\u00e1s crucial para su pregunta. Una prensa de tabletas se considera &quot;maquinaria regulada&quot; seg\u00fan la Ley de Sustancias Controladas.<\/p>\n\n\n\n<ul class=\"wp-block-list\">\n<li><strong>Requisito:<\/strong>\u00a0Debes presentar una\u00a0<strong>Informe de Transacci\u00f3n Regulada (<a href=\"https:\/\/deadiversion.usdoj.gov\/21cfr_reports\/reg_machines\/reg-machines.html\" target=\"_blank\" rel=\"noopener\">Formulario 452 de la DEA<\/a>)<\/strong>\u00a0con la Oficina de Control de Desv\u00edo de la DEA.<\/li>\n\n\n\n<li><strong>Cronolog\u00eda:<\/strong>\u00a0Este informe debe presentarse\u00a0<strong>al menos 15 d\u00edas antes<\/strong>\u00a0hasta tomar posesi\u00f3n de la m\u00e1quina (es decir, antes de enviarla a sus instalaciones).<\/li>\n\n\n\n<li><strong>Informaci\u00f3n requerida:<\/strong>\u00a0El formulario requerir\u00e1 informaci\u00f3n detallada sobre la m\u00e1quina (marca, modelo, n\u00famero de serie) y el proveedor al que se la va a comprar.<\/li>\n\n\n\n<li><strong>Responsabilidad continua:<\/strong>\u00a0Tambi\u00e9n debe presentar un informe similar si alguna vez vende, transfiere o se deshace de la prensa de tabletas.<\/li>\n<\/ul>\n\n\n\n<h4 class=\"wp-block-heading\"><strong>Paso 4: Prep\u00e1rese para una inspecci\u00f3n previa al registro<\/strong><\/h4>\n\n\n\n<p>Una vez que su solicitud del Formulario 225 de la DEA est\u00e9 en revisi\u00f3n, la DEA probablemente realizar\u00e1 una inspecci\u00f3n in situ de sus instalaciones. Verificar\u00e1n:<\/p>\n\n\n\n<ul class=\"wp-block-list\">\n<li>Las medidas de seguridad para toda la instalaci\u00f3n y la ubicaci\u00f3n espec\u00edfica para la prensa de tabletas.<\/li>\n\n\n\n<li>Sus sistemas de mantenimiento de registros para ordenar y manejar materias primas de sustancias controladas (por ejemplo, API: ingredientes farmac\u00e9uticos activos).<\/li>\n\n\n\n<li>Sus procedimientos para la eliminaci\u00f3n de residuos y la prevenci\u00f3n de p\u00e9rdidas.<\/li>\n\n\n\n<li>Las cualificaciones de su personal clave.<\/li>\n<\/ul>\n\n\n\n<p><strong>Su registro no ser\u00e1 aprobado hasta que pase esta inspecci\u00f3n.<\/strong><\/p>\n\n\n\n<h4 class=\"wp-block-heading\"><strong>Resumen de puntos clave<\/strong><\/h4>\n\n\n\n<ul class=\"wp-block-list\">\n<li><strong>No se puede obtener una \u201clicencia para una m\u00e1quina\u201d.<\/strong>\u00a0Obtienes un registro para tu actividad comercial (fabricaci\u00f3n) y luego informas la m\u00e1quina espec\u00edfica a la DEA.<\/li>\n\n\n\n<li>El proceso es secuencial:\n<ol start=\"1\" class=\"wp-block-list\">\n<li>Obtenga todas las licencias estatales\/locales.<\/li>\n\n\n\n<li>Solicitar un registro de fabricante de la DEA (formulario 225).<\/li>\n\n\n\n<li>Simult\u00e1neamente, presente un Informe de Transacci\u00f3n Regulada de la prensa de tabletas (Formulario 452) al menos 15 d\u00edas antes de adquirirla.<\/li>\n\n\n\n<li>Pasar la inspecci\u00f3n previa al registro de la DEA.<\/li>\n<\/ol>\n<\/li>\n\n\n\n<li>La seguridad y el mantenimiento de registros no son negociables y ser\u00e1n examinados minuciosamente.<\/li>\n<\/ul>\n\n\n\n<h4 class=\"wp-block-heading\"><strong>Advertencia importante<\/strong><\/h4>\n\n\n\n<p>La DEA vigila muy de cerca las prensas de tabletas y otras m\u00e1quinas de encapsulado debido a su alto potencial de desv\u00edo para la producci\u00f3n de drogas il\u00edcitas (como pastillas recetadas falsificadas que contienen fentanilo). Cualquier error en el proceso de solicitud, el protocolo de seguridad o el mantenimiento de registros puede resultar en la denegaci\u00f3n inmediata de su solicitud, la revocaci\u00f3n de un registro existente o graves sanciones legales.<\/p>\n\n\n\n<p><strong>Descargo de responsabilidad:<\/strong>\u00a0<em>Esta informaci\u00f3n es solo orientativa y no constituye asesoramiento legal. El proceso regulatorio de la DEA es complejo y est\u00e1 sujeto a cambios. Debe consultar directamente con la DEA.<a href=\"https:\/\/www.dea.gov\/operational-division\/diversion\" target=\"_blank\" rel=\"noopener\"> Divisi\u00f3n de Control de Desv\u00edos de la Administraci\u00f3n de Control de Drogas de los Estados Unidos<\/a> y busque asesoramiento legal calificado para garantizar el pleno cumplimiento.<\/em><\/p>","protected":false},"excerpt":{"rendered":"<p>Understanding DEA Registration for Tablet Press Machines Applying for a &#8220;DEA license&#8221; for a tablet press machine involves a specific [&hellip;]<\/p>\n","protected":false},"author":1,"featured_media":0,"parent":0,"menu_order":0,"comment_status":"closed","ping_status":"closed","template":"","meta":{"_acf_changed":false,"site-sidebar-layout":"default","site-content-layout":"","ast-site-content-layout":"default","site-content-style":"default","site-sidebar-style":"default","ast-global-header-display":"","ast-banner-title-visibility":"","ast-main-header-display":"","ast-hfb-above-header-display":"","ast-hfb-below-header-display":"","ast-hfb-mobile-header-display":"","site-post-title":"","ast-breadcrumbs-content":"","ast-featured-img":"","footer-sml-layout":"","ast-disable-related-posts":"","theme-transparent-header-meta":"","adv-header-id-meta":"","stick-header-meta":"","header-above-stick-meta":"","header-main-stick-meta":"","header-below-stick-meta":"","astra-migrate-meta-layouts":"default","ast-page-background-enabled":"default","ast-page-background-meta":{"desktop":{"background-color":"var(--ast-global-color-5)","background-image":"","background-repeat":"repeat","background-position":"center center","background-size":"auto","background-attachment":"scroll","background-type":"","background-media":"","overlay-type":"","overlay-color":"","overlay-opacity":"","overlay-gradient":""},"tablet":{"background-color":"","background-image":"","background-repeat":"repeat","background-position":"center center","background-size":"auto","background-attachment":"scroll","background-type":"","background-media":"","overlay-type":"","overlay-color":"","overlay-opacity":"","overlay-gradient":""},"mobile":{"background-color":"","background-image":"","background-repeat":"repeat","background-position":"center center","background-size":"auto","background-attachment":"scroll","background-type":"","background-media":"","overlay-type":"","overlay-color":"","overlay-opacity":"","overlay-gradient":""}},"ast-content-background-meta":{"desktop":{"background-color":"var(--ast-global-color-4)","background-image":"","background-repeat":"repeat","background-position":"center center","background-size":"auto","background-attachment":"scroll","background-type":"","background-media":"","overlay-type":"","overlay-color":"","overlay-opacity":"","overlay-gradient":""},"tablet":{"background-color":"var(--ast-global-color-4)","background-image":"","background-repeat":"repeat","background-position":"center center","background-size":"auto","background-attachment":"scroll","background-type":"","background-media":"","overlay-type":"","overlay-color":"","overlay-opacity":"","overlay-gradient":""},"mobile":{"background-color":"var(--ast-global-color-4)","background-image":"","background-repeat":"repeat","background-position":"center center","background-size":"auto","background-attachment":"scroll","background-type":"","background-media":"","overlay-type":"","overlay-color":"","overlay-opacity":"","overlay-gradient":""}},"footnotes":""},"class_list":["post-7953","page","type-page","status-publish","hentry"],"acf":[],"_links":{"self":[{"href":"https:\/\/pharmamachinecn.com\/es\/wp-json\/wp\/v2\/pages\/7953","targetHints":{"allow":["GET"]}}],"collection":[{"href":"https:\/\/pharmamachinecn.com\/es\/wp-json\/wp\/v2\/pages"}],"about":[{"href":"https:\/\/pharmamachinecn.com\/es\/wp-json\/wp\/v2\/types\/page"}],"author":[{"embeddable":true,"href":"https:\/\/pharmamachinecn.com\/es\/wp-json\/wp\/v2\/users\/1"}],"replies":[{"embeddable":true,"href":"https:\/\/pharmamachinecn.com\/es\/wp-json\/wp\/v2\/comments?post=7953"}],"version-history":[{"count":2,"href":"https:\/\/pharmamachinecn.com\/es\/wp-json\/wp\/v2\/pages\/7953\/revisions"}],"predecessor-version":[{"id":7955,"href":"https:\/\/pharmamachinecn.com\/es\/wp-json\/wp\/v2\/pages\/7953\/revisions\/7955"}],"wp:attachment":[{"href":"https:\/\/pharmamachinecn.com\/es\/wp-json\/wp\/v2\/media?parent=7953"}],"curies":[{"name":"gracias","href":"https:\/\/api.w.org\/{rel}","templated":true}]}}