{"id":928,"date":"2025-07-02T08:43:45","date_gmt":"2025-07-02T08:43:45","guid":{"rendered":"https:\/\/pharmamachinecn.com\/?page_id=928"},"modified":"2025-08-01T08:38:12","modified_gmt":"2025-08-01T08:38:12","slug":"sustainable-development","status":"publish","type":"page","link":"https:\/\/pharmamachinecn.com\/es\/sustainable-development\/","title":{"rendered":"Desarrollo sostenible"},"content":{"rendered":"<div data-elementor-type=\"wp-page\" data-elementor-id=\"928\" class=\"elementor elementor-928\" data-elementor-post-type=\"page\">\n\t\t\t\t\t\t<section class=\"elementor-section elementor-top-section elementor-element elementor-element-e580807 elementor-section-boxed elementor-section-height-default elementor-section-height-default\" data-id=\"e580807\" data-element_type=\"section\" data-e-type=\"section\" data-settings=\"{&quot;background_background&quot;:&quot;classic&quot;}\">\n\t\t\t\t\t\t\t<div class=\"elementor-background-overlay\"><\/div>\n\t\t\t\t\t\t\t<div class=\"elementor-container elementor-column-gap-default\">\n\t\t\t\t\t<div class=\"elementor-column elementor-col-100 elementor-top-column elementor-element elementor-element-c0f9cc0\" data-id=\"c0f9cc0\" data-element_type=\"column\" data-e-type=\"column\">\n\t\t\t<div class=\"elementor-widget-wrap elementor-element-populated\">\n\t\t\t\t\t\t<div class=\"elementor-element elementor-element-a207ad5 elementor-widget elementor-widget-html\" data-id=\"a207ad5\" data-element_type=\"widget\" data-e-type=\"widget\" data-widget_type=\"html.default\">\n\t\t\t\t<div class=\"elementor-widget-container\">\n\t\t\t\t\t<script>\n    document.addEventListener(\"DOMContentLoaded\", function () {\n  const breadcrumb = document.querySelector(\".woocommerce-breadcrumb\");\n  if (breadcrumb) {\n    \/\/ Replace all \" \/ \" (including &nbsp;) with image separator\n    const parts = breadcrumb.innerHTML.split(\"&nbsp;\/&nbsp;\");\n    const imgTag = '<img decoding=\"async\" src=\"https:\/\/pharmamachinecn.com\/wp-content\/uploads\/2025\/07\/Angle-Right-1.svg\" width=\"18\" height=\"18\" class=\"breadcrumb-separator\" style=\"vertical-align:middle; margin: 0 5px;\" \/>';\n    breadcrumb.innerHTML = parts.join(imgTag);\n  }\n});\n\n    \n<\/script>\t\t\t\t<\/div>\n\t\t\t\t<\/div>\n\t\t\t\t<div class=\"elementor-element elementor-element-ea960c5 elementor-widget elementor-widget-woocommerce-breadcrumb\" data-id=\"ea960c5\" data-element_type=\"widget\" data-e-type=\"widget\" data-widget_type=\"woocommerce-breadcrumb.default\">\n\t\t\t\t<div class=\"elementor-widget-container\">\n\t\t\t\t\t<nav class=\"woocommerce-breadcrumb\" aria-label=\"Breadcrumb\" data-no-translation=\"\" data-trp-gettext=\"\">Inicio<\/nav>\t\t\t\t<\/div>\n\t\t\t\t<\/div>\n\t\t\t\t<div class=\"elementor-element elementor-element-8274c54 elementor-widget elementor-widget-heading\" data-id=\"8274c54\" data-element_type=\"widget\" data-e-type=\"widget\" data-widget_type=\"heading.default\">\n\t\t\t\t<div class=\"elementor-widget-container\">\n\t\t\t\t\t<h2 class=\"elementor-heading-title elementor-size-default\">Desarrollo sostenible<\/h2>\t\t\t\t<\/div>\n\t\t\t\t<\/div>\n\t\t\t\t\t<\/div>\n\t\t<\/div>\n\t\t\t\t\t<\/div>\n\t\t<\/section>\n\t\t\t\t<section class=\"elementor-section elementor-top-section elementor-element elementor-element-599871c elementor-section-content-middle elementor-section-boxed elementor-section-height-default elementor-section-height-default\" data-id=\"599871c\" data-element_type=\"section\" data-e-type=\"section\">\n\t\t\t\t\t\t<div class=\"elementor-container elementor-column-gap-default\">\n\t\t\t\t\t<div class=\"elementor-column elementor-col-50 elementor-top-column elementor-element elementor-element-a50f423\" data-id=\"a50f423\" data-element_type=\"column\" data-e-type=\"column\">\n\t\t\t<div class=\"elementor-widget-wrap elementor-element-populated\">\n\t\t\t\t\t\t<div class=\"elementor-element elementor-element-bca3ca8 elementor-widget elementor-widget-image\" data-id=\"bca3ca8\" data-element_type=\"widget\" data-e-type=\"widget\" data-widget_type=\"image.default\">\n\t\t\t\t<div class=\"elementor-widget-container\">\n\t\t\t\t\t\t\t\t\t\t\t\t\t\t\t<img fetchpriority=\"high\" decoding=\"async\" width=\"1050\" height=\"700\" src=\"https:\/\/pharmamachinecn.com\/wp-content\/uploads\/2025\/07\/Sustainability-at-Finetech.webp\" class=\"attachment-full size-full wp-image-937\" alt=\"\" srcset=\"https:\/\/pharmamachinecn.com\/wp-content\/uploads\/2025\/07\/Sustainability-at-Finetech.webp 1050w, https:\/\/pharmamachinecn.com\/wp-content\/uploads\/2025\/07\/Sustainability-at-Finetech-600x400.webp 600w, https:\/\/pharmamachinecn.com\/wp-content\/uploads\/2025\/07\/Sustainability-at-Finetech-300x200.webp 300w, https:\/\/pharmamachinecn.com\/wp-content\/uploads\/2025\/07\/Sustainability-at-Finetech-1024x683.webp 1024w, https:\/\/pharmamachinecn.com\/wp-content\/uploads\/2025\/07\/Sustainability-at-Finetech-768x512.webp 768w, https:\/\/pharmamachinecn.com\/wp-content\/uploads\/2025\/07\/Sustainability-at-Finetech-18x12.webp 18w\" sizes=\"(max-width: 1050px) 100vw, 1050px\" \/>\t\t\t\t\t\t\t\t\t\t\t\t\t\t\t<\/div>\n\t\t\t\t<\/div>\n\t\t\t\t\t<\/div>\n\t\t<\/div>\n\t\t\t\t<div class=\"elementor-column elementor-col-50 elementor-top-column elementor-element elementor-element-1a37a12\" data-id=\"1a37a12\" data-element_type=\"column\" data-e-type=\"column\">\n\t\t\t<div class=\"elementor-widget-wrap elementor-element-populated\">\n\t\t\t\t\t\t<div class=\"elementor-element elementor-element-b6bfc45 elementor-widget-tablet__width-inherit elementor-widget elementor-widget-heading\" data-id=\"b6bfc45\" data-element_type=\"widget\" data-e-type=\"widget\" data-widget_type=\"heading.default\">\n\t\t\t\t<div class=\"elementor-widget-container\">\n\t\t\t\t\t<h2 class=\"elementor-heading-title elementor-size-default\">Sostenibilidad en <span class=\"multi-color\">Tecnolog\u00eda fina<\/span><\/h2>\t\t\t\t<\/div>\n\t\t\t\t<\/div>\n\t\t\t\t<div class=\"elementor-element elementor-element-3bbf932 elementor-widget__width-initial elementor-widget-tablet__width-inherit elementor-widget elementor-widget-text-editor\" data-id=\"3bbf932\" data-element_type=\"widget\" data-e-type=\"widget\" data-widget_type=\"text-editor.default\">\n\t\t\t\t<div class=\"elementor-widget-container\">\n\t\t\t\t\t\t\t\t\t<p>Finetech se centra en una estrategia de desarrollo sostenible. Nos hemos fijado objetivos de producci\u00f3n sostenible: ahorro de recursos, responsabilidad social, optimizaci\u00f3n de la cadena de suministro y atenci\u00f3n activa a la salud y el bienestar. Cumplimos estos requisitos con integridad y esp\u00edritu innovador.<\/p>\t\t\t\t\t\t\t\t<\/div>\n\t\t\t\t<\/div>\n\t\t\t\t<div class=\"elementor-element elementor-element-69a775c elementor-align-left elementor-widget elementor-widget-button\" data-id=\"69a775c\" data-element_type=\"widget\" data-e-type=\"widget\" data-widget_type=\"button.default\">\n\t\t\t\t<div class=\"elementor-widget-container\">\n\t\t\t\t\t\t\t\t\t<div class=\"elementor-button-wrapper\">\n\t\t\t\t\t<a class=\"elementor-button elementor-button-link elementor-size-sm\" href=\"https:\/\/pharmamachinecn.com\/es\/contact-us\/\">\n\t\t\t\t\t\t<span class=\"elementor-button-content-wrapper\">\n\t\t\t\t\t\t\t\t\t<span class=\"elementor-button-text\">Cont\u00e1ctanos ahora<\/span>\n\t\t\t\t\t<\/span>\n\t\t\t\t\t<\/a>\n\t\t\t\t<\/div>\n\t\t\t\t\t\t\t\t<\/div>\n\t\t\t\t<\/div>\n\t\t\t\t\t<\/div>\n\t\t<\/div>\n\t\t\t\t\t<\/div>\n\t\t<\/section>\n\t\t\t\t<section class=\"elementor-section elementor-top-section elementor-element elementor-element-69325f1 elementor-section-content-middle elementor-section-boxed elementor-section-height-default elementor-section-height-default\" data-id=\"69325f1\" data-element_type=\"section\" data-e-type=\"section\" data-settings=\"{&quot;background_background&quot;:&quot;classic&quot;}\">\n\t\t\t\t\t\t<div class=\"elementor-container elementor-column-gap-default\">\n\t\t\t\t\t<div class=\"elementor-column elementor-col-100 elementor-top-column elementor-element elementor-element-de7b5a0\" data-id=\"de7b5a0\" data-element_type=\"column\" data-e-type=\"column\">\n\t\t\t<div class=\"elementor-widget-wrap elementor-element-populated\">\n\t\t\t\t\t\t<div class=\"elementor-element elementor-element-64664a1 elementor-widget elementor-widget-heading\" data-id=\"64664a1\" data-element_type=\"widget\" data-e-type=\"widget\" data-widget_type=\"heading.default\">\n\t\t\t\t<div class=\"elementor-widget-container\">\n\t\t\t\t\t<h2 class=\"elementor-heading-title elementor-size-default\">Nuestra sostenibilidad <span class=\"multi-color\">estrategia<\/span><\/h2>\t\t\t\t<\/div>\n\t\t\t\t<\/div>\n\t\t\t\t<section class=\"elementor-section elementor-inner-section elementor-element elementor-element-9393550 elementor-section-content-middle elementor-section-boxed elementor-section-height-default elementor-section-height-default\" data-id=\"9393550\" data-element_type=\"section\" data-e-type=\"section\">\n\t\t\t\t\t\t<div class=\"elementor-container elementor-column-gap-default\">\n\t\t\t\t\t<div class=\"elementor-column elementor-col-50 elementor-inner-column elementor-element elementor-element-8188b53\" data-id=\"8188b53\" data-element_type=\"column\" data-e-type=\"column\">\n\t\t\t<div class=\"elementor-widget-wrap elementor-element-populated\">\n\t\t\t\t\t\t<div class=\"elementor-element elementor-element-c4587b8 elementor-widget elementor-widget-image\" data-id=\"c4587b8\" data-element_type=\"widget\" data-e-type=\"widget\" data-widget_type=\"image.default\">\n\t\t\t\t<div class=\"elementor-widget-container\">\n\t\t\t\t\t\t\t\t\t\t\t\t\t\t\t<img decoding=\"async\" width=\"1024\" height=\"683\" src=\"https:\/\/pharmamachinecn.com\/wp-content\/uploads\/2025\/07\/GMP-production-standards-1024x683.jpg\" class=\"attachment-large size-large wp-image-940\" alt=\"\" srcset=\"https:\/\/pharmamachinecn.com\/wp-content\/uploads\/2025\/07\/GMP-production-standards-1024x683.jpg 1024w, https:\/\/pharmamachinecn.com\/wp-content\/uploads\/2025\/07\/GMP-production-standards-600x400.jpg 600w, https:\/\/pharmamachinecn.com\/wp-content\/uploads\/2025\/07\/GMP-production-standards-300x200.jpg 300w, https:\/\/pharmamachinecn.com\/wp-content\/uploads\/2025\/07\/GMP-production-standards-768x512.jpg 768w, https:\/\/pharmamachinecn.com\/wp-content\/uploads\/2025\/07\/GMP-production-standards-18x12.jpg 18w, https:\/\/pharmamachinecn.com\/wp-content\/uploads\/2025\/07\/GMP-production-standards.jpg 1050w\" sizes=\"(max-width: 1024px) 100vw, 1024px\" \/>\t\t\t\t\t\t\t\t\t\t\t\t\t\t\t<\/div>\n\t\t\t\t<\/div>\n\t\t\t\t\t<\/div>\n\t\t<\/div>\n\t\t\t\t<div class=\"elementor-column elementor-col-50 elementor-inner-column elementor-element elementor-element-98c5e23\" data-id=\"98c5e23\" data-element_type=\"column\" data-e-type=\"column\">\n\t\t\t<div class=\"elementor-widget-wrap elementor-element-populated\">\n\t\t\t\t\t\t<div class=\"elementor-element elementor-element-ec02044 elementor-widget elementor-widget-heading\" data-id=\"ec02044\" data-element_type=\"widget\" data-e-type=\"widget\" data-widget_type=\"heading.default\">\n\t\t\t\t<div class=\"elementor-widget-container\">\n\t\t\t\t\t<h3 class=\"elementor-heading-title elementor-size-default\">Enfoque en la salud<\/h3>\t\t\t\t<\/div>\n\t\t\t\t<\/div>\n\t\t\t\t<div class=\"elementor-element elementor-element-40c115f elementor-widget elementor-widget-text-editor\" data-id=\"40c115f\" data-element_type=\"widget\" data-e-type=\"widget\" data-widget_type=\"text-editor.default\">\n\t\t\t\t<div class=\"elementor-widget-container\">\n\t\t\t\t\t\t\t\t\t<p>Cada p\u00edldora medicinal que producimos cumple con <strong>Normas de producci\u00f3n GMP<\/strong>.<\/p>\t\t\t\t\t\t\t\t<\/div>\n\t\t\t\t<\/div>\n\t\t\t\t<div class=\"elementor-element elementor-element-4384d29 elementor-widget elementor-widget-text-editor\" data-id=\"4384d29\" data-element_type=\"widget\" data-e-type=\"widget\" data-widget_type=\"text-editor.default\">\n\t\t\t\t<div class=\"elementor-widget-container\">\n\t\t\t\t\t\t\t\t\t<p>Ponemos la salud humana en primer lugar, por lo que producimos cada pieza de equipo farmac\u00e9utico con est\u00e1ndares estrictos, utilizamos los mejores accesorios para el procesamiento y la producci\u00f3n, y nos aseguramos de que la producci\u00f3n de cada medicamento cumpla con los est\u00e1ndares de implementaci\u00f3n de salud de varios pa\u00edses, como <strong>BPM, FDA, DMF y CEP<\/strong>.<\/p>\t\t\t\t\t\t\t\t<\/div>\n\t\t\t\t<\/div>\n\t\t\t\t\t<\/div>\n\t\t<\/div>\n\t\t\t\t\t<\/div>\n\t\t<\/section>\n\t\t\t\t<section class=\"elementor-section elementor-inner-section elementor-element elementor-element-d48c6fa elementor-section-content-middle elementor-reverse-mobile elementor-section-boxed elementor-section-height-default elementor-section-height-default\" data-id=\"d48c6fa\" data-element_type=\"section\" data-e-type=\"section\">\n\t\t\t\t\t\t<div class=\"elementor-container elementor-column-gap-default\">\n\t\t\t\t\t<div class=\"elementor-column elementor-col-50 elementor-inner-column elementor-element elementor-element-6816e2c\" data-id=\"6816e2c\" data-element_type=\"column\" data-e-type=\"column\">\n\t\t\t<div class=\"elementor-widget-wrap elementor-element-populated\">\n\t\t\t\t\t\t<div class=\"elementor-element elementor-element-b283ee6 elementor-widget elementor-widget-heading\" data-id=\"b283ee6\" data-element_type=\"widget\" data-e-type=\"widget\" data-widget_type=\"heading.default\">\n\t\t\t\t<div class=\"elementor-widget-container\">\n\t\t\t\t\t<h3 class=\"elementor-heading-title elementor-size-default\">Derechos de los empleados<\/h3>\t\t\t\t<\/div>\n\t\t\t\t<\/div>\n\t\t\t\t<div class=\"elementor-element elementor-element-3dff29c elementor-widget elementor-widget-text-editor\" data-id=\"3dff29c\" data-element_type=\"widget\" data-e-type=\"widget\" data-widget_type=\"text-editor.default\">\n\t\t\t\t<div class=\"elementor-widget-container\">\n\t\t\t\t\t\t\t\t\t<p>Los empleados de Finetech est\u00e1n limitados a trabajar <strong>35 horas por semana.<\/strong><\/p>\t\t\t\t\t\t\t\t<\/div>\n\t\t\t\t<\/div>\n\t\t\t\t<div class=\"elementor-element elementor-element-c6051e9 elementor-widget elementor-widget-text-editor\" data-id=\"c6051e9\" data-element_type=\"widget\" data-e-type=\"widget\" data-widget_type=\"text-editor.default\">\n\t\t\t\t<div class=\"elementor-widget-container\">\n\t\t\t\t\t\t\t\t\t<p>Finetech se centra en <strong>equilibrio entre vida laboral y personal<\/strong>Animamos a los empleados a pasar m\u00e1s tiempo con sus <b>familias<\/b>, por eso no promovemos una cultura de horas extras; \u00a1estamos comprometidos a mejorar la productividad y la salud f\u00edsica y mental de nuestros empleados!<\/p>\t\t\t\t\t\t\t\t<\/div>\n\t\t\t\t<\/div>\n\t\t\t\t\t<\/div>\n\t\t<\/div>\n\t\t\t\t<div class=\"elementor-column elementor-col-50 elementor-inner-column elementor-element elementor-element-e0896f4\" data-id=\"e0896f4\" data-element_type=\"column\" data-e-type=\"column\">\n\t\t\t<div class=\"elementor-widget-wrap elementor-element-populated\">\n\t\t\t\t\t\t<div class=\"elementor-element elementor-element-ef0379b elementor-widget elementor-widget-image\" data-id=\"ef0379b\" data-element_type=\"widget\" data-e-type=\"widget\" data-widget_type=\"image.default\">\n\t\t\t\t<div class=\"elementor-widget-container\">\n\t\t\t\t\t\t\t\t\t\t\t\t\t\t\t<img loading=\"lazy\" decoding=\"async\" width=\"1024\" height=\"683\" src=\"https:\/\/pharmamachinecn.com\/wp-content\/uploads\/2025\/07\/Labor-Rights-1024x683.jpg\" class=\"attachment-large size-large wp-image-939\" alt=\"\" srcset=\"https:\/\/pharmamachinecn.com\/wp-content\/uploads\/2025\/07\/Labor-Rights-1024x683.jpg 1024w, https:\/\/pharmamachinecn.com\/wp-content\/uploads\/2025\/07\/Labor-Rights-600x400.jpg 600w, https:\/\/pharmamachinecn.com\/wp-content\/uploads\/2025\/07\/Labor-Rights-300x200.jpg 300w, https:\/\/pharmamachinecn.com\/wp-content\/uploads\/2025\/07\/Labor-Rights-768x512.jpg 768w, https:\/\/pharmamachinecn.com\/wp-content\/uploads\/2025\/07\/Labor-Rights-18x12.jpg 18w, https:\/\/pharmamachinecn.com\/wp-content\/uploads\/2025\/07\/Labor-Rights.jpg 1050w\" sizes=\"(max-width: 1024px) 100vw, 1024px\" \/>\t\t\t\t\t\t\t\t\t\t\t\t\t\t\t<\/div>\n\t\t\t\t<\/div>\n\t\t\t\t\t<\/div>\n\t\t<\/div>\n\t\t\t\t\t<\/div>\n\t\t<\/section>\n\t\t\t\t<section class=\"elementor-section elementor-inner-section elementor-element elementor-element-004c0e5 elementor-section-content-middle elementor-section-boxed elementor-section-height-default elementor-section-height-default\" data-id=\"004c0e5\" data-element_type=\"section\" data-e-type=\"section\">\n\t\t\t\t\t\t<div class=\"elementor-container elementor-column-gap-default\">\n\t\t\t\t\t<div class=\"elementor-column elementor-col-50 elementor-inner-column elementor-element elementor-element-fcf771a\" data-id=\"fcf771a\" data-element_type=\"column\" data-e-type=\"column\">\n\t\t\t<div class=\"elementor-widget-wrap elementor-element-populated\">\n\t\t\t\t\t\t<div class=\"elementor-element elementor-element-d78d8a5 elementor-widget elementor-widget-image\" data-id=\"d78d8a5\" data-element_type=\"widget\" data-e-type=\"widget\" data-widget_type=\"image.default\">\n\t\t\t\t<div class=\"elementor-widget-container\">\n\t\t\t\t\t\t\t\t\t\t\t\t\t\t\t<img loading=\"lazy\" decoding=\"async\" width=\"1024\" height=\"683\" src=\"https:\/\/pharmamachinecn.com\/wp-content\/uploads\/2025\/07\/Sustainable-Pack-1024x683.jpg\" class=\"attachment-large size-large wp-image-938\" alt=\"\" srcset=\"https:\/\/pharmamachinecn.com\/wp-content\/uploads\/2025\/07\/Sustainable-Pack-1024x683.jpg 1024w, https:\/\/pharmamachinecn.com\/wp-content\/uploads\/2025\/07\/Sustainable-Pack-600x400.jpg 600w, https:\/\/pharmamachinecn.com\/wp-content\/uploads\/2025\/07\/Sustainable-Pack-300x200.jpg 300w, https:\/\/pharmamachinecn.com\/wp-content\/uploads\/2025\/07\/Sustainable-Pack-768x512.jpg 768w, https:\/\/pharmamachinecn.com\/wp-content\/uploads\/2025\/07\/Sustainable-Pack-18x12.jpg 18w, https:\/\/pharmamachinecn.com\/wp-content\/uploads\/2025\/07\/Sustainable-Pack.jpg 1050w\" sizes=\"(max-width: 1024px) 100vw, 1024px\" \/>\t\t\t\t\t\t\t\t\t\t\t\t\t\t\t<\/div>\n\t\t\t\t<\/div>\n\t\t\t\t\t<\/div>\n\t\t<\/div>\n\t\t\t\t<div class=\"elementor-column elementor-col-50 elementor-inner-column elementor-element elementor-element-c6c533d\" data-id=\"c6c533d\" data-element_type=\"column\" data-e-type=\"column\">\n\t\t\t<div class=\"elementor-widget-wrap elementor-element-populated\">\n\t\t\t\t\t\t<div class=\"elementor-element elementor-element-8839073 elementor-widget elementor-widget-heading\" data-id=\"8839073\" data-element_type=\"widget\" data-e-type=\"widget\" data-widget_type=\"heading.default\">\n\t\t\t\t<div class=\"elementor-widget-container\">\n\t\t\t\t\t<h3 class=\"elementor-heading-title elementor-size-default\">Paquete sostenible<\/h3>\t\t\t\t<\/div>\n\t\t\t\t<\/div>\n\t\t\t\t<div class=\"elementor-element elementor-element-95b7b5b elementor-widget elementor-widget-text-editor\" data-id=\"95b7b5b\" data-element_type=\"widget\" data-e-type=\"widget\" data-widget_type=\"text-editor.default\">\n\t\t\t\t<div class=\"elementor-widget-container\">\n\t\t\t\t\t\t\t\t\t<p>Estamos trabajando para que nuestros equipos sean <strong><b>&quot;verde&quot; <\/b><\/strong>y capaz de empaquetar con<strong><b>\u00a0biodegradable<\/b><\/strong>\u00a0materiales.<\/p>\t\t\t\t\t\t\t\t<\/div>\n\t\t\t\t<\/div>\n\t\t\t\t<div class=\"elementor-element elementor-element-a9b1c36 elementor-widget elementor-widget-text-editor\" data-id=\"a9b1c36\" data-element_type=\"widget\" data-e-type=\"widget\" data-widget_type=\"text-editor.default\">\n\t\t\t\t<div class=\"elementor-widget-container\">\n\t\t\t\t\t\t\t\t\t<p>Estamos respondiendo activamente al cambio clim\u00e1tico y a la transici\u00f3n hacia envases ecol\u00f3gicos. Nuestro equipo est\u00e1 desarrollando maquinaria que puede... <strong>embalaje de materiales biodegradables<\/strong>Hemos logrado grandes avances, especialmente en el campo de los envases de papel.<\/p>\t\t\t\t\t\t\t\t<\/div>\n\t\t\t\t<\/div>\n\t\t\t\t\t<\/div>\n\t\t<\/div>\n\t\t\t\t\t<\/div>\n\t\t<\/section>\n\t\t\t\t\t<\/div>\n\t\t<\/div>\n\t\t\t\t\t<\/div>\n\t\t<\/section>\n\t\t\t\t<\/div>","protected":false},"excerpt":{"rendered":"<p>Sustainable Development Sustainability at Finetech Finetech is focused on a sustainable development strategy. We have set green production goals: saving [&hellip;]<\/p>\n","protected":false},"author":1,"featured_media":937,"parent":0,"menu_order":0,"comment_status":"closed","ping_status":"closed","template":"","meta":{"_acf_changed":false,"site-sidebar-layout":"no-sidebar","site-content-layout":"","ast-site-content-layout":"full-width-container","site-content-style":"default","site-sidebar-style":"default","ast-global-header-display":"","ast-banner-title-visibility":"","ast-main-header-display":"","ast-hfb-above-header-display":"","ast-hfb-below-header-display":"","ast-hfb-mobile-header-display":"","site-post-title":"disabled","ast-breadcrumbs-content":"","ast-featured-img":"disabled","footer-sml-layout":"","ast-disable-related-posts":"","theme-transparent-header-meta":"","adv-header-id-meta":"","stick-header-meta":"","header-above-stick-meta":"","header-main-stick-meta":"","header-below-stick-meta":"","astra-migrate-meta-layouts":"default","ast-page-background-enabled":"default","ast-page-background-meta":{"desktop":{"background-color":"var(--ast-global-color-5)","background-image":"","background-repeat":"repeat","background-position":"center center","background-size":"auto","background-attachment":"scroll","background-type":"","background-media":"","overlay-type":"","overlay-color":"","overlay-opacity":"","overlay-gradient":""},"tablet":{"background-color":"","background-image":"","background-repeat":"repeat","background-position":"center center","background-size":"auto","background-attachment":"scroll","background-type":"","background-media":"","overlay-type":"","overlay-color":"","overlay-opacity":"","overlay-gradient":""},"mobile":{"background-color":"","background-image":"","background-repeat":"repeat","background-position":"center center","background-size":"auto","background-attachment":"scroll","background-type":"","background-media":"","overlay-type":"","overlay-color":"","overlay-opacity":"","overlay-gradient":""}},"ast-content-background-meta":{"desktop":{"background-color":"var(--ast-global-color-4)","background-image":"","background-repeat":"repeat","background-position":"center center","background-size":"auto","background-attachment":"scroll","background-type":"","background-media":"","overlay-type":"","overlay-color":"","overlay-opacity":"","overlay-gradient":""},"tablet":{"background-color":"var(--ast-global-color-4)","background-image":"","background-repeat":"repeat","background-position":"center center","background-size":"auto","background-attachment":"scroll","background-type":"","background-media":"","overlay-type":"","overlay-color":"","overlay-opacity":"","overlay-gradient":""},"mobile":{"background-color":"var(--ast-global-color-4)","background-image":"","background-repeat":"repeat","background-position":"center center","background-size":"auto","background-attachment":"scroll","background-type":"","background-media":"","overlay-type":"","overlay-color":"","overlay-opacity":"","overlay-gradient":""}},"footnotes":""},"class_list":["post-928","page","type-page","status-publish","has-post-thumbnail","hentry"],"acf":[],"_links":{"self":[{"href":"https:\/\/pharmamachinecn.com\/es\/wp-json\/wp\/v2\/pages\/928","targetHints":{"allow":["GET"]}}],"collection":[{"href":"https:\/\/pharmamachinecn.com\/es\/wp-json\/wp\/v2\/pages"}],"about":[{"href":"https:\/\/pharmamachinecn.com\/es\/wp-json\/wp\/v2\/types\/page"}],"author":[{"embeddable":true,"href":"https:\/\/pharmamachinecn.com\/es\/wp-json\/wp\/v2\/users\/1"}],"replies":[{"embeddable":true,"href":"https:\/\/pharmamachinecn.com\/es\/wp-json\/wp\/v2\/comments?post=928"}],"version-history":[{"count":1,"href":"https:\/\/pharmamachinecn.com\/es\/wp-json\/wp\/v2\/pages\/928\/revisions"}],"predecessor-version":[{"id":7164,"href":"https:\/\/pharmamachinecn.com\/es\/wp-json\/wp\/v2\/pages\/928\/revisions\/7164"}],"wp:featuredmedia":[{"embeddable":true,"href":"https:\/\/pharmamachinecn.com\/es\/wp-json\/wp\/v2\/media\/937"}],"wp:attachment":[{"href":"https:\/\/pharmamachinecn.com\/es\/wp-json\/wp\/v2\/media?parent=928"}],"curies":[{"name":"gracias","href":"https:\/\/api.w.org\/{rel}","templated":true}]}}