{"id":3938,"date":"2025-07-25T05:37:02","date_gmt":"2025-07-25T05:37:02","guid":{"rendered":"https:\/\/pharmamachinecn.com\/?post_type=product&#038;p=3938"},"modified":"2025-11-05T07:37:13","modified_gmt":"2025-11-05T07:37:13","slug":"jfp-110a-capsule-polishing-and-sorting-machine","status":"publish","type":"product","link":"https:\/\/pharmamachinecn.com\/es\/jfp-110a-capsule-polishing-and-sorting-machine\/","title":{"rendered":"M\u00e1quina pulidora y clasificadora de c\u00e1psulas FTP-150A"},"content":{"rendered":"<div data-elementor-type=\"product-post\" data-elementor-id=\"3938\" class=\"elementor elementor-3938\" data-elementor-post-type=\"product\">\n\t\t\t\t\t\t<section class=\"elementor-section elementor-top-section elementor-element elementor-element-70eac244 elementor-section-boxed elementor-section-height-default elementor-section-height-default\" data-id=\"70eac244\" data-element_type=\"section\" data-e-type=\"section\">\n\t\t\t\t\t\t<div class=\"elementor-container elementor-column-gap-default\">\n\t\t\t\t\t<div class=\"elementor-column elementor-col-100 elementor-top-column elementor-element elementor-element-3cf34980\" data-id=\"3cf34980\" data-element_type=\"column\" data-e-type=\"column\">\n\t\t\t<div class=\"elementor-widget-wrap elementor-element-populated\">\n\t\t\t\t\t\t<div class=\"elementor-element elementor-element-700ab4b9 elementor-widget elementor-widget-text-editor\" data-id=\"700ab4b9\" data-element_type=\"widget\" data-e-type=\"widget\" data-widget_type=\"text-editor.default\">\n\t\t\t\t<div class=\"elementor-widget-container\">\n\t\t\t\t\t\t\t\t\t<p>1. No solo elimina el polvo de la superficie de la c\u00e1psula, sino que tambi\u00e9n utiliza un moderno dispositivo de descarga de desechos con presi\u00f3n negativa para rechazar autom\u00e1ticamente <strong>c\u00e1psulas con poco llenado<\/strong>,<strong> conchas vac\u00edas y fragmentos.<\/strong><\/p><p>2. Aplicado para todo tipo de <strong>c\u00e1psulas<\/strong>.<\/p><p>3. Todas las partes de la m\u00e1quina utilizan dispositivos de conexi\u00f3n r\u00e1pida que se pueden conectar de forma f\u00e1cil y sencilla. <strong>desmontado r\u00e1pidamente<\/strong> Para limpieza y reconexi\u00f3n r\u00e1pida.<\/p><p>4. La m\u00e1quina tiene un convertidor de frecuencia para ajustar la velocidad, haci\u00e9ndola m\u00e1s <strong>sensible, confiable y estable<\/strong>.<\/p><p>5. Equipado con un alimentador de producto especial, se puede conectar con el <a href=\"https:\/\/pharmamachinecn.com\/es\/automatic-capsule-filling-machine\/\"><span style=\"text-decoration: underline;\">m\u00e1quina llenadora autom\u00e1tica de c\u00e1psulas<\/span><\/a>.<\/p><p>6. Toda la m\u00e1quina est\u00e1 hecha de <strong>acero inoxidable 304<\/strong> y cumple plenamente <strong>Normas GMP<\/strong>.<\/p>\t\t\t\t\t\t\t\t<\/div>\n\t\t\t\t<\/div>\n\t\t\t\t\t<\/div>\n\t\t<\/div>\n\t\t\t\t\t<\/div>\n\t\t<\/section>\n\t\t\t\t<\/div>","protected":false},"excerpt":{"rendered":"<p><strong>El FTP-150A<\/strong>\u00a0Est\u00e1 dise\u00f1ada para f\u00e1bricas farmac\u00e9uticas, empresas de productos sanitarios, laboratorios y procesadores de alimentos. Esta m\u00e1quina multifunci\u00f3n se caracteriza por su dise\u00f1o compacto, f\u00e1cil manejo y un alto grado de automatizaci\u00f3n. El equipo... <strong>Integra pulido de c\u00e1psulas y clasificaci\u00f3n inteligente<\/strong>, que puede efectivamente <strong>eliminar rebabas en las superficies de las c\u00e1psulas<\/strong>Proporciona a las c\u00e1psulas una apariencia limpia y elimina autom\u00e1ticamente las c\u00e1psulas defectuosas para garantizar una calidad constante. Se utiliza para pulir y clasificar c\u00e1psulas duras en las industrias farmac\u00e9utica, sanitaria, alimentaria y otras.<br \/>\n<iframe title=\"M\u00e1quina pulidora y clasificadora de c\u00e1psulas JFP 110A\" src=\"https:\/\/www.youtube.com\/embed\/kYdHLDnMeWY\" width=\"600\" height=\"385\" frameborder=\"0\" allowfullscreen=\"allowfullscreen\"><span data-mce-type=\"bookmark\" style=\"display: inline-block; width: 0px; overflow: hidden; line-height: 0;\" class=\"mce_SELRES_start\"><\/span><\/iframe><\/p>","protected":false},"featured_media":3941,"comment_status":"open","ping_status":"closed","template":"","meta":{"_acf_changed":false,"site-sidebar-layout":"default","site-content-layout":"","ast-site-content-layout":"default","site-content-style":"default","site-sidebar-style":"default","ast-global-header-display":"","ast-banner-title-visibility":"","ast-main-header-display":"","ast-hfb-above-header-display":"","ast-hfb-below-header-display":"","ast-hfb-mobile-header-display":"","site-post-title":"","ast-breadcrumbs-content":"","ast-featured-img":"","footer-sml-layout":"","ast-disable-related-posts":"","theme-transparent-header-meta":"default","adv-header-id-meta":"","stick-header-meta":"","header-above-stick-meta":"","header-main-stick-meta":"","header-below-stick-meta":"","astra-migrate-meta-layouts":"set","ast-page-background-enabled":"default","ast-page-background-meta":{"desktop":{"background-color":"var(--ast-global-color-5)","background-image":"","background-repeat":"repeat","background-position":"center center","background-size":"auto","background-attachment":"scroll","background-type":"","background-media":"","overlay-type":"","overlay-color":"","overlay-opacity":"","overlay-gradient":""},"tablet":{"background-color":"","background-image":"","background-repeat":"repeat","background-position":"center center","background-size":"auto","background-attachment":"scroll","background-type":"","background-media":"","overlay-type":"","overlay-color":"","overlay-opacity":"","overlay-gradient":""},"mobile":{"background-color":"","background-image":"","background-repeat":"repeat","background-position":"center center","background-size":"auto","background-attachment":"scroll","background-type":"","background-media":"","overlay-type":"","overlay-color":"","overlay-opacity":"","overlay-gradient":""}},"ast-content-background-meta":{"desktop":{"background-color":"var(--ast-global-color-4)","background-image":"","background-repeat":"repeat","background-position":"center center","background-size":"auto","background-attachment":"scroll","background-type":"","background-media":"","overlay-type":"","overlay-color":"","overlay-opacity":"","overlay-gradient":""},"tablet":{"background-color":"var(--ast-global-color-4)","background-image":"","background-repeat":"repeat","background-position":"center center","background-size":"auto","background-attachment":"scroll","background-type":"","background-media":"","overlay-type":"","overlay-color":"","overlay-opacity":"","overlay-gradient":""},"mobile":{"background-color":"var(--ast-global-color-4)","background-image":"","background-repeat":"repeat","background-position":"center center","background-size":"auto","background-attachment":"scroll","background-type":"","background-media":"","overlay-type":"","overlay-color":"","overlay-opacity":"","overlay-gradient":""}}},"design":[],"product_brand":[],"product_cat":[37],"product_tag":[],"class_list":{"0":"post-3938","1":"product","2":"type-product","3":"status-publish","4":"has-post-thumbnail","6":"product_cat-tablet-capsule-polishing-machine","7":"desktop-align-left","8":"tablet-align-left","9":"mobile-align-left","11":"first","12":"instock","13":"shipping-taxable","14":"product-type-simple"},"acf":[],"_links":{"self":[{"href":"https:\/\/pharmamachinecn.com\/es\/wp-json\/wp\/v2\/product\/3938","targetHints":{"allow":["GET"]}}],"collection":[{"href":"https:\/\/pharmamachinecn.com\/es\/wp-json\/wp\/v2\/product"}],"about":[{"href":"https:\/\/pharmamachinecn.com\/es\/wp-json\/wp\/v2\/types\/product"}],"replies":[{"embeddable":true,"href":"https:\/\/pharmamachinecn.com\/es\/wp-json\/wp\/v2\/comments?post=3938"}],"version-history":[{"count":7,"href":"https:\/\/pharmamachinecn.com\/es\/wp-json\/wp\/v2\/product\/3938\/revisions"}],"predecessor-version":[{"id":8427,"href":"https:\/\/pharmamachinecn.com\/es\/wp-json\/wp\/v2\/product\/3938\/revisions\/8427"}],"wp:featuredmedia":[{"embeddable":true,"href":"https:\/\/pharmamachinecn.com\/es\/wp-json\/wp\/v2\/media\/3941"}],"wp:attachment":[{"href":"https:\/\/pharmamachinecn.com\/es\/wp-json\/wp\/v2\/media?parent=3938"}],"wp:term":[{"taxonomy":"design","embeddable":true,"href":"https:\/\/pharmamachinecn.com\/es\/wp-json\/wp\/v2\/design?post=3938"},{"taxonomy":"product_brand","embeddable":true,"href":"https:\/\/pharmamachinecn.com\/es\/wp-json\/wp\/v2\/product_brand?post=3938"},{"taxonomy":"product_cat","embeddable":true,"href":"https:\/\/pharmamachinecn.com\/es\/wp-json\/wp\/v2\/product_cat?post=3938"},{"taxonomy":"product_tag","embeddable":true,"href":"https:\/\/pharmamachinecn.com\/es\/wp-json\/wp\/v2\/product_tag?post=3938"}],"curies":[{"name":"gracias","href":"https:\/\/api.w.org\/{rel}","templated":true}]}}