{"id":4004,"date":"2025-07-25T06:31:47","date_gmt":"2025-07-25T06:31:47","guid":{"rendered":"https:\/\/pharmamachinecn.com\/?post_type=product&#038;p=4004"},"modified":"2025-10-25T05:47:25","modified_gmt":"2025-10-25T05:47:25","slug":"zp420-rotary-tablet-press-machine","status":"publish","type":"product","link":"https:\/\/pharmamachinecn.com\/es\/zp420-rotary-tablet-press-machine\/","title":{"rendered":"Prensa rotativa para tabletas ZP420-29\/35\/39\/41"},"content":{"rendered":"<div data-elementor-type=\"product-post\" data-elementor-id=\"4004\" class=\"elementor elementor-4004\" data-elementor-post-type=\"product\">\n\t\t\t\t\t\t<section class=\"elementor-section elementor-top-section elementor-element elementor-element-70eac244 elementor-section-boxed elementor-section-height-default elementor-section-height-default\" data-id=\"70eac244\" data-element_type=\"section\" data-e-type=\"section\">\n\t\t\t\t\t\t<div class=\"elementor-container elementor-column-gap-default\">\n\t\t\t\t\t<div class=\"elementor-column elementor-col-100 elementor-top-column elementor-element elementor-element-3cf34980\" data-id=\"3cf34980\" data-element_type=\"column\" data-e-type=\"column\">\n\t\t\t<div class=\"elementor-widget-wrap elementor-element-populated\">\n\t\t\t\t\t\t<div class=\"elementor-element elementor-element-700ab4b9 elementor-widget elementor-widget-text-editor\" data-id=\"700ab4b9\" data-element_type=\"widget\" data-e-type=\"widget\" data-widget_type=\"text-editor.default\">\n\t\t\t\t<div class=\"elementor-widget-container\">\n\t\t\t\t\t\t\t\t\t<p>1. Doble prensado, descarga de tabletas por ambos lados con m\u00faltiples perforaciones. Aplicado para <strong>producci\u00f3n de tabletas a gran escala<\/strong>.<\/p><p>2. La interfaz de usuario muestra datos en tiempo real como <strong>presi\u00f3n de trabajo, velocidad de rotaci\u00f3n, salida<\/strong>, y desplazamiento del llenado del rodillo de presi\u00f3n principal.<\/p><p>3. La c\u00e1mara de compresi\u00f3n est\u00e1 encerrada con <strong>paneles acr\u00edlicos transparentes<\/strong> que abre\u00a0<span style=\"font-style: inherit; font-weight: inherit;\">Completamente para f\u00e1cil limpieza y mantenimiento.<\/span><\/p><p>4. A <strong>sensor de presi\u00f3n<\/strong> Muestra la presi\u00f3n en tiempo real y permite establecer un l\u00edmite m\u00e1ximo. La m\u00e1quina se detiene autom\u00e1ticamente. <strong>si<\/strong> <strong>la presi\u00f3n es demasiado alta<\/strong>.<\/p><p>5. El sistema de lubricaci\u00f3n autom\u00e1tica mantiene los rodillos de presi\u00f3n, las pistas y los punzones bien lubricados para <strong>prolongar la vida \u00fatil y reducir el desgaste<\/strong>.<\/p><p>6. Equipado con un motor de alta potencia y un reductor preciso para prensar tabletas a alta velocidad.<\/p><p>7. Las caracter\u00edsticas de seguridad incluyen <strong>parada de emergencia, protecci\u00f3n contra sobrepresi\u00f3n y cerraduras de puertas y ventanas.<\/strong> La m\u00e1quina es a prueba de aceite, a prueba de polvo y reduce el ruido.<\/p>\t\t\t\t\t\t\t\t<\/div>\n\t\t\t\t<\/div>\n\t\t\t\t\t<\/div>\n\t\t<\/div>\n\t\t\t\t\t<\/div>\n\t\t<\/section>\n\t\t\t\t<\/div>","protected":false},"excerpt":{"rendered":"<p>La prensa rotativa de tabletas ZP420 est\u00e1 dise\u00f1ada para <strong>Empresas farmac\u00e9uticas medianas y grandes, fabricantes de suplementos de salud y grandes l\u00edneas de producci\u00f3n<\/strong>Ofrece una capacidad ultraalta, control inteligente, gran estabilidad y durabilidad. Cuenta con un <strong>4 cilindros<\/strong> Prensa rotatoria de tabletas con m\u00faltiples perforaciones, con un sistema inteligente de control de presi\u00f3n de circuito cerrado y lubricaci\u00f3n autom\u00e1tica para garantizar que la consistencia del peso de la tableta, la dureza y la apariencia cumplan con los requisitos. <strong>Normas GMP<\/strong>Admite una prensa de alta velocidad totalmente autom\u00e1tica y satisface todas las necesidades de producci\u00f3n, desde<strong> Fabricaci\u00f3n a gran escala con estricto control de procesos<\/strong>\u2014lo que la convierte en la mejor opci\u00f3n para las compa\u00f1\u00edas farmac\u00e9uticas modernas.<\/p>\n<p><img fetchpriority=\"high\" decoding=\"async\" class=\"alignnone wp-image-4006\" src=\"https:\/\/pharmamachinecn.com\/wp-content\/uploads\/2025\/07\/7.png\" alt=\"\" width=\"600\" height=\"376\" srcset=\"https:\/\/pharmamachinecn.com\/wp-content\/uploads\/2025\/07\/7.png 910w, https:\/\/pharmamachinecn.com\/wp-content\/uploads\/2025\/07\/7-600x376.png 600w, https:\/\/pharmamachinecn.com\/wp-content\/uploads\/2025\/07\/7-300x188.png 300w, https:\/\/pharmamachinecn.com\/wp-content\/uploads\/2025\/07\/7-768x482.png 768w, https:\/\/pharmamachinecn.com\/wp-content\/uploads\/2025\/07\/7-18x12.png 18w\" sizes=\"(max-width: 600px) 100vw, 600px\" \/><\/p>","protected":false},"featured_media":4013,"comment_status":"open","ping_status":"closed","template":"","meta":{"_acf_changed":false,"site-sidebar-layout":"default","site-content-layout":"","ast-site-content-layout":"default","site-content-style":"default","site-sidebar-style":"default","ast-global-header-display":"","ast-banner-title-visibility":"","ast-main-header-display":"","ast-hfb-above-header-display":"","ast-hfb-below-header-display":"","ast-hfb-mobile-header-display":"","site-post-title":"","ast-breadcrumbs-content":"","ast-featured-img":"","footer-sml-layout":"","ast-disable-related-posts":"","theme-transparent-header-meta":"default","adv-header-id-meta":"","stick-header-meta":"","header-above-stick-meta":"","header-main-stick-meta":"","header-below-stick-meta":"","astra-migrate-meta-layouts":"set","ast-page-background-enabled":"default","ast-page-background-meta":{"desktop":{"background-color":"var(--ast-global-color-5)","background-image":"","background-repeat":"repeat","background-position":"center center","background-size":"auto","background-attachment":"scroll","background-type":"","background-media":"","overlay-type":"","overlay-color":"","overlay-opacity":"","overlay-gradient":""},"tablet":{"background-color":"","background-image":"","background-repeat":"repeat","background-position":"center center","background-size":"auto","background-attachment":"scroll","background-type":"","background-media":"","overlay-type":"","overlay-color":"","overlay-opacity":"","overlay-gradient":""},"mobile":{"background-color":"","background-image":"","background-repeat":"repeat","background-position":"center center","background-size":"auto","background-attachment":"scroll","background-type":"","background-media":"","overlay-type":"","overlay-color":"","overlay-opacity":"","overlay-gradient":""}},"ast-content-background-meta":{"desktop":{"background-color":"var(--ast-global-color-4)","background-image":"","background-repeat":"repeat","background-position":"center center","background-size":"auto","background-attachment":"scroll","background-type":"","background-media":"","overlay-type":"","overlay-color":"","overlay-opacity":"","overlay-gradient":""},"tablet":{"background-color":"var(--ast-global-color-4)","background-image":"","background-repeat":"repeat","background-position":"center center","background-size":"auto","background-attachment":"scroll","background-type":"","background-media":"","overlay-type":"","overlay-color":"","overlay-opacity":"","overlay-gradient":""},"mobile":{"background-color":"var(--ast-global-color-4)","background-image":"","background-repeat":"repeat","background-position":"center center","background-size":"auto","background-attachment":"scroll","background-type":"","background-media":"","overlay-type":"","overlay-color":"","overlay-opacity":"","overlay-gradient":""}}},"design":[],"product_brand":[],"product_cat":[34],"product_tag":[],"class_list":{"0":"post-4004","1":"product","2":"type-product","3":"status-publish","4":"has-post-thumbnail","6":"product_cat-rotary-tablet-press-machine","7":"desktop-align-left","8":"tablet-align-left","9":"mobile-align-left","11":"first","12":"instock","13":"shipping-taxable","14":"product-type-simple"},"acf":[],"_links":{"self":[{"href":"https:\/\/pharmamachinecn.com\/es\/wp-json\/wp\/v2\/product\/4004","targetHints":{"allow":["GET"]}}],"collection":[{"href":"https:\/\/pharmamachinecn.com\/es\/wp-json\/wp\/v2\/product"}],"about":[{"href":"https:\/\/pharmamachinecn.com\/es\/wp-json\/wp\/v2\/types\/product"}],"replies":[{"embeddable":true,"href":"https:\/\/pharmamachinecn.com\/es\/wp-json\/wp\/v2\/comments?post=4004"}],"version-history":[{"count":15,"href":"https:\/\/pharmamachinecn.com\/es\/wp-json\/wp\/v2\/product\/4004\/revisions"}],"predecessor-version":[{"id":8106,"href":"https:\/\/pharmamachinecn.com\/es\/wp-json\/wp\/v2\/product\/4004\/revisions\/8106"}],"wp:featuredmedia":[{"embeddable":true,"href":"https:\/\/pharmamachinecn.com\/es\/wp-json\/wp\/v2\/media\/4013"}],"wp:attachment":[{"href":"https:\/\/pharmamachinecn.com\/es\/wp-json\/wp\/v2\/media?parent=4004"}],"wp:term":[{"taxonomy":"design","embeddable":true,"href":"https:\/\/pharmamachinecn.com\/es\/wp-json\/wp\/v2\/design?post=4004"},{"taxonomy":"product_brand","embeddable":true,"href":"https:\/\/pharmamachinecn.com\/es\/wp-json\/wp\/v2\/product_brand?post=4004"},{"taxonomy":"product_cat","embeddable":true,"href":"https:\/\/pharmamachinecn.com\/es\/wp-json\/wp\/v2\/product_cat?post=4004"},{"taxonomy":"product_tag","embeddable":true,"href":"https:\/\/pharmamachinecn.com\/es\/wp-json\/wp\/v2\/product_tag?post=4004"}],"curies":[{"name":"gracias","href":"https:\/\/api.w.org\/{rel}","templated":true}]}}