{"id":8448,"date":"2025-11-06T05:28:34","date_gmt":"2025-11-06T05:28:34","guid":{"rendered":"https:\/\/pharmamachinecn.com\/?post_type=product&#038;p=8448"},"modified":"2025-12-04T03:18:17","modified_gmt":"2025-12-04T03:18:17","slug":"ftp-110a-capsule-polishing-machine","status":"publish","type":"product","link":"https:\/\/pharmamachinecn.com\/es\/ftp-110a-capsule-polishing-machine\/","title":{"rendered":"M\u00e1quina pulidora de c\u00e1psulas FTP-110A"},"content":{"rendered":"<div data-elementor-type=\"product-post\" data-elementor-id=\"8448\" class=\"elementor elementor-8448\" data-elementor-post-type=\"product\">\n\t\t\t\t\t\t<section class=\"elementor-section elementor-top-section elementor-element elementor-element-70eac244 elementor-section-boxed elementor-section-height-default elementor-section-height-default\" data-id=\"70eac244\" data-element_type=\"section\" data-e-type=\"section\">\n\t\t\t\t\t\t<div class=\"elementor-container elementor-column-gap-default\">\n\t\t\t\t\t<div class=\"elementor-column elementor-col-100 elementor-top-column elementor-element elementor-element-3cf34980\" data-id=\"3cf34980\" data-element_type=\"column\" data-e-type=\"column\">\n\t\t\t<div class=\"elementor-widget-wrap elementor-element-populated\">\n\t\t\t\t\t\t<div class=\"elementor-element elementor-element-700ab4b9 elementor-widget elementor-widget-text-editor\" data-id=\"700ab4b9\" data-element_type=\"widget\" data-e-type=\"widget\" data-widget_type=\"text-editor.default\">\n\t\t\t\t<div class=\"elementor-widget-container\">\n\t\t\t\t\t\t\t\t\t<p>La altura y el \u00e1ngulo se pueden ajustar para adaptarse a cualquier conducto de las m\u00e1quinas de llenado de c\u00e1psulas y de los equipos de prensado de tabletas.<\/p><figure id=\"attachment_8396\" aria-describedby=\"caption-attachment-8396\" style=\"width: 1504px\" class=\"wp-caption aligncenter\"><img fetchpriority=\"high\" decoding=\"async\" class=\"size-full wp-image-8396\" src=\"https:\/\/pharmamachinecn.com\/wp-content\/uploads\/2025\/11\/capsule-polishing-machine-diagram.jpg\" alt=\"Diagrama de la m\u00e1quina pulidora de c\u00e1psulas\" width=\"1504\" height=\"1160\" srcset=\"https:\/\/pharmamachinecn.com\/wp-content\/uploads\/2025\/11\/capsule-polishing-machine-diagram.jpg 1504w, https:\/\/pharmamachinecn.com\/wp-content\/uploads\/2025\/11\/capsule-polishing-machine-diagram-300x231.jpg 300w, https:\/\/pharmamachinecn.com\/wp-content\/uploads\/2025\/11\/capsule-polishing-machine-diagram-1024x790.jpg 1024w, https:\/\/pharmamachinecn.com\/wp-content\/uploads\/2025\/11\/capsule-polishing-machine-diagram-768x592.jpg 768w, https:\/\/pharmamachinecn.com\/wp-content\/uploads\/2025\/11\/capsule-polishing-machine-diagram-16x12.jpg 16w, https:\/\/pharmamachinecn.com\/wp-content\/uploads\/2025\/11\/capsule-polishing-machine-diagram-600x463.jpg 600w\" sizes=\"(max-width: 1504px) 100vw, 1504px\" \/><figcaption id=\"caption-attachment-8396\" class=\"wp-caption-text\"><strong>Diagrama de m\u00e1quina pulidora de c\u00e1psulas.<\/strong><\/figcaption><\/figure><p>Puede eliminar la est\u00e1tica y rechazar autom\u00e1ticamente c\u00e1psulas ultraligeras, fragmentos y c\u00e1psulas vac\u00edas.<\/p><p>El nuevo tipo de cilindro de malla garantiza que no se produzcan atascos de c\u00e1psulas durante el funcionamiento.<\/p><p>Las c\u00e1psulas no est\u00e1n en contacto directo con la malla met\u00e1lica para proteger eficazmente la c\u00e1psula impresa.<\/p><p>El nuevo tipo de cepillo es duradero y se puede cambiar f\u00e1cilmente.<\/p><p>Excelente dise\u00f1o para una limpieza r\u00e1pida y un mantenimiento sencillo.<\/p><p>Incorpora un convertidor de frecuencia, ideal para largas horas de funcionamiento continuo.<\/p><p>Accionamiento mediante correa s\u00edncrona para reducir el ruido y las vibraciones de la m\u00e1quina.<\/p><p>Es apto para c\u00e1psulas de todos los tama\u00f1os sin necesidad de cambiar piezas.<\/p><p>Todas las piezas principales est\u00e1n fabricadas en acero inoxidable de primera calidad y cumplen con los requisitos GMP farmac\u00e9uticos.<\/p>\t\t\t\t\t\t\t\t<\/div>\n\t\t\t\t<\/div>\n\t\t\t\t\t<\/div>\n\t\t<\/div>\n\t\t\t\t\t<\/div>\n\t\t<\/section>\n\t\t\t\t<\/div>","protected":false},"excerpt":{"rendered":"<p>La FTP-110A es una pulidora de c\u00e1psulas de nuevo dise\u00f1o para pulir c\u00e1psulas y tabletas; es imprescindible para cualquier empresa que produzca c\u00e1psulas de gelatina dura.<\/p>\n<p><img decoding=\"async\" class=\"alignnone size-full wp-image-6460\" src=\"https:\/\/pharmamachinecn.com\/wp-content\/uploads\/2025\/07\/capsule-and-tablets-sample.jpg\" alt=\"\" width=\"900\" height=\"600\" srcset=\"https:\/\/pharmamachinecn.com\/wp-content\/uploads\/2025\/07\/capsule-and-tablets-sample.jpg 900w, https:\/\/pharmamachinecn.com\/wp-content\/uploads\/2025\/07\/capsule-and-tablets-sample-300x200.jpg 300w, https:\/\/pharmamachinecn.com\/wp-content\/uploads\/2025\/07\/capsule-and-tablets-sample-768x512.jpg 768w, https:\/\/pharmamachinecn.com\/wp-content\/uploads\/2025\/07\/capsule-and-tablets-sample-18x12.jpg 18w, https:\/\/pharmamachinecn.com\/wp-content\/uploads\/2025\/07\/capsule-and-tablets-sample-600x400.jpg 600w\" sizes=\"(max-width: 900px) 100vw, 900px\" \/><\/p>","protected":false},"featured_media":8450,"comment_status":"open","ping_status":"closed","template":"","meta":{"_acf_changed":false,"site-sidebar-layout":"default","site-content-layout":"","ast-site-content-layout":"default","site-content-style":"default","site-sidebar-style":"default","ast-global-header-display":"","ast-banner-title-visibility":"","ast-main-header-display":"","ast-hfb-above-header-display":"","ast-hfb-below-header-display":"","ast-hfb-mobile-header-display":"","site-post-title":"","ast-breadcrumbs-content":"","ast-featured-img":"","footer-sml-layout":"","ast-disable-related-posts":"","theme-transparent-header-meta":"default","adv-header-id-meta":"","stick-header-meta":"","header-above-stick-meta":"","header-main-stick-meta":"","header-below-stick-meta":"","astra-migrate-meta-layouts":"set","ast-page-background-enabled":"default","ast-page-background-meta":{"desktop":{"background-color":"var(--ast-global-color-5)","background-image":"","background-repeat":"repeat","background-position":"center center","background-size":"auto","background-attachment":"scroll","background-type":"","background-media":"","overlay-type":"","overlay-color":"","overlay-opacity":"","overlay-gradient":""},"tablet":{"background-color":"","background-image":"","background-repeat":"repeat","background-position":"center center","background-size":"auto","background-attachment":"scroll","background-type":"","background-media":"","overlay-type":"","overlay-color":"","overlay-opacity":"","overlay-gradient":""},"mobile":{"background-color":"","background-image":"","background-repeat":"repeat","background-position":"center center","background-size":"auto","background-attachment":"scroll","background-type":"","background-media":"","overlay-type":"","overlay-color":"","overlay-opacity":"","overlay-gradient":""}},"ast-content-background-meta":{"desktop":{"background-color":"var(--ast-global-color-4)","background-image":"","background-repeat":"repeat","background-position":"center center","background-size":"auto","background-attachment":"scroll","background-type":"","background-media":"","overlay-type":"","overlay-color":"","overlay-opacity":"","overlay-gradient":""},"tablet":{"background-color":"var(--ast-global-color-4)","background-image":"","background-repeat":"repeat","background-position":"center center","background-size":"auto","background-attachment":"scroll","background-type":"","background-media":"","overlay-type":"","overlay-color":"","overlay-opacity":"","overlay-gradient":""},"mobile":{"background-color":"var(--ast-global-color-4)","background-image":"","background-repeat":"repeat","background-position":"center center","background-size":"auto","background-attachment":"scroll","background-type":"","background-media":"","overlay-type":"","overlay-color":"","overlay-opacity":"","overlay-gradient":""}}},"design":[],"product_brand":[],"product_cat":[37],"product_tag":[],"class_list":{"0":"post-8448","1":"product","2":"type-product","3":"status-publish","4":"has-post-thumbnail","6":"product_cat-tablet-capsule-polishing-machine","7":"desktop-align-left","8":"tablet-align-left","9":"mobile-align-left","11":"first","12":"instock","13":"shipping-taxable","14":"product-type-simple"},"acf":[],"_links":{"self":[{"href":"https:\/\/pharmamachinecn.com\/es\/wp-json\/wp\/v2\/product\/8448","targetHints":{"allow":["GET"]}}],"collection":[{"href":"https:\/\/pharmamachinecn.com\/es\/wp-json\/wp\/v2\/product"}],"about":[{"href":"https:\/\/pharmamachinecn.com\/es\/wp-json\/wp\/v2\/types\/product"}],"replies":[{"embeddable":true,"href":"https:\/\/pharmamachinecn.com\/es\/wp-json\/wp\/v2\/comments?post=8448"}],"version-history":[{"count":14,"href":"https:\/\/pharmamachinecn.com\/es\/wp-json\/wp\/v2\/product\/8448\/revisions"}],"predecessor-version":[{"id":9804,"href":"https:\/\/pharmamachinecn.com\/es\/wp-json\/wp\/v2\/product\/8448\/revisions\/9804"}],"wp:featuredmedia":[{"embeddable":true,"href":"https:\/\/pharmamachinecn.com\/es\/wp-json\/wp\/v2\/media\/8450"}],"wp:attachment":[{"href":"https:\/\/pharmamachinecn.com\/es\/wp-json\/wp\/v2\/media?parent=8448"}],"wp:term":[{"taxonomy":"design","embeddable":true,"href":"https:\/\/pharmamachinecn.com\/es\/wp-json\/wp\/v2\/design?post=8448"},{"taxonomy":"product_brand","embeddable":true,"href":"https:\/\/pharmamachinecn.com\/es\/wp-json\/wp\/v2\/product_brand?post=8448"},{"taxonomy":"product_cat","embeddable":true,"href":"https:\/\/pharmamachinecn.com\/es\/wp-json\/wp\/v2\/product_cat?post=8448"},{"taxonomy":"product_tag","embeddable":true,"href":"https:\/\/pharmamachinecn.com\/es\/wp-json\/wp\/v2\/product_tag?post=8448"}],"curies":[{"name":"gracias","href":"https:\/\/api.w.org\/{rel}","templated":true}]}}