{"id":1452,"date":"2025-07-10T07:58:38","date_gmt":"2025-07-10T07:58:38","guid":{"rendered":"https:\/\/pharmamachinecn.com\/?page_id=1452"},"modified":"2025-07-10T07:58:41","modified_gmt":"2025-07-10T07:58:41","slug":"refund-and-returns-policy","status":"publish","type":"page","link":"https:\/\/pharmamachinecn.com\/fr\/refund-and-returns-policy\/","title":{"rendered":"Politique de remboursement et de retour"},"content":{"rendered":"<h2 class=\"wp-block-heading\"><strong>Annulation et remboursement<\/strong><strong><\/strong><\/h2>\n\n\n\n<p>Nous acceptons les annulations uniquement dans les 24 heures suivant votre commande et vous remboursons les frais. Veuillez noter qu&#039;une commande ne peut pas \u00eatre annul\u00e9e si elle est en cours de production ou d\u00e9j\u00e0 exp\u00e9di\u00e9e.<\/p>\n\n\n\n<h2 class=\"wp-block-heading\"><strong>Retours<\/strong><strong><\/strong><\/h2>\n\n\n\n<p>Nous n&#039;acceptons aucun retour de produits. En cas de dommage non humain, si les accessoires du produit perturbent son fonctionnement normal, nous pouvons vous fournir gratuitement de nouveaux accessoires et vous les exp\u00e9dier, mais les frais de port sont \u00e0 votre charge.<\/p>\n\n\n\n<h2 class=\"wp-block-heading\"><strong>Remboursements tardifs ou manquants<\/strong><strong><\/strong><\/h2>\n\n\n\n<p>Si vous n&#039;avez pas encore re\u00e7u de remboursement, veuillez d&#039;abord v\u00e9rifier votre compte bancaire.<\/p>\n\n\n\n<p>Contactez ensuite votre soci\u00e9t\u00e9 de carte de cr\u00e9dit, car cela peut prendre un certain temps avant que votre remboursement ne soit officiellement publi\u00e9.<\/p>\n\n\n\n<p>Ensuite, contactez votre banque. Un d\u00e9lai de traitement est souvent n\u00e9cessaire avant qu&#039;un remboursement ne soit effectu\u00e9. Si vous n&#039;avez toujours pas re\u00e7u votre remboursement apr\u00e8s avoir effectu\u00e9 toutes ces d\u00e9marches, veuillez nous contacter \u00e0 l&#039;adresse suivante\u00a0:\u00a0<a href=\"mailto:info@pharmamachinecn.com\">info@pharmamachinecn.com<\/a>.<\/p>\n\n\n\n<p>Contactez-nous pour toute question relative aux remboursements et aux retours.<\/p>\n\n\n\n<p><\/p>","protected":false},"excerpt":{"rendered":"<p>Cancellation and Refund We only accept cancellations within 24 hours of your order and refund the fee to you. Please [&hellip;]<\/p>\n","protected":false},"author":1,"featured_media":0,"parent":0,"menu_order":0,"comment_status":"closed","ping_status":"closed","template":"","meta":{"_acf_changed":false,"site-sidebar-layout":"default","site-content-layout":"","ast-site-content-layout":"default","site-content-style":"default","site-sidebar-style":"default","ast-global-header-display":"","ast-banner-title-visibility":"","ast-main-header-display":"","ast-hfb-above-header-display":"","ast-hfb-below-header-display":"","ast-hfb-mobile-header-display":"","site-post-title":"","ast-breadcrumbs-content":"","ast-featured-img":"","footer-sml-layout":"","ast-disable-related-posts":"","theme-transparent-header-meta":"","adv-header-id-meta":"","stick-header-meta":"","header-above-stick-meta":"","header-main-stick-meta":"","header-below-stick-meta":"","astra-migrate-meta-layouts":"default","ast-page-background-enabled":"default","ast-page-background-meta":{"desktop":{"background-color":"var(--ast-global-color-5)","background-image":"","background-repeat":"repeat","background-position":"center center","background-size":"auto","background-attachment":"scroll","background-type":"","background-media":"","overlay-type":"","overlay-color":"","overlay-opacity":"","overlay-gradient":""},"tablet":{"background-color":"","background-image":"","background-repeat":"repeat","background-position":"center center","background-size":"auto","background-attachment":"scroll","background-type":"","background-media":"","overlay-type":"","overlay-color":"","overlay-opacity":"","overlay-gradient":""},"mobile":{"background-color":"","background-image":"","background-repeat":"repeat","background-position":"center center","background-size":"auto","background-attachment":"scroll","background-type":"","background-media":"","overlay-type":"","overlay-color":"","overlay-opacity":"","overlay-gradient":""}},"ast-content-background-meta":{"desktop":{"background-color":"var(--ast-global-color-4)","background-image":"","background-repeat":"repeat","background-position":"center center","background-size":"auto","background-attachment":"scroll","background-type":"","background-media":"","overlay-type":"","overlay-color":"","overlay-opacity":"","overlay-gradient":""},"tablet":{"background-color":"var(--ast-global-color-4)","background-image":"","background-repeat":"repeat","background-position":"center center","background-size":"auto","background-attachment":"scroll","background-type":"","background-media":"","overlay-type":"","overlay-color":"","overlay-opacity":"","overlay-gradient":""},"mobile":{"background-color":"var(--ast-global-color-4)","background-image":"","background-repeat":"repeat","background-position":"center center","background-size":"auto","background-attachment":"scroll","background-type":"","background-media":"","overlay-type":"","overlay-color":"","overlay-opacity":"","overlay-gradient":""}},"footnotes":""},"class_list":["post-1452","page","type-page","status-publish","hentry"],"acf":[],"_links":{"self":[{"href":"https:\/\/pharmamachinecn.com\/fr\/wp-json\/wp\/v2\/pages\/1452","targetHints":{"allow":["GET"]}}],"collection":[{"href":"https:\/\/pharmamachinecn.com\/fr\/wp-json\/wp\/v2\/pages"}],"about":[{"href":"https:\/\/pharmamachinecn.com\/fr\/wp-json\/wp\/v2\/types\/page"}],"author":[{"embeddable":true,"href":"https:\/\/pharmamachinecn.com\/fr\/wp-json\/wp\/v2\/users\/1"}],"replies":[{"embeddable":true,"href":"https:\/\/pharmamachinecn.com\/fr\/wp-json\/wp\/v2\/comments?post=1452"}],"version-history":[{"count":0,"href":"https:\/\/pharmamachinecn.com\/fr\/wp-json\/wp\/v2\/pages\/1452\/revisions"}],"wp:attachment":[{"href":"https:\/\/pharmamachinecn.com\/fr\/wp-json\/wp\/v2\/media?parent=1452"}],"curies":[{"name":"wp","href":"https:\/\/api.w.org\/{rel}","templated":true}]}}