{"id":3,"date":"2025-06-11T00:43:22","date_gmt":"2025-06-11T00:43:22","guid":{"rendered":"https:\/\/pharmamachinecn.com\/?page_id=3"},"modified":"2025-07-10T07:57:12","modified_gmt":"2025-07-10T07:57:12","slug":"privacy-policy","status":"publish","type":"page","link":"https:\/\/pharmamachinecn.com\/fr\/privacy-policy\/","title":{"rendered":"politique de confidentialit\u00e9"},"content":{"rendered":"<h2 class=\"wp-block-heading\">D\u00c9CLARATION DE CONFIDENTIALIT\u00c9<\/h2>\n\n\n\n<p>Nous prenons votre vie priv\u00e9e au s\u00e9rieux et cette d\u00e9claration de confidentialit\u00e9 explique comment pharmamachinecn.com (collectivement, \u00ab nous \u00bb, \u00ab notre \u00bb ou \u00ab nos \u00bb) collecte, utilise, partage et traite vos informations.<\/p>\n\n\n\n<h3 class=\"wp-block-heading\">Collecte et utilisation des donn\u00e9es personnelles<\/h3>\n\n\n\n<p>Les donn\u00e9es personnelles sont des informations permettant de vous identifier directement ou indirectement. Elles comprennent \u00e9galement des donn\u00e9es anonymes li\u00e9es \u00e0 des informations permettant de vous identifier directement ou indirectement. Elles ne comprennent pas les donn\u00e9es anonymis\u00e9es ou agr\u00e9g\u00e9es de mani\u00e8re irr\u00e9versible, de sorte qu&#039;elles ne nous permettent plus, que ce soit en combinaison avec d&#039;autres informations ou autrement, de vous identifier.<\/p>\n\n\n\n<h3 class=\"wp-block-heading\">Promouvoir la s\u00fbret\u00e9 et la s\u00e9curit\u00e9<\/h3>\n\n\n\n<p>Nous respectons les principes de l\u00e9galit\u00e9, de l\u00e9gitimit\u00e9 et de transparence, utilisons et traitons le moins de donn\u00e9es possible dans un cadre limit\u00e9, et prenons des mesures techniques et administratives pour prot\u00e9ger la s\u00e9curit\u00e9 des donn\u00e9es. Nous utilisons les donn\u00e9es personnelles pour v\u00e9rifier les comptes et l&#039;activit\u00e9 des utilisateurs, ainsi que pour promouvoir la s\u00e9curit\u00e9, notamment en surveillant les fraudes et en enqu\u00eatant sur les activit\u00e9s suspectes ou potentiellement ill\u00e9gales, ou sur les violations de nos conditions g\u00e9n\u00e9rales ou politiques. Ce traitement repose sur notre int\u00e9r\u00eat l\u00e9gitime \u00e0 garantir la s\u00e9curit\u00e9 de nos produits et services.<\/p>\n\n\n\n<p>Voici une description des types de donn\u00e9es personnelles que nous pouvons collecter et de la mani\u00e8re dont nous pouvons les utiliser :<\/p>\n\n\n\n<h3 class=\"wp-block-heading\">Quelles donn\u00e9es personnelles nous collectons<\/h3>\n\n\n\n<h4 class=\"wp-block-heading\">\u2170. Donn\u00e9es que vous fournissez :<\/h4>\n\n\n\n<p>Nous collectons les donn\u00e9es personnelles que vous fournissez lorsque vous utilisez nos produits et services ou interagissez avec nous, par exemple lorsque vous cr\u00e9ez un compte, nous contactez, participez \u00e0 une enqu\u00eate en ligne, utilisez notre aide en ligne ou notre chat en ligne. Si vous effectuez un achat, nous collectons des donn\u00e9es personnelles li\u00e9es \u00e0 cet achat. Ces donn\u00e9es incluent vos donn\u00e9es de paiement, telles que votre num\u00e9ro de carte de cr\u00e9dit ou de d\u00e9bit et d&#039;autres informations de carte, ainsi que d&#039;autres informations de compte et d&#039;authentification, ainsi que vos coordonn\u00e9es de facturation, d&#039;exp\u00e9dition et de contact.<\/p>\n\n\n\n<h4 class=\"wp-block-heading\">\u2171. Donn\u00e9es sur l&#039;utilisation de nos services et produits :<\/h4>\n\n\n\n<p>Lorsque vous consultez nos sites web, nous pouvons collecter des donn\u00e9es sur le type d&#039;appareil que vous utilisez, son identifiant unique, son adresse IP, son syst\u00e8me d&#039;exploitation, le type de navigateur Internet que vous utilisez, des informations d&#039;utilisation, des informations de diagnostic et des informations de localisation provenant des ordinateurs, t\u00e9l\u00e9phones ou autres appareils sur lesquels vous installez ou acc\u00e9dez \u00e0 nos produits ou services. Le cas \u00e9ch\u00e9ant, nos services peuvent utiliser le GPS, votre adresse IP et d&#039;autres technologies pour d\u00e9terminer la localisation approximative d&#039;un appareil et ainsi nous permettre d&#039;am\u00e9liorer nos produits et services.<\/p>\n\n\n\n<h3 class=\"wp-block-heading\">Comment nous utilisons vos donn\u00e9es personnelles<\/h3>\n\n\n\n<p>De mani\u00e8re g\u00e9n\u00e9rale, nous utilisons les donn\u00e9es personnelles pour fournir, am\u00e9liorer et d\u00e9velopper nos produits et services, pour communiquer avec vous, pour vous proposer des publicit\u00e9s et des services cibl\u00e9s et pour nous prot\u00e9ger ainsi que nos clients.<\/p>\n\n\n\n<h4 class=\"wp-block-heading\">\u2170. Fournir, am\u00e9liorer et d\u00e9velopper nos produits et services :<\/h4>\n\n\n\n<p>Nous utilisons les donn\u00e9es personnelles pour fournir, am\u00e9liorer et d\u00e9velopper nos produits, services et publicit\u00e9s. Cela inclut l&#039;utilisation des donn\u00e9es personnelles \u00e0 des fins d&#039;analyse, de recherche et d&#039;audit. Ce traitement est bas\u00e9 sur notre int\u00e9r\u00eat l\u00e9gitime \u00e0 vous proposer des produits et services et \u00e0 assurer la continuit\u00e9 de nos activit\u00e9s. Si vous participez \u00e0 un concours ou \u00e0 une autre promotion, nous pouvons utiliser les donn\u00e9es personnelles que vous fournissez pour g\u00e9rer ces programmes. Certaines de ces activit\u00e9s sont soumises \u00e0 des r\u00e8gles suppl\u00e9mentaires, qui peuvent contenir des informations suppl\u00e9mentaires sur la mani\u00e8re dont nous utilisons les donn\u00e9es personnelles. Nous vous encourageons donc \u00e0 les lire attentivement avant de participer.<\/p>\n\n\n\n<h4 class=\"wp-block-heading\">\u2171. Communiquer avec vous :<\/h4>\n\n\n\n<p>Sous r\u00e9serve de votre consentement pr\u00e9alable et expr\u00e8s, nous pouvons utiliser vos donn\u00e9es personnelles pour vous envoyer des communications marketing concernant nos produits et services, communiquer avec vous au sujet de votre compte ou de vos transactions, et vous informer de nos politiques et conditions. Si vous ne souhaitez plus recevoir de communications marketing par e-mail, veuillez nous contacter pour vous d\u00e9sinscrire. Nous pouvons \u00e9galement utiliser vos donn\u00e9es pour traiter et r\u00e9pondre \u00e0 vos demandes lorsque vous nous contactez.<\/p>\n\n\n\n<p><strong>NOTE:&nbsp;<\/strong>Pour toutes les utilisations de vos donn\u00e9es d\u00e9crites ci-dessus n\u00e9cessitant votre consentement expr\u00e8s pr\u00e9alable, sachez que vous pouvez retirer votre consentement en nous contactant.<\/p>\n\n\n\n<h2 class=\"wp-block-heading\">Vos droits<\/h2>\n\n\n\n<p>Nous prenons des mesures raisonnables pour garantir que vos donn\u00e9es personnelles sont exactes, compl\u00e8tes et \u00e0 jour. Vous disposez d&#039;un droit d&#039;acc\u00e8s, de rectification ou de suppression des donn\u00e9es personnelles que nous collectons. Vous avez \u00e9galement le droit de restreindre ou de vous opposer, \u00e0 tout moment, au traitement ult\u00e9rieur de vos donn\u00e9es personnelles. Vous avez le droit de recevoir vos donn\u00e9es personnelles dans un format structur\u00e9 et standard. Vous pouvez d\u00e9poser une plainte aupr\u00e8s de l&#039;autorit\u00e9 comp\u00e9tente en mati\u00e8re de protection des donn\u00e9es concernant le traitement de vos donn\u00e9es personnelles. Afin de prot\u00e9ger la confidentialit\u00e9 et la s\u00e9curit\u00e9 de vos donn\u00e9es personnelles, nous pouvons vous demander des donn\u00e9es afin de confirmer votre identit\u00e9 et votre droit d&#039;acc\u00e8s \u00e0 ces donn\u00e9es, ainsi que pour rechercher et vous fournir les donn\u00e9es personnelles que nous conservons. Dans certains cas, les lois ou exigences r\u00e9glementaires applicables nous autorisent ou nous obligent \u00e0 refuser de fournir ou de supprimer tout ou partie des donn\u00e9es personnelles que nous conservons. Vous pouvez nous contacter pour exercer vos droits. Nous r\u00e9pondrons \u00e0 votre demande dans un d\u00e9lai raisonnable, et en tout \u00e9tat de cause dans un d\u00e9lai inf\u00e9rieur \u00e0 30 jours.<\/p>\n\n\n\n<h2 class=\"wp-block-heading\">S\u00e9curit\u00e9, int\u00e9grit\u00e9 et conservation des donn\u00e9es<\/h2>\n\n\n\n<p>Nous utilisons des mesures de s\u00e9curit\u00e9 techniques, administratives et physiques raisonnables pour prot\u00e9ger et emp\u00eacher tout acc\u00e8s non autoris\u00e9 \u00e0 vos donn\u00e9es et pour utiliser correctement les donn\u00e9es que nous collectons. Nous conserverons vos donn\u00e9es personnelles aussi longtemps que n\u00e9cessaire pour atteindre les finalit\u00e9s d\u00e9crites dans la pr\u00e9sente D\u00e9claration de confidentialit\u00e9, sauf si une p\u00e9riode de conservation plus longue est requise ou autoris\u00e9e par la loi.<\/p>\n\n\n\n<h2 class=\"wp-block-heading\">Modifications apport\u00e9es \u00e0 la pr\u00e9sente d\u00e9claration de confidentialit\u00e9<\/h2>\n\n\n\n<p>Nous sommes susceptibles de modifier p\u00e9riodiquement la pr\u00e9sente D\u00e9claration de confidentialit\u00e9 afin de nous adapter aux nouvelles technologies, aux pratiques du secteur et aux exigences r\u00e9glementaires, entre autres. En continuant \u00e0 utiliser nos produits et services apr\u00e8s la date d&#039;entr\u00e9e en vigueur de la D\u00e9claration de confidentialit\u00e9, vous acceptez la version r\u00e9vis\u00e9e. Si vous n&#039;acceptez pas la version r\u00e9vis\u00e9e, veuillez vous abstenir d&#039;utiliser nos produits ou services et nous contacter pour fermer tout compte que vous auriez cr\u00e9\u00e9.<\/p>\n\n\n\n<h2 class=\"wp-block-heading\">Contactez-nous<\/h2>\n\n\n\n<p>Si vous avez des questions concernant cette d\u00e9claration de confidentialit\u00e9 ou sa mise en \u0153uvre, voici comment vous pouvez nous contacter :\u00a0<a href=\"mailto:info@pharmamachinecn.com\">info@pharmamachinecn.com<\/a>.<\/p>","protected":false},"excerpt":{"rendered":"<p>PRIVACY STATEMENT We take your privacy seriously and this privacy statement explains how pharmamachinecn.com (collectively, \u201cwe,\u201d \u201cus,\u201d or \u201cour\u201d) collect, [&hellip;]<\/p>\n","protected":false},"author":1,"featured_media":0,"parent":0,"menu_order":0,"comment_status":"closed","ping_status":"open","template":"","meta":{"_acf_changed":false,"site-sidebar-layout":"default","site-content-layout":"","ast-site-content-layout":"default","site-content-style":"default","site-sidebar-style":"default","ast-global-header-display":"","ast-banner-title-visibility":"","ast-main-header-display":"","ast-hfb-above-header-display":"","ast-hfb-below-header-display":"","ast-hfb-mobile-header-display":"","site-post-title":"","ast-breadcrumbs-content":"","ast-featured-img":"","footer-sml-layout":"","ast-disable-related-posts":"","theme-transparent-header-meta":"","adv-header-id-meta":"","stick-header-meta":"","header-above-stick-meta":"","header-main-stick-meta":"","header-below-stick-meta":"","astra-migrate-meta-layouts":"default","ast-page-background-enabled":"default","ast-page-background-meta":{"desktop":{"background-color":"var(--ast-global-color-5)","background-image":"","background-repeat":"repeat","background-position":"center center","background-size":"auto","background-attachment":"scroll","background-type":"","background-media":"","overlay-type":"","overlay-color":"","overlay-opacity":"","overlay-gradient":""},"tablet":{"background-color":"","background-image":"","background-repeat":"repeat","background-position":"center center","background-size":"auto","background-attachment":"scroll","background-type":"","background-media":"","overlay-type":"","overlay-color":"","overlay-opacity":"","overlay-gradient":""},"mobile":{"background-color":"","background-image":"","background-repeat":"repeat","background-position":"center center","background-size":"auto","background-attachment":"scroll","background-type":"","background-media":"","overlay-type":"","overlay-color":"","overlay-opacity":"","overlay-gradient":""}},"ast-content-background-meta":{"desktop":{"background-color":"var(--ast-global-color-4)","background-image":"","background-repeat":"repeat","background-position":"center center","background-size":"auto","background-attachment":"scroll","background-type":"","background-media":"","overlay-type":"","overlay-color":"","overlay-opacity":"","overlay-gradient":""},"tablet":{"background-color":"var(--ast-global-color-4)","background-image":"","background-repeat":"repeat","background-position":"center center","background-size":"auto","background-attachment":"scroll","background-type":"","background-media":"","overlay-type":"","overlay-color":"","overlay-opacity":"","overlay-gradient":""},"mobile":{"background-color":"var(--ast-global-color-4)","background-image":"","background-repeat":"repeat","background-position":"center center","background-size":"auto","background-attachment":"scroll","background-type":"","background-media":"","overlay-type":"","overlay-color":"","overlay-opacity":"","overlay-gradient":""}},"footnotes":""},"class_list":["post-3","page","type-page","status-publish","hentry"],"acf":[],"_links":{"self":[{"href":"https:\/\/pharmamachinecn.com\/fr\/wp-json\/wp\/v2\/pages\/3","targetHints":{"allow":["GET"]}}],"collection":[{"href":"https:\/\/pharmamachinecn.com\/fr\/wp-json\/wp\/v2\/pages"}],"about":[{"href":"https:\/\/pharmamachinecn.com\/fr\/wp-json\/wp\/v2\/types\/page"}],"author":[{"embeddable":true,"href":"https:\/\/pharmamachinecn.com\/fr\/wp-json\/wp\/v2\/users\/1"}],"replies":[{"embeddable":true,"href":"https:\/\/pharmamachinecn.com\/fr\/wp-json\/wp\/v2\/comments?post=3"}],"version-history":[{"count":0,"href":"https:\/\/pharmamachinecn.com\/fr\/wp-json\/wp\/v2\/pages\/3\/revisions"}],"wp:attachment":[{"href":"https:\/\/pharmamachinecn.com\/fr\/wp-json\/wp\/v2\/media?parent=3"}],"curies":[{"name":"wp","href":"https:\/\/api.w.org\/{rel}","templated":true}]}}