{"id":3915,"date":"2025-07-25T05:14:37","date_gmt":"2025-07-25T05:14:37","guid":{"rendered":"https:\/\/pharmamachinecn.com\/?post_type=product&#038;p=3915"},"modified":"2025-08-04T07:52:23","modified_gmt":"2025-08-04T07:52:23","slug":"bg-80-tablet-coating-machine-in-pharmaceutical-industry","status":"publish","type":"product","link":"https:\/\/pharmamachinecn.com\/fr\/bg-80-tablet-coating-machine-in-pharmaceutical-industry\/","title":{"rendered":"Machine d&#039;enrobage de comprim\u00e9s BG-80 dans l&#039;industrie pharmaceutique"},"content":{"rendered":"<div data-elementor-type=\"product-post\" data-elementor-id=\"3915\" class=\"elementor elementor-3915\" data-elementor-post-type=\"product\">\n\t\t\t\t\t\t<section class=\"elementor-section elementor-top-section elementor-element elementor-element-70eac244 elementor-section-boxed elementor-section-height-default elementor-section-height-default\" data-id=\"70eac244\" data-element_type=\"section\" data-e-type=\"section\">\n\t\t\t\t\t\t<div class=\"elementor-container elementor-column-gap-default\">\n\t\t\t\t\t<div class=\"elementor-column elementor-col-100 elementor-top-column elementor-element elementor-element-3cf34980\" data-id=\"3cf34980\" data-element_type=\"column\" data-e-type=\"column\">\n\t\t\t<div class=\"elementor-widget-wrap elementor-element-populated\">\n\t\t\t\t\t\t<div class=\"elementor-element elementor-element-700ab4b9 elementor-widget elementor-widget-text-editor\" data-id=\"700ab4b9\" data-element_type=\"widget\" data-e-type=\"widget\" data-widget_type=\"text-editor.default\">\n\t\t\t\t<div class=\"elementor-widget-container\">\n\t\t\t\t\t\t\t\t\t<p>1. <strong>Technologie de pulv\u00e9risation rotative \u00e0 grande vitesse<\/strong>, combin\u00e9 avec <strong>un syst\u00e8me de circulation d&#039;air chaud optimis\u00e9<\/strong>, am\u00e9liore consid\u00e9rablement l&#039;efficacit\u00e9 du rev\u00eatement tout en r\u00e9duisant la consommation d&#039;\u00e9nergie.<\/p><p>2. \u00c9quip\u00e9 <strong>avec un PLC et une IHM (interface homme-machine)<\/strong>, il comporte <strong>op\u00e9ration facile<\/strong>, <strong>commandes programmables<\/strong>, prise en charge de la production automatis\u00e9e et qualit\u00e9 de rev\u00eatement constante.<\/p><p>3. Technologie de pulv\u00e9risation de haute pr\u00e9cision<b> permet d&#039;enrober compl\u00e8tement les m\u00e9dicaments ou les aliments<\/b>; les particules forment un film de surface solide et lisse.<\/p><p>4. La conception conviviale comprend un \u00e9cran tactile et est facile \u00e0 apprendre et \u00e0 utiliser, avec <b>fonctions d&#039;autodiagnostic et de d\u00e9pannage.<\/b><\/p><p>5. La conception de l&#039;\u00e9quipement comporte des composants faciles \u00e0 <strong>d\u00e9monter et nettoyer<\/strong>, longue dur\u00e9e de vie avec pulv\u00e9risateur et filtres, r\u00e9duisant le taux de d\u00e9faillance et les co\u00fbts de maintenance.<\/p>\t\t\t\t\t\t\t\t<\/div>\n\t\t\t\t<\/div>\n\t\t\t\t\t<\/div>\n\t\t<\/div>\n\t\t\t\t\t<\/div>\n\t\t<\/section>\n\t\t\t\t<\/div>","protected":false},"excerpt":{"rendered":"<p>La machine d&#039;enrobage de comprim\u00e9s BG-80 est sp\u00e9cialement con\u00e7ue pour <strong>usines de produits pharmaceutiques et de sant\u00e9 et institutions de R&amp;D<\/strong>.<\/p>\n<p>Il dispose d&#039;un syst\u00e8me de contr\u00f4le intelligent qui se caract\u00e9rise par une efficacit\u00e9 \u00e9lev\u00e9e, des \u00e9conomies d&#039;\u00e9nergie, une utilisation facile, un rev\u00eatement uniforme et un traitement stable.<\/p>\n<p>Il est parfait pour le rev\u00eatement de films, de bonbons et de pilules tels que le rev\u00eatement ent\u00e9rique, la lib\u00e9ration prolong\u00e9e, etc. Approuv\u00e9 pour <strong>Exigences de production GMP<\/strong>.<\/p>\n<p><img fetchpriority=\"high\" decoding=\"async\" class=\"alignnone size-full wp-image-4748\" src=\"https:\/\/pharmamachinecn.com\/wp-content\/uploads\/2025\/07\/0-3.png\" alt=\"\" width=\"600\" height=\"424\" srcset=\"https:\/\/pharmamachinecn.com\/wp-content\/uploads\/2025\/07\/0-3.png 600w, https:\/\/pharmamachinecn.com\/wp-content\/uploads\/2025\/07\/0-3-300x212.png 300w, https:\/\/pharmamachinecn.com\/wp-content\/uploads\/2025\/07\/0-3-18x12.png 18w\" sizes=\"(max-width: 600px) 100vw, 600px\" \/><\/p>","protected":false},"featured_media":3921,"comment_status":"open","ping_status":"closed","template":"","meta":{"_acf_changed":false,"site-sidebar-layout":"default","site-content-layout":"","ast-site-content-layout":"default","site-content-style":"default","site-sidebar-style":"default","ast-global-header-display":"","ast-banner-title-visibility":"","ast-main-header-display":"","ast-hfb-above-header-display":"","ast-hfb-below-header-display":"","ast-hfb-mobile-header-display":"","site-post-title":"","ast-breadcrumbs-content":"","ast-featured-img":"","footer-sml-layout":"","ast-disable-related-posts":"","theme-transparent-header-meta":"default","adv-header-id-meta":"","stick-header-meta":"","header-above-stick-meta":"","header-main-stick-meta":"","header-below-stick-meta":"","astra-migrate-meta-layouts":"set","ast-page-background-enabled":"default","ast-page-background-meta":{"desktop":{"background-color":"var(--ast-global-color-5)","background-image":"","background-repeat":"repeat","background-position":"center center","background-size":"auto","background-attachment":"scroll","background-type":"","background-media":"","overlay-type":"","overlay-color":"","overlay-opacity":"","overlay-gradient":""},"tablet":{"background-color":"","background-image":"","background-repeat":"repeat","background-position":"center center","background-size":"auto","background-attachment":"scroll","background-type":"","background-media":"","overlay-type":"","overlay-color":"","overlay-opacity":"","overlay-gradient":""},"mobile":{"background-color":"","background-image":"","background-repeat":"repeat","background-position":"center center","background-size":"auto","background-attachment":"scroll","background-type":"","background-media":"","overlay-type":"","overlay-color":"","overlay-opacity":"","overlay-gradient":""}},"ast-content-background-meta":{"desktop":{"background-color":"var(--ast-global-color-4)","background-image":"","background-repeat":"repeat","background-position":"center center","background-size":"auto","background-attachment":"scroll","background-type":"","background-media":"","overlay-type":"","overlay-color":"","overlay-opacity":"","overlay-gradient":""},"tablet":{"background-color":"var(--ast-global-color-4)","background-image":"","background-repeat":"repeat","background-position":"center center","background-size":"auto","background-attachment":"scroll","background-type":"","background-media":"","overlay-type":"","overlay-color":"","overlay-opacity":"","overlay-gradient":""},"mobile":{"background-color":"var(--ast-global-color-4)","background-image":"","background-repeat":"repeat","background-position":"center center","background-size":"auto","background-attachment":"scroll","background-type":"","background-media":"","overlay-type":"","overlay-color":"","overlay-opacity":"","overlay-gradient":""}}},"design":[],"product_brand":[],"product_cat":[35],"product_tag":[],"class_list":{"0":"post-3915","1":"product","2":"type-product","3":"status-publish","4":"has-post-thumbnail","6":"product_cat-tablet-pill-film-coating-machine","7":"desktop-align-left","8":"tablet-align-left","9":"mobile-align-left","11":"first","12":"instock","13":"shipping-taxable","14":"product-type-simple"},"acf":[],"_links":{"self":[{"href":"https:\/\/pharmamachinecn.com\/fr\/wp-json\/wp\/v2\/product\/3915","targetHints":{"allow":["GET"]}}],"collection":[{"href":"https:\/\/pharmamachinecn.com\/fr\/wp-json\/wp\/v2\/product"}],"about":[{"href":"https:\/\/pharmamachinecn.com\/fr\/wp-json\/wp\/v2\/types\/product"}],"replies":[{"embeddable":true,"href":"https:\/\/pharmamachinecn.com\/fr\/wp-json\/wp\/v2\/comments?post=3915"}],"version-history":[{"count":1,"href":"https:\/\/pharmamachinecn.com\/fr\/wp-json\/wp\/v2\/product\/3915\/revisions"}],"predecessor-version":[{"id":5312,"href":"https:\/\/pharmamachinecn.com\/fr\/wp-json\/wp\/v2\/product\/3915\/revisions\/5312"}],"wp:featuredmedia":[{"embeddable":true,"href":"https:\/\/pharmamachinecn.com\/fr\/wp-json\/wp\/v2\/media\/3921"}],"wp:attachment":[{"href":"https:\/\/pharmamachinecn.com\/fr\/wp-json\/wp\/v2\/media?parent=3915"}],"wp:term":[{"taxonomy":"design","embeddable":true,"href":"https:\/\/pharmamachinecn.com\/fr\/wp-json\/wp\/v2\/design?post=3915"},{"taxonomy":"product_brand","embeddable":true,"href":"https:\/\/pharmamachinecn.com\/fr\/wp-json\/wp\/v2\/product_brand?post=3915"},{"taxonomy":"product_cat","embeddable":true,"href":"https:\/\/pharmamachinecn.com\/fr\/wp-json\/wp\/v2\/product_cat?post=3915"},{"taxonomy":"product_tag","embeddable":true,"href":"https:\/\/pharmamachinecn.com\/fr\/wp-json\/wp\/v2\/product_tag?post=3915"}],"curies":[{"name":"wp","href":"https:\/\/api.w.org\/{rel}","templated":true}]}}