{"id":3938,"date":"2025-07-25T05:37:02","date_gmt":"2025-07-25T05:37:02","guid":{"rendered":"https:\/\/pharmamachinecn.com\/?post_type=product&#038;p=3938"},"modified":"2025-11-05T07:37:13","modified_gmt":"2025-11-05T07:37:13","slug":"jfp-110a-capsule-polishing-and-sorting-machine","status":"publish","type":"product","link":"https:\/\/pharmamachinecn.com\/fr\/jfp-110a-capsule-polishing-and-sorting-machine\/","title":{"rendered":"Machine de polissage et de tri des capsules FTP-150A"},"content":{"rendered":"<div data-elementor-type=\"product-post\" data-elementor-id=\"3938\" class=\"elementor elementor-3938\" data-elementor-post-type=\"product\">\n\t\t\t\t\t\t<section class=\"elementor-section elementor-top-section elementor-element elementor-element-70eac244 elementor-section-boxed elementor-section-height-default elementor-section-height-default\" data-id=\"70eac244\" data-element_type=\"section\" data-e-type=\"section\">\n\t\t\t\t\t\t<div class=\"elementor-container elementor-column-gap-default\">\n\t\t\t\t\t<div class=\"elementor-column elementor-col-100 elementor-top-column elementor-element elementor-element-3cf34980\" data-id=\"3cf34980\" data-element_type=\"column\" data-e-type=\"column\">\n\t\t\t<div class=\"elementor-widget-wrap elementor-element-populated\">\n\t\t\t\t\t\t<div class=\"elementor-element elementor-element-700ab4b9 elementor-widget elementor-widget-text-editor\" data-id=\"700ab4b9\" data-element_type=\"widget\" data-e-type=\"widget\" data-widget_type=\"text-editor.default\">\n\t\t\t\t<div class=\"elementor-widget-container\">\n\t\t\t\t\t\t\t\t\t<p>1. Il ne s&#039;agit pas seulement d&#039;\u00e9liminer la poussi\u00e8re de la surface de la capsule, mais il utilise \u00e9galement un dispositif moderne d&#039;\u00e9vacuation des d\u00e9chets avec pression n\u00e9gative pour rejeter automatiquement <strong>capsules sous-remplies<\/strong>,<strong> coquilles vides et fragments.<\/strong><\/p><p>2. Appliqu\u00e9 \u00e0 tous les types de <strong>capsules<\/strong>.<\/p><p>3. Toutes les pi\u00e8ces de la machine utilisent des dispositifs de connexion rapide qui peuvent \u00eatre facilement et <strong>rapidement d\u00e9mont\u00e9<\/strong> pour le nettoyage et reconnexion rapide.<\/p><p>4. La machine dispose d&#039;un convertisseur de fr\u00e9quence pour ajuster la vitesse, la rendant plus <strong>sensible, fiable et stable<\/strong>.<\/p><p>5. Equip\u00e9 d&#039;un chargeur de produit sp\u00e9cial, il peut \u00eatre connect\u00e9 au <a href=\"https:\/\/pharmamachinecn.com\/fr\/automatic-capsule-filling-machine\/\"><span style=\"text-decoration: underline;\">machine de remplissage automatique de capsules<\/span><\/a>.<\/p><p>6. La machine enti\u00e8re est compos\u00e9e de <strong>acier inoxydable 304<\/strong> et r\u00e9pond pleinement <strong>normes GMP<\/strong>.<\/p>\t\t\t\t\t\t\t\t<\/div>\n\t\t\t\t<\/div>\n\t\t\t\t\t<\/div>\n\t\t<\/div>\n\t\t\t\t\t<\/div>\n\t\t<\/section>\n\t\t\t\t<\/div>","protected":false},"excerpt":{"rendered":"<p><strong>Le FTP-150A<\/strong>\u00a0Con\u00e7ue pour les usines pharmaceutiques, les fabricants de produits de sant\u00e9, les laboratoires et les entreprises agroalimentaires, cette machine multifonction se distingue par sa compacit\u00e9, sa simplicit\u00e9 d&#039;utilisation et son haut degr\u00e9 d&#039;automatisation. <strong>int\u00e8gre le polissage des capsules et le tri intelligent<\/strong>, qui peut efficacement <strong>\u00e9liminer les bavures sur les surfaces des capsules<\/strong>, conf\u00e8re aux capsules un aspect propre et \u00e9limine automatiquement les capsules non qualifi\u00e9es pour garantir une qualit\u00e9 constante. Il est utilis\u00e9 pour le polissage et le tri des capsules dures dans les secteurs pharmaceutique, de la sant\u00e9, de l&#039;agroalimentaire et autres.<br \/>\n<iframe title=\"Machine de polissage et de tri de capsules JFP 110A\" src=\"https:\/\/www.youtube.com\/embed\/kYdHLDnMeWY\" width=\"600\" height=\"385\" frameborder=\"0\" allowfullscreen=\"allowfullscreen\"><span data-mce-type=\"bookmark\" style=\"display: inline-block; width: 0px; overflow: hidden; line-height: 0;\" class=\"mce_SELRES_start\"><\/span><\/iframe><\/p>","protected":false},"featured_media":3941,"comment_status":"open","ping_status":"closed","template":"","meta":{"_acf_changed":false,"site-sidebar-layout":"default","site-content-layout":"","ast-site-content-layout":"default","site-content-style":"default","site-sidebar-style":"default","ast-global-header-display":"","ast-banner-title-visibility":"","ast-main-header-display":"","ast-hfb-above-header-display":"","ast-hfb-below-header-display":"","ast-hfb-mobile-header-display":"","site-post-title":"","ast-breadcrumbs-content":"","ast-featured-img":"","footer-sml-layout":"","ast-disable-related-posts":"","theme-transparent-header-meta":"default","adv-header-id-meta":"","stick-header-meta":"","header-above-stick-meta":"","header-main-stick-meta":"","header-below-stick-meta":"","astra-migrate-meta-layouts":"set","ast-page-background-enabled":"default","ast-page-background-meta":{"desktop":{"background-color":"var(--ast-global-color-5)","background-image":"","background-repeat":"repeat","background-position":"center center","background-size":"auto","background-attachment":"scroll","background-type":"","background-media":"","overlay-type":"","overlay-color":"","overlay-opacity":"","overlay-gradient":""},"tablet":{"background-color":"","background-image":"","background-repeat":"repeat","background-position":"center center","background-size":"auto","background-attachment":"scroll","background-type":"","background-media":"","overlay-type":"","overlay-color":"","overlay-opacity":"","overlay-gradient":""},"mobile":{"background-color":"","background-image":"","background-repeat":"repeat","background-position":"center center","background-size":"auto","background-attachment":"scroll","background-type":"","background-media":"","overlay-type":"","overlay-color":"","overlay-opacity":"","overlay-gradient":""}},"ast-content-background-meta":{"desktop":{"background-color":"var(--ast-global-color-4)","background-image":"","background-repeat":"repeat","background-position":"center center","background-size":"auto","background-attachment":"scroll","background-type":"","background-media":"","overlay-type":"","overlay-color":"","overlay-opacity":"","overlay-gradient":""},"tablet":{"background-color":"var(--ast-global-color-4)","background-image":"","background-repeat":"repeat","background-position":"center center","background-size":"auto","background-attachment":"scroll","background-type":"","background-media":"","overlay-type":"","overlay-color":"","overlay-opacity":"","overlay-gradient":""},"mobile":{"background-color":"var(--ast-global-color-4)","background-image":"","background-repeat":"repeat","background-position":"center center","background-size":"auto","background-attachment":"scroll","background-type":"","background-media":"","overlay-type":"","overlay-color":"","overlay-opacity":"","overlay-gradient":""}}},"design":[],"product_brand":[],"product_cat":[37],"product_tag":[],"class_list":{"0":"post-3938","1":"product","2":"type-product","3":"status-publish","4":"has-post-thumbnail","6":"product_cat-tablet-capsule-polishing-machine","7":"desktop-align-left","8":"tablet-align-left","9":"mobile-align-left","11":"first","12":"instock","13":"shipping-taxable","14":"product-type-simple"},"acf":[],"_links":{"self":[{"href":"https:\/\/pharmamachinecn.com\/fr\/wp-json\/wp\/v2\/product\/3938","targetHints":{"allow":["GET"]}}],"collection":[{"href":"https:\/\/pharmamachinecn.com\/fr\/wp-json\/wp\/v2\/product"}],"about":[{"href":"https:\/\/pharmamachinecn.com\/fr\/wp-json\/wp\/v2\/types\/product"}],"replies":[{"embeddable":true,"href":"https:\/\/pharmamachinecn.com\/fr\/wp-json\/wp\/v2\/comments?post=3938"}],"version-history":[{"count":7,"href":"https:\/\/pharmamachinecn.com\/fr\/wp-json\/wp\/v2\/product\/3938\/revisions"}],"predecessor-version":[{"id":8427,"href":"https:\/\/pharmamachinecn.com\/fr\/wp-json\/wp\/v2\/product\/3938\/revisions\/8427"}],"wp:featuredmedia":[{"embeddable":true,"href":"https:\/\/pharmamachinecn.com\/fr\/wp-json\/wp\/v2\/media\/3941"}],"wp:attachment":[{"href":"https:\/\/pharmamachinecn.com\/fr\/wp-json\/wp\/v2\/media?parent=3938"}],"wp:term":[{"taxonomy":"design","embeddable":true,"href":"https:\/\/pharmamachinecn.com\/fr\/wp-json\/wp\/v2\/design?post=3938"},{"taxonomy":"product_brand","embeddable":true,"href":"https:\/\/pharmamachinecn.com\/fr\/wp-json\/wp\/v2\/product_brand?post=3938"},{"taxonomy":"product_cat","embeddable":true,"href":"https:\/\/pharmamachinecn.com\/fr\/wp-json\/wp\/v2\/product_cat?post=3938"},{"taxonomy":"product_tag","embeddable":true,"href":"https:\/\/pharmamachinecn.com\/fr\/wp-json\/wp\/v2\/product_tag?post=3938"}],"curies":[{"name":"wp","href":"https:\/\/api.w.org\/{rel}","templated":true}]}}