{"id":3953,"date":"2025-07-25T05:46:25","date_gmt":"2025-07-25T05:46:25","guid":{"rendered":"https:\/\/pharmamachinecn.com\/?post_type=product&#038;p=3953"},"modified":"2025-08-04T07:52:02","modified_gmt":"2025-08-04T07:52:02","slug":"bg-150d-automatic-tablet-pills-coating-machine","status":"publish","type":"product","link":"https:\/\/pharmamachinecn.com\/fr\/bg-150d-automatic-tablet-pills-coating-machine\/","title":{"rendered":"Machine automatique d&#039;enrobage de comprim\u00e9s et de pilules BG-150D"},"content":{"rendered":"<div data-elementor-type=\"product-post\" data-elementor-id=\"3953\" class=\"elementor elementor-3953\" data-elementor-post-type=\"product\">\n\t\t\t\t\t\t<section class=\"elementor-section elementor-top-section elementor-element elementor-element-70eac244 elementor-section-boxed elementor-section-height-default elementor-section-height-default\" data-id=\"70eac244\" data-element_type=\"section\" data-e-type=\"section\">\n\t\t\t\t\t\t<div class=\"elementor-container elementor-column-gap-default\">\n\t\t\t\t\t<div class=\"elementor-column elementor-col-100 elementor-top-column elementor-element elementor-element-3cf34980\" data-id=\"3cf34980\" data-element_type=\"column\" data-e-type=\"column\">\n\t\t\t<div class=\"elementor-widget-wrap elementor-element-populated\">\n\t\t\t\t\t\t<div class=\"elementor-element elementor-element-700ab4b9 elementor-widget elementor-widget-text-editor\" data-id=\"700ab4b9\" data-element_type=\"widget\" data-e-type=\"widget\" data-widget_type=\"text-editor.default\">\n\t\t\t\t<div class=\"elementor-widget-container\">\n\t\t\t\t\t\t\t\t\t<p>1. <strong>Le contr\u00f4le PLC am\u00e9liore consid\u00e9rablement l&#039;efficacit\u00e9 de la production<\/strong>, ce qui le rend adapt\u00e9 \u00e0 la production de comprim\u00e9s \u00e0 grande \u00e9chelle, d\u00e9passant largement les conceptions miniaturis\u00e9es. La conception multicouche \u00e0 circulation d&#039;air chaud assure un enrobage uniforme et stable, s&#039;adaptant aux besoins de production \u00e0 grande \u00e9chelle. <strong>Il peut g\u00e9rer des comprim\u00e9s plus grands et des exigences de production plus \u00e9lev\u00e9es, et sa capacit\u00e9 de production est nettement meilleure que celle d&#039;\u00e9quipements similaires.<\/strong><\/p><p>2. <strong>R\u00e9glage flexible des param\u00e8tres du processus pour s&#039;adapter aux diff\u00e9rentes exigences de rev\u00eatement<\/strong> et r\u00e9pondent \u00e0 des processus de production complexes. Des mat\u00e9riaux en acier inoxydable de haute qualit\u00e9 sont utilis\u00e9s pour garantir un fonctionnement efficace \u00e0 long terme, adapt\u00e9 \u00e0 une production continue \u00e0 haute intensit\u00e9.<\/p><p>3. Le processus de rev\u00eatement est enti\u00e8rement clos, sans poussi\u00e8re volante, <strong>r\u00e9pond aux exigences GPP et GMP<\/strong>, et contribue \u00e0 am\u00e9liorer la qualit\u00e9 du rev\u00eatement.<\/p><p>4. <strong>Contr\u00f4le centralis\u00e9 par \u00e9cran tactile, contr\u00f4le PLC, contr\u00f4le de fr\u00e9quence variable de la vitesse de l&#039;h\u00f4te, contr\u00f4le PID de la temp\u00e9rature d&#039;alimentation en air<\/strong>, fonctionnement simple, facile \u00e0 apprendre et \u00e0 utiliser.<\/p>\t\t\t\t\t\t\t\t<\/div>\n\t\t\t\t<\/div>\n\t\t\t\t\t<\/div>\n\t\t<\/div>\n\t\t\t\t\t<\/div>\n\t\t<\/section>\n\t\t\t\t<\/div>","protected":false},"excerpt":{"rendered":"<p>Le BG-150D a \u00e9t\u00e9 sp\u00e9cialement con\u00e7u pour<strong> grandes soci\u00e9t\u00e9s pharmaceutiques, lignes de production \u00e0 grande \u00e9chelle et centres de R&amp;D haut de gamme<\/strong>Il dispose d&#039;un syst\u00e8me de contr\u00f4le intelligent enti\u00e8rement automatique et plus avanc\u00e9, et dispose <strong>avantages significatifs<\/strong> telles que la vitesse et la stabilit\u00e9 \u00e9lev\u00e9es, le contr\u00f4le de la temp\u00e9rature, l&#039;uniformit\u00e9 du rev\u00eatement et les \u00e9conomies d&#039;\u00e9nergie. <strong>comprim\u00e9s, pilules, enrobages de film granulaire, enrobages de sucre,<\/strong> et la production de rev\u00eatements \u00e0 fonctions sp\u00e9ciales, r\u00e9pondant pleinement <strong>Normes de production GMP et FDA.<\/strong><\/p>\n<p><img fetchpriority=\"high\" decoding=\"async\" class=\"alignnone size-full wp-image-3957\" src=\"https:\/\/pharmamachinecn.com\/wp-content\/uploads\/2025\/07\/101.png\" alt=\"\u00c9chantillon de machine de rev\u00eatement\" width=\"561\" height=\"300\" srcset=\"https:\/\/pharmamachinecn.com\/wp-content\/uploads\/2025\/07\/101.png 561w, https:\/\/pharmamachinecn.com\/wp-content\/uploads\/2025\/07\/101-300x160.png 300w, https:\/\/pharmamachinecn.com\/wp-content\/uploads\/2025\/07\/101-18x10.png 18w\" sizes=\"(max-width: 561px) 100vw, 561px\" \/><\/p>","protected":false},"featured_media":3959,"comment_status":"open","ping_status":"closed","template":"","meta":{"_acf_changed":false,"site-sidebar-layout":"default","site-content-layout":"","ast-site-content-layout":"default","site-content-style":"default","site-sidebar-style":"default","ast-global-header-display":"","ast-banner-title-visibility":"","ast-main-header-display":"","ast-hfb-above-header-display":"","ast-hfb-below-header-display":"","ast-hfb-mobile-header-display":"","site-post-title":"","ast-breadcrumbs-content":"","ast-featured-img":"","footer-sml-layout":"","ast-disable-related-posts":"","theme-transparent-header-meta":"default","adv-header-id-meta":"","stick-header-meta":"","header-above-stick-meta":"","header-main-stick-meta":"","header-below-stick-meta":"","astra-migrate-meta-layouts":"set","ast-page-background-enabled":"default","ast-page-background-meta":{"desktop":{"background-color":"var(--ast-global-color-5)","background-image":"","background-repeat":"repeat","background-position":"center center","background-size":"auto","background-attachment":"scroll","background-type":"","background-media":"","overlay-type":"","overlay-color":"","overlay-opacity":"","overlay-gradient":""},"tablet":{"background-color":"","background-image":"","background-repeat":"repeat","background-position":"center center","background-size":"auto","background-attachment":"scroll","background-type":"","background-media":"","overlay-type":"","overlay-color":"","overlay-opacity":"","overlay-gradient":""},"mobile":{"background-color":"","background-image":"","background-repeat":"repeat","background-position":"center center","background-size":"auto","background-attachment":"scroll","background-type":"","background-media":"","overlay-type":"","overlay-color":"","overlay-opacity":"","overlay-gradient":""}},"ast-content-background-meta":{"desktop":{"background-color":"var(--ast-global-color-4)","background-image":"","background-repeat":"repeat","background-position":"center center","background-size":"auto","background-attachment":"scroll","background-type":"","background-media":"","overlay-type":"","overlay-color":"","overlay-opacity":"","overlay-gradient":""},"tablet":{"background-color":"var(--ast-global-color-4)","background-image":"","background-repeat":"repeat","background-position":"center center","background-size":"auto","background-attachment":"scroll","background-type":"","background-media":"","overlay-type":"","overlay-color":"","overlay-opacity":"","overlay-gradient":""},"mobile":{"background-color":"var(--ast-global-color-4)","background-image":"","background-repeat":"repeat","background-position":"center center","background-size":"auto","background-attachment":"scroll","background-type":"","background-media":"","overlay-type":"","overlay-color":"","overlay-opacity":"","overlay-gradient":""}}},"design":[],"product_brand":[],"product_cat":[35],"product_tag":[],"class_list":{"0":"post-3953","1":"product","2":"type-product","3":"status-publish","4":"has-post-thumbnail","6":"product_cat-tablet-pill-film-coating-machine","7":"desktop-align-left","8":"tablet-align-left","9":"mobile-align-left","11":"first","12":"instock","13":"shipping-taxable","14":"product-type-simple"},"acf":[],"_links":{"self":[{"href":"https:\/\/pharmamachinecn.com\/fr\/wp-json\/wp\/v2\/product\/3953","targetHints":{"allow":["GET"]}}],"collection":[{"href":"https:\/\/pharmamachinecn.com\/fr\/wp-json\/wp\/v2\/product"}],"about":[{"href":"https:\/\/pharmamachinecn.com\/fr\/wp-json\/wp\/v2\/types\/product"}],"replies":[{"embeddable":true,"href":"https:\/\/pharmamachinecn.com\/fr\/wp-json\/wp\/v2\/comments?post=3953"}],"version-history":[{"count":1,"href":"https:\/\/pharmamachinecn.com\/fr\/wp-json\/wp\/v2\/product\/3953\/revisions"}],"predecessor-version":[{"id":5309,"href":"https:\/\/pharmamachinecn.com\/fr\/wp-json\/wp\/v2\/product\/3953\/revisions\/5309"}],"wp:featuredmedia":[{"embeddable":true,"href":"https:\/\/pharmamachinecn.com\/fr\/wp-json\/wp\/v2\/media\/3959"}],"wp:attachment":[{"href":"https:\/\/pharmamachinecn.com\/fr\/wp-json\/wp\/v2\/media?parent=3953"}],"wp:term":[{"taxonomy":"design","embeddable":true,"href":"https:\/\/pharmamachinecn.com\/fr\/wp-json\/wp\/v2\/design?post=3953"},{"taxonomy":"product_brand","embeddable":true,"href":"https:\/\/pharmamachinecn.com\/fr\/wp-json\/wp\/v2\/product_brand?post=3953"},{"taxonomy":"product_cat","embeddable":true,"href":"https:\/\/pharmamachinecn.com\/fr\/wp-json\/wp\/v2\/product_cat?post=3953"},{"taxonomy":"product_tag","embeddable":true,"href":"https:\/\/pharmamachinecn.com\/fr\/wp-json\/wp\/v2\/product_tag?post=3953"}],"curies":[{"name":"wp","href":"https:\/\/api.w.org\/{rel}","templated":true}]}}