{"id":3970,"date":"2025-07-25T06:00:10","date_gmt":"2025-07-25T06:00:10","guid":{"rendered":"https:\/\/pharmamachinecn.com\/?post_type=product&#038;p=3970"},"modified":"2025-08-04T07:50:22","modified_gmt":"2025-08-04T07:50:22","slug":"bg-260-tablet-pill-film-coating-machine","status":"publish","type":"product","link":"https:\/\/pharmamachinecn.com\/fr\/bg-260-tablet-pill-film-coating-machine\/","title":{"rendered":"Machine d&#039;enrobage de comprim\u00e9s BG-260"},"content":{"rendered":"<div data-elementor-type=\"product-post\" data-elementor-id=\"3970\" class=\"elementor elementor-3970\" data-elementor-post-type=\"product\">\n\t\t\t\t\t\t<section class=\"elementor-section elementor-top-section elementor-element elementor-element-70eac244 elementor-section-boxed elementor-section-height-default elementor-section-height-default\" data-id=\"70eac244\" data-element_type=\"section\" data-e-type=\"section\">\n\t\t\t\t\t\t<div class=\"elementor-container elementor-column-gap-default\">\n\t\t\t\t\t<div class=\"elementor-column elementor-col-100 elementor-top-column elementor-element elementor-element-3cf34980\" data-id=\"3cf34980\" data-element_type=\"column\" data-e-type=\"column\">\n\t\t\t<div class=\"elementor-widget-wrap elementor-element-populated\">\n\t\t\t\t\t\t<div class=\"elementor-element elementor-element-700ab4b9 elementor-widget elementor-widget-text-editor\" data-id=\"700ab4b9\" data-element_type=\"widget\" data-e-type=\"widget\" data-widget_type=\"text-editor.default\">\n\t\t\t\t<div class=\"elementor-widget-container\">\n\t\t\t\t\t\t\t\t\t<p>1. Il utilise l&#039;\u00e9cran tactile PLC allemand Siemens<strong> pour syst\u00e8me de contr\u00f4le du module de temp\u00e9rature<\/strong> et dispose d&#039;un affichage d&#039;image, d&#039;une utilisation simple, d&#039;\u00e9conomies d&#039;\u00e9nergie et de la conformit\u00e9 aux normes GMP.<\/p>\n<p>2. <b>Accessoires de montage de haute qualit\u00e9 :<\/b><strong> <\/strong>L&#039;h\u00f4te de rev\u00eatement de film, le filtre \u00e0 air chaud \u00e0 haute efficacit\u00e9, le ventilateur de d\u00e9poussi\u00e9rage, le dispositif de pulv\u00e9risation et d&#039;autres pi\u00e8ces en contact avec la mati\u00e8re premi\u00e8re sont fabriqu\u00e9s \u00e0 partir de <b>Acier inoxydable 316L.<\/b><\/p>\n<p>3. <strong>Tous les processus sont contr\u00f4l\u00e9s par l&#039;\u00e9cran tactile du PLC<\/strong>, qui peut \u00eatre contr\u00f4l\u00e9 automatiquement ou manuellement.<\/p>\n<p>4. Le rev\u00eatement est effectu\u00e9 dans un environnement enti\u00e8rement clos pour <b>pr\u00e9venir la poussi\u00e8re et la boue<\/b> de d\u00e9bordement; la surface de la bo\u00eete est polie pour \u00e9liminer la pollution lumineuse.<\/p>\n<p>5. Le syst\u00e8me d&#039;entra\u00eenement a <strong>un moteur r\u00e9ducteur antid\u00e9flagrant<\/strong> et <strong>un dispositif de transmission \u00e0 pignon<\/strong>, qui permettent des fr\u00e9quences variables et des changements de vitesse en continu.<\/p>\n<p>6. Le ventilateur de d\u00e9poussi\u00e9rage peut \u00e9vacuer l&#039;air \u00e0 l&#039;ext\u00e9rieur pour \u00e9viter d&#039;affecter <b>climatisation centrale<\/b>, \u00e9conomisant de l&#039;\u00e9nergie. La propret\u00e9 peut atteindre <b>100 000 niveaux<\/b>Le pistolet pulv\u00e9risateur est un <b>WA-101<\/b> import\u00e9 du Japon, avec un bon effet d&#039;atomisation, pas de colmatage de buse, un volume et un angle de pulv\u00e9risation r\u00e9glables, une structure simple et un nettoyage facile.<\/p>\t\t\t\t\t\t\t\t<\/div>\n\t\t\t\t<\/div>\n\t\t\t\t\t<\/div>\n\t\t<\/div>\n\t\t\t\t\t<\/div>\n\t\t<\/section>\n\t\t\t\t<\/div>","protected":false},"excerpt":{"rendered":"<p>Cette machine de rev\u00eatement est largement utilis\u00e9e <strong>dans les industries pharmaceutique, alimentaire et biopharmaceutique<\/strong>.<\/p>\n<p>Manteau disponible avec <strong>film organique, film hydrosoluble ou enrobage de sucre pour comprim\u00e9s, pilules, sucres <\/strong>et d\u2019autres mat\u00e9riaux (pour obtenir une lib\u00e9ration contr\u00f4l\u00e9e ou prolong\u00e9e de m\u00e9dicaments).<\/p>\n<p>Cette machine est \u00e9l\u00e9gante, tr\u00e8s efficace, faible consommation d&#039;\u00e9nergie et compacte. Utilis\u00e9e par de nombreux fabricants, elle a pass\u00e9 avec succ\u00e8s les tests. <strong>Certification GMP.<\/strong><\/p>\n<p><img fetchpriority=\"high\" decoding=\"async\" class=\"alignnone size-full wp-image-4719\" src=\"https:\/\/pharmamachinecn.com\/wp-content\/uploads\/2025\/07\/0-1.png\" alt=\"\" width=\"688\" height=\"479\" srcset=\"https:\/\/pharmamachinecn.com\/wp-content\/uploads\/2025\/07\/0-1.png 688w, https:\/\/pharmamachinecn.com\/wp-content\/uploads\/2025\/07\/0-1-600x418.png 600w, https:\/\/pharmamachinecn.com\/wp-content\/uploads\/2025\/07\/0-1-300x209.png 300w, https:\/\/pharmamachinecn.com\/wp-content\/uploads\/2025\/07\/0-1-18x12.png 18w\" sizes=\"(max-width: 688px) 100vw, 688px\" \/><\/p>\n<p>&nbsp;<\/p>","protected":false},"featured_media":3972,"comment_status":"open","ping_status":"closed","template":"","meta":{"_acf_changed":false,"site-sidebar-layout":"default","site-content-layout":"","ast-site-content-layout":"default","site-content-style":"default","site-sidebar-style":"default","ast-global-header-display":"","ast-banner-title-visibility":"","ast-main-header-display":"","ast-hfb-above-header-display":"","ast-hfb-below-header-display":"","ast-hfb-mobile-header-display":"","site-post-title":"","ast-breadcrumbs-content":"","ast-featured-img":"","footer-sml-layout":"","ast-disable-related-posts":"","theme-transparent-header-meta":"default","adv-header-id-meta":"","stick-header-meta":"","header-above-stick-meta":"","header-main-stick-meta":"","header-below-stick-meta":"","astra-migrate-meta-layouts":"set","ast-page-background-enabled":"default","ast-page-background-meta":{"desktop":{"background-color":"var(--ast-global-color-5)","background-image":"","background-repeat":"repeat","background-position":"center center","background-size":"auto","background-attachment":"scroll","background-type":"","background-media":"","overlay-type":"","overlay-color":"","overlay-opacity":"","overlay-gradient":""},"tablet":{"background-color":"","background-image":"","background-repeat":"repeat","background-position":"center center","background-size":"auto","background-attachment":"scroll","background-type":"","background-media":"","overlay-type":"","overlay-color":"","overlay-opacity":"","overlay-gradient":""},"mobile":{"background-color":"","background-image":"","background-repeat":"repeat","background-position":"center center","background-size":"auto","background-attachment":"scroll","background-type":"","background-media":"","overlay-type":"","overlay-color":"","overlay-opacity":"","overlay-gradient":""}},"ast-content-background-meta":{"desktop":{"background-color":"var(--ast-global-color-4)","background-image":"","background-repeat":"repeat","background-position":"center center","background-size":"auto","background-attachment":"scroll","background-type":"","background-media":"","overlay-type":"","overlay-color":"","overlay-opacity":"","overlay-gradient":""},"tablet":{"background-color":"var(--ast-global-color-4)","background-image":"","background-repeat":"repeat","background-position":"center center","background-size":"auto","background-attachment":"scroll","background-type":"","background-media":"","overlay-type":"","overlay-color":"","overlay-opacity":"","overlay-gradient":""},"mobile":{"background-color":"var(--ast-global-color-4)","background-image":"","background-repeat":"repeat","background-position":"center center","background-size":"auto","background-attachment":"scroll","background-type":"","background-media":"","overlay-type":"","overlay-color":"","overlay-opacity":"","overlay-gradient":""}}},"design":[],"product_brand":[],"product_cat":[35],"product_tag":[],"class_list":{"0":"post-3970","1":"product","2":"type-product","3":"status-publish","4":"has-post-thumbnail","6":"product_cat-tablet-pill-film-coating-machine","7":"desktop-align-left","8":"tablet-align-left","9":"mobile-align-left","11":"first","12":"instock","13":"shipping-taxable","14":"product-type-simple"},"acf":[],"_links":{"self":[{"href":"https:\/\/pharmamachinecn.com\/fr\/wp-json\/wp\/v2\/product\/3970","targetHints":{"allow":["GET"]}}],"collection":[{"href":"https:\/\/pharmamachinecn.com\/fr\/wp-json\/wp\/v2\/product"}],"about":[{"href":"https:\/\/pharmamachinecn.com\/fr\/wp-json\/wp\/v2\/types\/product"}],"replies":[{"embeddable":true,"href":"https:\/\/pharmamachinecn.com\/fr\/wp-json\/wp\/v2\/comments?post=3970"}],"version-history":[{"count":1,"href":"https:\/\/pharmamachinecn.com\/fr\/wp-json\/wp\/v2\/product\/3970\/revisions"}],"predecessor-version":[{"id":5307,"href":"https:\/\/pharmamachinecn.com\/fr\/wp-json\/wp\/v2\/product\/3970\/revisions\/5307"}],"wp:featuredmedia":[{"embeddable":true,"href":"https:\/\/pharmamachinecn.com\/fr\/wp-json\/wp\/v2\/media\/3972"}],"wp:attachment":[{"href":"https:\/\/pharmamachinecn.com\/fr\/wp-json\/wp\/v2\/media?parent=3970"}],"wp:term":[{"taxonomy":"design","embeddable":true,"href":"https:\/\/pharmamachinecn.com\/fr\/wp-json\/wp\/v2\/design?post=3970"},{"taxonomy":"product_brand","embeddable":true,"href":"https:\/\/pharmamachinecn.com\/fr\/wp-json\/wp\/v2\/product_brand?post=3970"},{"taxonomy":"product_cat","embeddable":true,"href":"https:\/\/pharmamachinecn.com\/fr\/wp-json\/wp\/v2\/product_cat?post=3970"},{"taxonomy":"product_tag","embeddable":true,"href":"https:\/\/pharmamachinecn.com\/fr\/wp-json\/wp\/v2\/product_tag?post=3970"}],"curies":[{"name":"wp","href":"https:\/\/api.w.org\/{rel}","templated":true}]}}