{"id":4004,"date":"2025-07-25T06:31:47","date_gmt":"2025-07-25T06:31:47","guid":{"rendered":"https:\/\/pharmamachinecn.com\/?post_type=product&#038;p=4004"},"modified":"2025-10-25T05:47:25","modified_gmt":"2025-10-25T05:47:25","slug":"zp420-rotary-tablet-press-machine","status":"publish","type":"product","link":"https:\/\/pharmamachinecn.com\/fr\/zp420-rotary-tablet-press-machine\/","title":{"rendered":"Presse \u00e0 comprim\u00e9s rotative ZP420-29\/35\/39\/41"},"content":{"rendered":"<div data-elementor-type=\"product-post\" data-elementor-id=\"4004\" class=\"elementor elementor-4004\" data-elementor-post-type=\"product\">\n\t\t\t\t\t\t<section class=\"elementor-section elementor-top-section elementor-element elementor-element-70eac244 elementor-section-boxed elementor-section-height-default elementor-section-height-default\" data-id=\"70eac244\" data-element_type=\"section\" data-e-type=\"section\">\n\t\t\t\t\t\t<div class=\"elementor-container elementor-column-gap-default\">\n\t\t\t\t\t<div class=\"elementor-column elementor-col-100 elementor-top-column elementor-element elementor-element-3cf34980\" data-id=\"3cf34980\" data-element_type=\"column\" data-e-type=\"column\">\n\t\t\t<div class=\"elementor-widget-wrap elementor-element-populated\">\n\t\t\t\t\t\t<div class=\"elementor-element elementor-element-700ab4b9 elementor-widget elementor-widget-text-editor\" data-id=\"700ab4b9\" data-element_type=\"widget\" data-e-type=\"widget\" data-widget_type=\"text-editor.default\">\n\t\t\t\t<div class=\"elementor-widget-container\">\n\t\t\t\t\t\t\t\t\t<p>1. D\u00e9chargement de comprim\u00e9s double face, \u00e0 double pression et avec de nombreux poin\u00e7ons. <strong>production de comprim\u00e9s \u00e0 grande \u00e9chelle<\/strong>.<\/p><p>2. L&#039;interface utilisateur affiche des donn\u00e9es en temps r\u00e9el comme <strong>pression de travail, vitesse de rotation, rendement<\/strong>, et le d\u00e9placement de remplissage du rouleau de pression principal.<\/p><p>3. La chambre de compression est entour\u00e9e d&#039;un <strong>panneaux acryliques transparents<\/strong> qui s&#039;ouvrent\u00a0<span style=\"font-style: inherit; font-weight: inherit;\">enti\u00e8rement pour un nettoyage et un entretien faciles.<\/span><\/p><p>4. Un <strong>capteur de pression<\/strong> Affiche la pression en temps r\u00e9el et permet de d\u00e9finir une limite maximale. La machine s&#039;arr\u00eate automatiquement. <strong>si<\/strong> <strong>la pression est trop \u00e9lev\u00e9e<\/strong>.<\/p><p>5. Le syst\u00e8me de lubrification automatique maintient les rouleaux de pression, les chenilles et les poin\u00e7ons bien lubrifi\u00e9s pour <strong>prolonger la dur\u00e9e de vie et r\u00e9duire l&#039;usure<\/strong>.<\/p><p>6. \u00c9quip\u00e9 d&#039;un moteur haute puissance et d&#039;un r\u00e9ducteur pr\u00e9cis pour les comprim\u00e9s de presse \u00e0 grande vitesse.<\/p><p>7. Les dispositifs de s\u00e9curit\u00e9 comprennent <strong>arr\u00eat d&#039;urgence, protection contre la surpression et verrouillage des portes\/fen\u00eatres.<\/strong> La machine est r\u00e9sistante \u00e0 l&#039;huile, \u00e0 la poussi\u00e8re et au bruit.<\/p>\t\t\t\t\t\t\t\t<\/div>\n\t\t\t\t<\/div>\n\t\t\t\t\t<\/div>\n\t\t<\/div>\n\t\t\t\t\t<\/div>\n\t\t<\/section>\n\t\t\t\t<\/div>","protected":false},"excerpt":{"rendered":"<p>La presse \u00e0 comprim\u00e9s rotative ZP420 est con\u00e7ue pour <strong>entreprises pharmaceutiques de taille moyenne \u00e0 grande, fabricants de compl\u00e9ments alimentaires et grandes lignes de production<\/strong>Il offre une capacit\u00e9 ultra-\u00e9lev\u00e9e, un contr\u00f4le intelligent, une grande stabilit\u00e9 et une grande durabilit\u00e9. Il dispose d&#039;un <strong>4 cylindres<\/strong> Presse \u00e0 comprim\u00e9s rotative multi-poin\u00e7ons, avec un syst\u00e8me intelligent de contr\u00f4le de pression en boucle ferm\u00e9e et une lubrification automatique pour garantir que la consistance du poids, la duret\u00e9 et l&#039;apparence des comprim\u00e9s soient respect\u00e9es <strong>normes GMP<\/strong>Il prend en charge une presse \u00e0 grande vitesse enti\u00e8rement automatique et r\u00e9pond \u00e0 tous les besoins de production, de<strong> fabrication \u00e0 grande \u00e9chelle avec un contr\u00f4le strict des processus<\/strong>\u2014ce qui en fait le premier choix des soci\u00e9t\u00e9s pharmaceutiques modernes.<\/p>\n<p><img fetchpriority=\"high\" decoding=\"async\" class=\"alignnone wp-image-4006\" src=\"https:\/\/pharmamachinecn.com\/wp-content\/uploads\/2025\/07\/7.png\" alt=\"\" width=\"600\" height=\"376\" srcset=\"https:\/\/pharmamachinecn.com\/wp-content\/uploads\/2025\/07\/7.png 910w, https:\/\/pharmamachinecn.com\/wp-content\/uploads\/2025\/07\/7-600x376.png 600w, https:\/\/pharmamachinecn.com\/wp-content\/uploads\/2025\/07\/7-300x188.png 300w, https:\/\/pharmamachinecn.com\/wp-content\/uploads\/2025\/07\/7-768x482.png 768w, https:\/\/pharmamachinecn.com\/wp-content\/uploads\/2025\/07\/7-18x12.png 18w\" sizes=\"(max-width: 600px) 100vw, 600px\" \/><\/p>","protected":false},"featured_media":4013,"comment_status":"open","ping_status":"closed","template":"","meta":{"_acf_changed":false,"site-sidebar-layout":"default","site-content-layout":"","ast-site-content-layout":"default","site-content-style":"default","site-sidebar-style":"default","ast-global-header-display":"","ast-banner-title-visibility":"","ast-main-header-display":"","ast-hfb-above-header-display":"","ast-hfb-below-header-display":"","ast-hfb-mobile-header-display":"","site-post-title":"","ast-breadcrumbs-content":"","ast-featured-img":"","footer-sml-layout":"","ast-disable-related-posts":"","theme-transparent-header-meta":"default","adv-header-id-meta":"","stick-header-meta":"","header-above-stick-meta":"","header-main-stick-meta":"","header-below-stick-meta":"","astra-migrate-meta-layouts":"set","ast-page-background-enabled":"default","ast-page-background-meta":{"desktop":{"background-color":"var(--ast-global-color-5)","background-image":"","background-repeat":"repeat","background-position":"center center","background-size":"auto","background-attachment":"scroll","background-type":"","background-media":"","overlay-type":"","overlay-color":"","overlay-opacity":"","overlay-gradient":""},"tablet":{"background-color":"","background-image":"","background-repeat":"repeat","background-position":"center center","background-size":"auto","background-attachment":"scroll","background-type":"","background-media":"","overlay-type":"","overlay-color":"","overlay-opacity":"","overlay-gradient":""},"mobile":{"background-color":"","background-image":"","background-repeat":"repeat","background-position":"center center","background-size":"auto","background-attachment":"scroll","background-type":"","background-media":"","overlay-type":"","overlay-color":"","overlay-opacity":"","overlay-gradient":""}},"ast-content-background-meta":{"desktop":{"background-color":"var(--ast-global-color-4)","background-image":"","background-repeat":"repeat","background-position":"center center","background-size":"auto","background-attachment":"scroll","background-type":"","background-media":"","overlay-type":"","overlay-color":"","overlay-opacity":"","overlay-gradient":""},"tablet":{"background-color":"var(--ast-global-color-4)","background-image":"","background-repeat":"repeat","background-position":"center center","background-size":"auto","background-attachment":"scroll","background-type":"","background-media":"","overlay-type":"","overlay-color":"","overlay-opacity":"","overlay-gradient":""},"mobile":{"background-color":"var(--ast-global-color-4)","background-image":"","background-repeat":"repeat","background-position":"center center","background-size":"auto","background-attachment":"scroll","background-type":"","background-media":"","overlay-type":"","overlay-color":"","overlay-opacity":"","overlay-gradient":""}}},"design":[],"product_brand":[],"product_cat":[34],"product_tag":[],"class_list":{"0":"post-4004","1":"product","2":"type-product","3":"status-publish","4":"has-post-thumbnail","6":"product_cat-rotary-tablet-press-machine","7":"desktop-align-left","8":"tablet-align-left","9":"mobile-align-left","11":"first","12":"instock","13":"shipping-taxable","14":"product-type-simple"},"acf":[],"_links":{"self":[{"href":"https:\/\/pharmamachinecn.com\/fr\/wp-json\/wp\/v2\/product\/4004","targetHints":{"allow":["GET"]}}],"collection":[{"href":"https:\/\/pharmamachinecn.com\/fr\/wp-json\/wp\/v2\/product"}],"about":[{"href":"https:\/\/pharmamachinecn.com\/fr\/wp-json\/wp\/v2\/types\/product"}],"replies":[{"embeddable":true,"href":"https:\/\/pharmamachinecn.com\/fr\/wp-json\/wp\/v2\/comments?post=4004"}],"version-history":[{"count":15,"href":"https:\/\/pharmamachinecn.com\/fr\/wp-json\/wp\/v2\/product\/4004\/revisions"}],"predecessor-version":[{"id":8106,"href":"https:\/\/pharmamachinecn.com\/fr\/wp-json\/wp\/v2\/product\/4004\/revisions\/8106"}],"wp:featuredmedia":[{"embeddable":true,"href":"https:\/\/pharmamachinecn.com\/fr\/wp-json\/wp\/v2\/media\/4013"}],"wp:attachment":[{"href":"https:\/\/pharmamachinecn.com\/fr\/wp-json\/wp\/v2\/media?parent=4004"}],"wp:term":[{"taxonomy":"design","embeddable":true,"href":"https:\/\/pharmamachinecn.com\/fr\/wp-json\/wp\/v2\/design?post=4004"},{"taxonomy":"product_brand","embeddable":true,"href":"https:\/\/pharmamachinecn.com\/fr\/wp-json\/wp\/v2\/product_brand?post=4004"},{"taxonomy":"product_cat","embeddable":true,"href":"https:\/\/pharmamachinecn.com\/fr\/wp-json\/wp\/v2\/product_cat?post=4004"},{"taxonomy":"product_tag","embeddable":true,"href":"https:\/\/pharmamachinecn.com\/fr\/wp-json\/wp\/v2\/product_tag?post=4004"}],"curies":[{"name":"wp","href":"https:\/\/api.w.org\/{rel}","templated":true}]}}