{"id":8448,"date":"2025-11-06T05:28:34","date_gmt":"2025-11-06T05:28:34","guid":{"rendered":"https:\/\/pharmamachinecn.com\/?post_type=product&#038;p=8448"},"modified":"2025-12-04T03:18:17","modified_gmt":"2025-12-04T03:18:17","slug":"ftp-110a-capsule-polishing-machine","status":"publish","type":"product","link":"https:\/\/pharmamachinecn.com\/fr\/ftp-110a-capsule-polishing-machine\/","title":{"rendered":"Machine \u00e0 polir les capsules FTP-110A"},"content":{"rendered":"<div data-elementor-type=\"product-post\" data-elementor-id=\"8448\" class=\"elementor elementor-8448\" data-elementor-post-type=\"product\">\n\t\t\t\t\t\t<section class=\"elementor-section elementor-top-section elementor-element elementor-element-70eac244 elementor-section-boxed elementor-section-height-default elementor-section-height-default\" data-id=\"70eac244\" data-element_type=\"section\" data-e-type=\"section\">\n\t\t\t\t\t\t<div class=\"elementor-container elementor-column-gap-default\">\n\t\t\t\t\t<div class=\"elementor-column elementor-col-100 elementor-top-column elementor-element elementor-element-3cf34980\" data-id=\"3cf34980\" data-element_type=\"column\" data-e-type=\"column\">\n\t\t\t<div class=\"elementor-widget-wrap elementor-element-populated\">\n\t\t\t\t\t\t<div class=\"elementor-element elementor-element-700ab4b9 elementor-widget elementor-widget-text-editor\" data-id=\"700ab4b9\" data-element_type=\"widget\" data-e-type=\"widget\" data-widget_type=\"text-editor.default\">\n\t\t\t\t<div class=\"elementor-widget-container\">\n\t\t\t\t\t\t\t\t\t<p>La hauteur et l&#039;angle peuvent \u00eatre ajust\u00e9s pour s&#039;adapter \u00e0 n&#039;importe quelle goulotte des machines \u00e0 remplir les capsules et des presses \u00e0 comprim\u00e9s.<\/p><figure id=\"attachment_8396\" aria-describedby=\"caption-attachment-8396\" style=\"width: 1504px\" class=\"wp-caption aligncenter\"><img fetchpriority=\"high\" decoding=\"async\" class=\"size-full wp-image-8396\" src=\"https:\/\/pharmamachinecn.com\/wp-content\/uploads\/2025\/11\/capsule-polishing-machine-diagram.jpg\" alt=\"sch\u00e9ma de la machine \u00e0 polir les capsules\" width=\"1504\" height=\"1160\" srcset=\"https:\/\/pharmamachinecn.com\/wp-content\/uploads\/2025\/11\/capsule-polishing-machine-diagram.jpg 1504w, https:\/\/pharmamachinecn.com\/wp-content\/uploads\/2025\/11\/capsule-polishing-machine-diagram-300x231.jpg 300w, https:\/\/pharmamachinecn.com\/wp-content\/uploads\/2025\/11\/capsule-polishing-machine-diagram-1024x790.jpg 1024w, https:\/\/pharmamachinecn.com\/wp-content\/uploads\/2025\/11\/capsule-polishing-machine-diagram-768x592.jpg 768w, https:\/\/pharmamachinecn.com\/wp-content\/uploads\/2025\/11\/capsule-polishing-machine-diagram-16x12.jpg 16w, https:\/\/pharmamachinecn.com\/wp-content\/uploads\/2025\/11\/capsule-polishing-machine-diagram-600x463.jpg 600w\" sizes=\"(max-width: 1504px) 100vw, 1504px\" \/><figcaption id=\"caption-attachment-8396\" class=\"wp-caption-text\"><strong>Sch\u00e9ma d&#039;une machine \u00e0 polir les capsules.<\/strong><\/figcaption><\/figure><p>Il peut \u00e9liminer l&#039;\u00e9lectricit\u00e9 statique et rejeter automatiquement les capsules ultra-l\u00e9g\u00e8res, les fragments et les capsules vides.<\/p><p>Le nouveau type de cylindre \u00e0 filet garantit l&#039;absence de blocage des capsules pendant le fonctionnement.<\/p><p>Les capsules ne sont pas en contact direct avec le filet m\u00e9tallique afin de prot\u00e9ger efficacement l&#039;impression des capsules.<\/p><p>Ce nouveau type de brosse est durable et facile \u00e0 changer.<\/p><p>Conception id\u00e9ale pour un nettoyage rapide et un entretien facile.<\/p><p>Il est \u00e9quip\u00e9 d&#039;un convertisseur de fr\u00e9quence, id\u00e9al pour un fonctionnement continu de longues heures.<\/p><p>Entra\u00eenement par courroie synchrone pour r\u00e9duire le bruit et les vibrations de la machine.<\/p><p>Il convient \u00e0 toutes les tailles de capsules sans n\u00e9cessiter de pi\u00e8ces de rechange.<\/p><p>Toutes les pi\u00e8ces principales sont fabriqu\u00e9es en acier inoxydable de premi\u00e8re qualit\u00e9 et sont conformes aux exigences des BPF pharmaceutiques.<\/p>\t\t\t\t\t\t\t\t<\/div>\n\t\t\t\t<\/div>\n\t\t\t\t\t<\/div>\n\t\t<\/div>\n\t\t\t\t\t<\/div>\n\t\t<\/section>\n\t\t\t\t<\/div>","protected":false},"excerpt":{"rendered":"<p>La FTP-110A est une polisseuse de capsules de conception nouvelle, con\u00e7ue pour polir les capsules et les comprim\u00e9s ; elle est indispensable \u00e0 toute entreprise produisant des capsules de g\u00e9latine dure.<\/p>\n<p><img decoding=\"async\" class=\"alignnone size-full wp-image-6460\" src=\"https:\/\/pharmamachinecn.com\/wp-content\/uploads\/2025\/07\/capsule-and-tablets-sample.jpg\" alt=\"\" width=\"900\" height=\"600\" srcset=\"https:\/\/pharmamachinecn.com\/wp-content\/uploads\/2025\/07\/capsule-and-tablets-sample.jpg 900w, https:\/\/pharmamachinecn.com\/wp-content\/uploads\/2025\/07\/capsule-and-tablets-sample-300x200.jpg 300w, https:\/\/pharmamachinecn.com\/wp-content\/uploads\/2025\/07\/capsule-and-tablets-sample-768x512.jpg 768w, https:\/\/pharmamachinecn.com\/wp-content\/uploads\/2025\/07\/capsule-and-tablets-sample-18x12.jpg 18w, https:\/\/pharmamachinecn.com\/wp-content\/uploads\/2025\/07\/capsule-and-tablets-sample-600x400.jpg 600w\" sizes=\"(max-width: 900px) 100vw, 900px\" \/><\/p>","protected":false},"featured_media":8450,"comment_status":"open","ping_status":"closed","template":"","meta":{"_acf_changed":false,"site-sidebar-layout":"default","site-content-layout":"","ast-site-content-layout":"default","site-content-style":"default","site-sidebar-style":"default","ast-global-header-display":"","ast-banner-title-visibility":"","ast-main-header-display":"","ast-hfb-above-header-display":"","ast-hfb-below-header-display":"","ast-hfb-mobile-header-display":"","site-post-title":"","ast-breadcrumbs-content":"","ast-featured-img":"","footer-sml-layout":"","ast-disable-related-posts":"","theme-transparent-header-meta":"default","adv-header-id-meta":"","stick-header-meta":"","header-above-stick-meta":"","header-main-stick-meta":"","header-below-stick-meta":"","astra-migrate-meta-layouts":"set","ast-page-background-enabled":"default","ast-page-background-meta":{"desktop":{"background-color":"var(--ast-global-color-5)","background-image":"","background-repeat":"repeat","background-position":"center center","background-size":"auto","background-attachment":"scroll","background-type":"","background-media":"","overlay-type":"","overlay-color":"","overlay-opacity":"","overlay-gradient":""},"tablet":{"background-color":"","background-image":"","background-repeat":"repeat","background-position":"center center","background-size":"auto","background-attachment":"scroll","background-type":"","background-media":"","overlay-type":"","overlay-color":"","overlay-opacity":"","overlay-gradient":""},"mobile":{"background-color":"","background-image":"","background-repeat":"repeat","background-position":"center center","background-size":"auto","background-attachment":"scroll","background-type":"","background-media":"","overlay-type":"","overlay-color":"","overlay-opacity":"","overlay-gradient":""}},"ast-content-background-meta":{"desktop":{"background-color":"var(--ast-global-color-4)","background-image":"","background-repeat":"repeat","background-position":"center center","background-size":"auto","background-attachment":"scroll","background-type":"","background-media":"","overlay-type":"","overlay-color":"","overlay-opacity":"","overlay-gradient":""},"tablet":{"background-color":"var(--ast-global-color-4)","background-image":"","background-repeat":"repeat","background-position":"center center","background-size":"auto","background-attachment":"scroll","background-type":"","background-media":"","overlay-type":"","overlay-color":"","overlay-opacity":"","overlay-gradient":""},"mobile":{"background-color":"var(--ast-global-color-4)","background-image":"","background-repeat":"repeat","background-position":"center center","background-size":"auto","background-attachment":"scroll","background-type":"","background-media":"","overlay-type":"","overlay-color":"","overlay-opacity":"","overlay-gradient":""}}},"design":[],"product_brand":[],"product_cat":[37],"product_tag":[],"class_list":{"0":"post-8448","1":"product","2":"type-product","3":"status-publish","4":"has-post-thumbnail","6":"product_cat-tablet-capsule-polishing-machine","7":"desktop-align-left","8":"tablet-align-left","9":"mobile-align-left","11":"first","12":"instock","13":"shipping-taxable","14":"product-type-simple"},"acf":[],"_links":{"self":[{"href":"https:\/\/pharmamachinecn.com\/fr\/wp-json\/wp\/v2\/product\/8448","targetHints":{"allow":["GET"]}}],"collection":[{"href":"https:\/\/pharmamachinecn.com\/fr\/wp-json\/wp\/v2\/product"}],"about":[{"href":"https:\/\/pharmamachinecn.com\/fr\/wp-json\/wp\/v2\/types\/product"}],"replies":[{"embeddable":true,"href":"https:\/\/pharmamachinecn.com\/fr\/wp-json\/wp\/v2\/comments?post=8448"}],"version-history":[{"count":14,"href":"https:\/\/pharmamachinecn.com\/fr\/wp-json\/wp\/v2\/product\/8448\/revisions"}],"predecessor-version":[{"id":9804,"href":"https:\/\/pharmamachinecn.com\/fr\/wp-json\/wp\/v2\/product\/8448\/revisions\/9804"}],"wp:featuredmedia":[{"embeddable":true,"href":"https:\/\/pharmamachinecn.com\/fr\/wp-json\/wp\/v2\/media\/8450"}],"wp:attachment":[{"href":"https:\/\/pharmamachinecn.com\/fr\/wp-json\/wp\/v2\/media?parent=8448"}],"wp:term":[{"taxonomy":"design","embeddable":true,"href":"https:\/\/pharmamachinecn.com\/fr\/wp-json\/wp\/v2\/design?post=8448"},{"taxonomy":"product_brand","embeddable":true,"href":"https:\/\/pharmamachinecn.com\/fr\/wp-json\/wp\/v2\/product_brand?post=8448"},{"taxonomy":"product_cat","embeddable":true,"href":"https:\/\/pharmamachinecn.com\/fr\/wp-json\/wp\/v2\/product_cat?post=8448"},{"taxonomy":"product_tag","embeddable":true,"href":"https:\/\/pharmamachinecn.com\/fr\/wp-json\/wp\/v2\/product_tag?post=8448"}],"curies":[{"name":"wp","href":"https:\/\/api.w.org\/{rel}","templated":true}]}}