{"id":1452,"date":"2025-07-10T07:58:38","date_gmt":"2025-07-10T07:58:38","guid":{"rendered":"https:\/\/pharmamachinecn.com\/?page_id=1452"},"modified":"2025-07-10T07:58:41","modified_gmt":"2025-07-10T07:58:41","slug":"refund-and-returns-policy","status":"publish","type":"page","link":"https:\/\/pharmamachinecn.com\/tr\/refund-and-returns-policy\/","title":{"rendered":"\u0130ade ve \u0130ade Politikas\u0131"},"content":{"rendered":"<h2 class=\"wp-block-heading\"><strong>\u0130ptal ve \u0130ade<\/strong><strong><\/strong><\/h2>\n\n\n\n<p>Sipari\u015finizi yaln\u0131zca 24 saat i\u00e7inde iptal edebilir ve \u00fccreti size iade edebiliriz. Ayr\u0131ca, sipari\u015f \u00fcretim a\u015famas\u0131ndaysa veya kargoya verilmi\u015fse sipari\u015fin iptal edilemeyece\u011fini l\u00fctfen unutmay\u0131n.<\/p>\n\n\n\n<h2 class=\"wp-block-heading\"><strong>\u0130adeler<\/strong><strong><\/strong><\/h2>\n\n\n\n<p>\u00dcr\u00fcn iadesi kabul etmiyoruz. \u0130nsan kaynakl\u0131 olmayan hasarlarda, \u00fcr\u00fcn\u00fcn aksesuarlar\u0131 normal \u00e7al\u0131\u015fmas\u0131n\u0131 etkiliyorsa, \u00fccretsiz olarak yeni aksesuarlar sa\u011flayabilir ve size g\u00f6nderebiliriz, ancak kargo \u00fccreti size aittir.<\/p>\n\n\n\n<h2 class=\"wp-block-heading\"><strong>Gecikmi\u015f veya Eksik \u0130adeler<\/strong><strong><\/strong><\/h2>\n\n\n\n<p>E\u011fer hen\u00fcz para iadesi almad\u0131ysan\u0131z l\u00fctfen \u00f6ncelikle banka hesab\u0131n\u0131z\u0131 kontrol edin.<\/p>\n\n\n\n<p>Daha sonra kredi kart\u0131 \u015firketinizle ileti\u015fime ge\u00e7in, iadenizin resmi olarak g\u00f6nderilmesi biraz zaman alabilir.<\/p>\n\n\n\n<p>Ard\u0131ndan bankan\u0131zla ileti\u015fime ge\u00e7in. Geri \u00f6demenin hesab\u0131n\u0131za ge\u00e7mesi genellikle biraz zaman al\u0131r. T\u00fcm bunlar\u0131 yapman\u0131za ra\u011fmen geri \u00f6demenizi hala almad\u0131ysan\u0131z, l\u00fctfen bizimle ileti\u015fime ge\u00e7in:\u00a0<a href=\"mailto:info@pharmamachinecn.com\">info@pharmamachinecn.com<\/a>.<\/p>\n\n\n\n<p>\u0130ade ve iadelerle ilgili sorular\u0131n\u0131z i\u00e7in bizimle ileti\u015fime ge\u00e7in.<\/p>\n\n\n\n<p><\/p>","protected":false},"excerpt":{"rendered":"<p>Cancellation and Refund We only accept cancellations within 24 hours of your order and refund the fee to you. Please [&hellip;]<\/p>\n","protected":false},"author":1,"featured_media":0,"parent":0,"menu_order":0,"comment_status":"closed","ping_status":"closed","template":"","meta":{"_acf_changed":false,"site-sidebar-layout":"default","site-content-layout":"","ast-site-content-layout":"default","site-content-style":"default","site-sidebar-style":"default","ast-global-header-display":"","ast-banner-title-visibility":"","ast-main-header-display":"","ast-hfb-above-header-display":"","ast-hfb-below-header-display":"","ast-hfb-mobile-header-display":"","site-post-title":"","ast-breadcrumbs-content":"","ast-featured-img":"","footer-sml-layout":"","ast-disable-related-posts":"","theme-transparent-header-meta":"","adv-header-id-meta":"","stick-header-meta":"","header-above-stick-meta":"","header-main-stick-meta":"","header-below-stick-meta":"","astra-migrate-meta-layouts":"default","ast-page-background-enabled":"default","ast-page-background-meta":{"desktop":{"background-color":"var(--ast-global-color-5)","background-image":"","background-repeat":"repeat","background-position":"center center","background-size":"auto","background-attachment":"scroll","background-type":"","background-media":"","overlay-type":"","overlay-color":"","overlay-opacity":"","overlay-gradient":""},"tablet":{"background-color":"","background-image":"","background-repeat":"repeat","background-position":"center center","background-size":"auto","background-attachment":"scroll","background-type":"","background-media":"","overlay-type":"","overlay-color":"","overlay-opacity":"","overlay-gradient":""},"mobile":{"background-color":"","background-image":"","background-repeat":"repeat","background-position":"center center","background-size":"auto","background-attachment":"scroll","background-type":"","background-media":"","overlay-type":"","overlay-color":"","overlay-opacity":"","overlay-gradient":""}},"ast-content-background-meta":{"desktop":{"background-color":"var(--ast-global-color-4)","background-image":"","background-repeat":"repeat","background-position":"center center","background-size":"auto","background-attachment":"scroll","background-type":"","background-media":"","overlay-type":"","overlay-color":"","overlay-opacity":"","overlay-gradient":""},"tablet":{"background-color":"var(--ast-global-color-4)","background-image":"","background-repeat":"repeat","background-position":"center center","background-size":"auto","background-attachment":"scroll","background-type":"","background-media":"","overlay-type":"","overlay-color":"","overlay-opacity":"","overlay-gradient":""},"mobile":{"background-color":"var(--ast-global-color-4)","background-image":"","background-repeat":"repeat","background-position":"center center","background-size":"auto","background-attachment":"scroll","background-type":"","background-media":"","overlay-type":"","overlay-color":"","overlay-opacity":"","overlay-gradient":""}},"footnotes":""},"class_list":["post-1452","page","type-page","status-publish","hentry"],"acf":[],"_links":{"self":[{"href":"https:\/\/pharmamachinecn.com\/tr\/wp-json\/wp\/v2\/pages\/1452","targetHints":{"allow":["GET"]}}],"collection":[{"href":"https:\/\/pharmamachinecn.com\/tr\/wp-json\/wp\/v2\/pages"}],"about":[{"href":"https:\/\/pharmamachinecn.com\/tr\/wp-json\/wp\/v2\/types\/page"}],"author":[{"embeddable":true,"href":"https:\/\/pharmamachinecn.com\/tr\/wp-json\/wp\/v2\/users\/1"}],"replies":[{"embeddable":true,"href":"https:\/\/pharmamachinecn.com\/tr\/wp-json\/wp\/v2\/comments?post=1452"}],"version-history":[{"count":0,"href":"https:\/\/pharmamachinecn.com\/tr\/wp-json\/wp\/v2\/pages\/1452\/revisions"}],"wp:attachment":[{"href":"https:\/\/pharmamachinecn.com\/tr\/wp-json\/wp\/v2\/media?parent=1452"}],"curies":[{"name":"wp","href":"https:\/\/api.w.org\/{rel}","templated":true}]}}