{"id":3,"date":"2025-06-11T00:43:22","date_gmt":"2025-06-11T00:43:22","guid":{"rendered":"https:\/\/pharmamachinecn.com\/?page_id=3"},"modified":"2025-07-10T07:57:12","modified_gmt":"2025-07-10T07:57:12","slug":"privacy-policy","status":"publish","type":"page","link":"https:\/\/pharmamachinecn.com\/tr\/privacy-policy\/","title":{"rendered":"Gizlilik Politikas\u0131"},"content":{"rendered":"<h2 class=\"wp-block-heading\">G\u0130ZL\u0130L\u0130K BEYANI<\/h2>\n\n\n\n<p>Gizlili\u011finizi ciddiye al\u0131yoruz ve bu gizlilik bildirimi, pharmamachinecn.com&#039;un (toplu olarak &quot;biz&quot;, &quot;bize&quot; veya &quot;bizim&quot;) bilgilerinizi nas\u0131l toplad\u0131\u011f\u0131n\u0131, kulland\u0131\u011f\u0131n\u0131, payla\u015ft\u0131\u011f\u0131n\u0131 ve i\u015fledi\u011fini a\u00e7\u0131kl\u0131yor.<\/p>\n\n\n\n<h3 class=\"wp-block-heading\">Ki\u015fisel Verilerin Toplanmas\u0131 ve Kullan\u0131m\u0131<\/h3>\n\n\n\n<p>Ki\u015fisel veriler, sizi do\u011frudan veya dolayl\u0131 olarak tan\u0131mlamak i\u00e7in kullan\u0131labilecek bilgilerdir. Ki\u015fisel veriler ayr\u0131ca, sizi do\u011frudan veya dolayl\u0131 olarak tan\u0131mlamak i\u00e7in kullan\u0131labilecek bilgilerle ba\u011flant\u0131l\u0131 anonim verileri de i\u00e7erir. Ki\u015fisel veriler, geri d\u00f6nd\u00fcr\u00fclemez \u015fekilde anonimle\u015ftirilmi\u015f veya birle\u015ftirilmi\u015f, b\u00f6ylece art\u0131k sizi tan\u0131mlamam\u0131z\u0131, ister ba\u015fka bilgilerle birle\u015ftirilerek ister ba\u015fka bir \u015fekilde sa\u011flas\u0131n, sa\u011flayamayacak \u015fekilde toplanm\u0131\u015f verileri i\u00e7ermez.<\/p>\n\n\n\n<h3 class=\"wp-block-heading\">Emniyet ve g\u00fcvenli\u011fin te\u015fvik edilmesi<\/h3>\n\n\n\n<p>Yasall\u0131k, me\u015fruiyet ve \u015feffafl\u0131k ilkelerine ba\u011fl\u0131 kal\u0131yor, s\u0131n\u0131rl\u0131 bir ama\u00e7 kapsam\u0131nda m\u00fcmk\u00fcn oldu\u011funca az veri kullan\u0131yor ve i\u015fliyor, verilerin g\u00fcvenli\u011fini korumak i\u00e7in teknik ve idari \u00f6nlemler al\u0131yoruz. Ki\u015fisel verileri, hesaplar\u0131 ve kullan\u0131c\u0131 etkinliklerini do\u011frulaman\u0131n yan\u0131 s\u0131ra doland\u0131r\u0131c\u0131l\u0131\u011f\u0131 izlemek, \u015f\u00fcpheli veya potansiyel olarak yasa d\u0131\u015f\u0131 faaliyetleri veya \u015fart ve politikalar\u0131m\u0131z\u0131n ihlallerini ara\u015ft\u0131rmak gibi g\u00fcvenlik ve emniyeti art\u0131rmak i\u00e7in kullan\u0131yoruz. Bu t\u00fcr i\u015fleme, \u00fcr\u00fcn ve hizmetlerimizin g\u00fcvenli\u011fini sa\u011flamaya yard\u0131mc\u0131 olma konusundaki me\u015fru menfaatimize dayanmaktad\u0131r.<\/p>\n\n\n\n<p>Toplayabilece\u011fimiz ki\u015fisel veri t\u00fcrlerinin ve bunlar\u0131 nas\u0131l kullanabilece\u011fimizin a\u00e7\u0131klamas\u0131 a\u015fa\u011f\u0131dad\u0131r:<\/p>\n\n\n\n<h3 class=\"wp-block-heading\">Hangi Ki\u015fisel Verileri Topluyoruz?<\/h3>\n\n\n\n<h4 class=\"wp-block-heading\">\u2170. Sa\u011flad\u0131\u011f\u0131n\u0131z veriler:<\/h4>\n\n\n\n<p>\u00dcr\u00fcn ve hizmetlerimizi kulland\u0131\u011f\u0131n\u0131zda veya hesap olu\u015fturdu\u011funuzda, bizimle ileti\u015fime ge\u00e7ti\u011finizde, \u00e7evrimi\u00e7i bir ankete kat\u0131ld\u0131\u011f\u0131n\u0131zda, \u00e7evrimi\u00e7i yard\u0131m veya \u00e7evrimi\u00e7i sohbet arac\u0131m\u0131z\u0131 kulland\u0131\u011f\u0131n\u0131zda sa\u011flad\u0131\u011f\u0131n\u0131z ki\u015fisel verileri topluyoruz. Bir sat\u0131n alma i\u015flemi ger\u00e7ekle\u015ftirirseniz, sat\u0131n alma i\u015flemiyle ba\u011flant\u0131l\u0131 ki\u015fisel verileri toplar\u0131z. Bu veriler, kredi veya banka kart\u0131 numaran\u0131z ve di\u011fer kart bilgileriniz gibi \u00f6deme verilerinizi, di\u011fer hesap ve kimlik do\u011frulama bilgilerinizi, faturaland\u0131rma, g\u00f6nderim ve ileti\u015fim bilgilerinizi i\u00e7erir.<\/p>\n\n\n\n<h4 class=\"wp-block-heading\">\u2171. Hizmetlerimizin ve \u00fcr\u00fcnlerimizin kullan\u0131m\u0131na ili\u015fkin veriler:<\/h4>\n\n\n\n<p>Web sitelerimizi ziyaret etti\u011finizde, kulland\u0131\u011f\u0131n\u0131z cihaz\u0131n t\u00fcr\u00fc, cihaz\u0131n\u0131z\u0131n benzersiz tan\u0131mlay\u0131c\u0131s\u0131, cihaz\u0131n\u0131z\u0131n IP adresi, i\u015fletim sisteminiz, kulland\u0131\u011f\u0131n\u0131z internet taray\u0131c\u0131s\u0131n\u0131n t\u00fcr\u00fc, kullan\u0131m bilgileri, tan\u0131lama bilgileri ve \u00fcr\u00fcnlerimizi veya hizmetlerimizi y\u00fckledi\u011finiz veya bunlara eri\u015fti\u011finiz bilgisayarlar, telefonlar veya di\u011fer cihazlardan veya bu cihazlarla ilgili konum bilgileri hakk\u0131nda veri toplayabiliriz. Hizmetlerimiz, m\u00fcmk\u00fcn oldu\u011funda, \u00fcr\u00fcn ve hizmetlerimizi iyile\u015ftirmemize olanak sa\u011flamak amac\u0131yla bir cihaz\u0131n yakla\u015f\u0131k konumunu belirlemek i\u00e7in GPS, IP adresiniz ve di\u011fer teknolojileri kullanabilir.<\/p>\n\n\n\n<h3 class=\"wp-block-heading\">Ki\u015fisel Verilerinizi Nas\u0131l Kullan\u0131yoruz?<\/h3>\n\n\n\n<p>Genel olarak, ki\u015fisel verileri \u00fcr\u00fcnlerimizi ve hizmetlerimizi sa\u011flamak, iyile\u015ftirmek ve geli\u015ftirmek, sizinle ileti\u015fim kurmak, size hedefli reklamlar ve hizmetler sunmak ve kendimizi ve m\u00fc\u015fterilerimizi korumak i\u00e7in kullan\u0131r\u0131z.<\/p>\n\n\n\n<h4 class=\"wp-block-heading\">\u2170. \u00dcr\u00fcn ve hizmetlerimizi sa\u011flamak, iyile\u015ftirmek ve geli\u015ftirmek:<\/h4>\n\n\n\n<p>Ki\u015fisel verileri, \u00fcr\u00fcnlerimizi, hizmetlerimizi ve reklamlar\u0131m\u0131z\u0131 sunmam\u0131za, iyile\u015ftirmemize ve geli\u015ftirmemize yard\u0131mc\u0131 olmak i\u00e7in kullan\u0131r\u0131z. Bu, ki\u015fisel verilerin veri analizi, ara\u015ft\u0131rma ve denetim gibi ama\u00e7larla kullan\u0131lmas\u0131n\u0131 da i\u00e7erir. Bu t\u00fcr bir i\u015fleme, size \u00fcr\u00fcn ve hizmetler sunma ve i\u015f s\u00fcreklili\u011fi sa\u011flama konusundaki me\u015fru menfaatimize dayanmaktad\u0131r. Bir yar\u0131\u015fmaya veya ba\u015fka bir promosyona kat\u0131l\u0131rsan\u0131z, sa\u011flad\u0131\u011f\u0131n\u0131z ki\u015fisel verileri bu programlar\u0131 y\u00f6netmek i\u00e7in kullanabiliriz. Bu etkinliklerin baz\u0131lar\u0131n\u0131n, ki\u015fisel verileri nas\u0131l kulland\u0131\u011f\u0131m\u0131z hakk\u0131nda daha fazla bilgi i\u00e7erebilecek ek kurallar\u0131 vard\u0131r, bu nedenle kat\u0131lmadan \u00f6nce bu kurallar\u0131 dikkatlice okuman\u0131z\u0131 \u00f6neririz.<\/p>\n\n\n\n<h4 class=\"wp-block-heading\">\u2171. Sizinle ileti\u015fim kurmak:<\/h4>\n\n\n\n<p>\u00d6nceden a\u00e7\u0131k izninize tabi olarak, ki\u015fisel verilerinizi, kendi \u00fcr\u00fcn ve hizmetlerimizle ilgili pazarlama ileti\u015fimleri g\u00f6ndermek, hesab\u0131n\u0131z veya i\u015flemleriniz hakk\u0131nda sizinle ileti\u015fim kurmak ve politikalar\u0131m\u0131z ve \u015fartlar\u0131m\u0131z hakk\u0131nda sizi bilgilendirmek i\u00e7in kullanabiliriz. Art\u0131k pazarlama ama\u00e7l\u0131 e-posta ileti\u015fimleri almak istemiyorsan\u0131z, l\u00fctfen abonelikten \u00e7\u0131kmak i\u00e7in Bize Ula\u015f\u0131n. Ayr\u0131ca, Bize Ula\u015ft\u0131\u011f\u0131n\u0131zda taleplerinizi i\u015flemek ve yan\u0131tlamak i\u00e7in verilerinizi kullanabiliriz.<\/p>\n\n\n\n<p><strong>NOT:&nbsp;<\/strong>Yukar\u0131da a\u00e7\u0131klanan verilerinizin herhangi bir \u015fekilde kullan\u0131lmas\u0131 i\u00e7in \u00f6nceden a\u00e7\u0131k r\u0131zan\u0131z\u0131n al\u0131nmas\u0131 gerekiyorsa, bizimle ileti\u015fime ge\u00e7erek r\u0131zan\u0131z\u0131 geri \u00e7ekebilece\u011finizi unutmay\u0131n.<\/p>\n\n\n\n<h2 class=\"wp-block-heading\">Haklar\u0131n\u0131z<\/h2>\n\n\n\n<p>Ki\u015fisel verilerinizin do\u011fru, eksiksiz ve g\u00fcncel olmas\u0131n\u0131 sa\u011flamak i\u00e7in makul ad\u0131mlar at\u0131yoruz. Toplad\u0131\u011f\u0131m\u0131z ki\u015fisel verilere eri\u015fme, d\u00fczeltme veya silme hakk\u0131na sahipsiniz. Ayr\u0131ca, ki\u015fisel verilerinizin daha fazla i\u015flenmesine istedi\u011finiz zaman k\u0131s\u0131tlama veya itiraz etme hakk\u0131na da sahipsiniz. Ki\u015fisel verilerinizi yap\u0131land\u0131r\u0131lm\u0131\u015f ve standart bir formatta alma hakk\u0131na sahipsiniz. Ki\u015fisel verilerinizin i\u015flenmesiyle ilgili olarak yetkili veri koruma otoritesine \u015fikayette bulunabilirsiniz. Ki\u015fisel verilerinizin gizlili\u011fini ve g\u00fcvenli\u011fini korumak i\u00e7in, kimli\u011finizi ve bu verilere eri\u015fim hakk\u0131n\u0131z\u0131 do\u011frulamam\u0131z\u0131 ve saklad\u0131\u011f\u0131m\u0131z ki\u015fisel verileri aray\u0131p size sa\u011flamam\u0131z\u0131 sa\u011flayacak verileri sizden talep edebiliriz. Ge\u00e7erli yasalar\u0131n veya d\u00fczenleyici gerekliliklerin, saklad\u0131\u011f\u0131m\u0131z ki\u015fisel verilerin bir k\u0131sm\u0131n\u0131 veya tamam\u0131n\u0131 vermeyi veya silmeyi reddetmemize izin verdi\u011fi veya gerektirdi\u011fi durumlar vard\u0131r. Haklar\u0131n\u0131z\u0131 kullanmak i\u00e7in Bizimle \u0130leti\u015fime Ge\u00e7ebilirsiniz. Talebinize makul bir s\u00fcre i\u00e7inde ve her hal\u00fckarda 30 g\u00fcnden k\u0131sa bir s\u00fcre i\u00e7inde yan\u0131t verece\u011fiz.<\/p>\n\n\n\n<h2 class=\"wp-block-heading\">Veri G\u00fcvenli\u011fi, B\u00fct\u00fcnl\u00fc\u011f\u00fc ve Saklama<\/h2>\n\n\n\n<p>Verilerinize yetkisiz eri\u015fimi korumak ve engellemek ve toplad\u0131\u011f\u0131m\u0131z verileri do\u011fru \u015fekilde kullanmak i\u00e7in tasarlanm\u0131\u015f makul teknik, idari ve fiziksel g\u00fcvenlik \u00f6nlemleri kullan\u0131yoruz. Ki\u015fisel verilerinizi, yasalarca daha uzun bir saklama s\u00fcresi gerekmedi\u011fi veya izin verilmedi\u011fi s\u00fcrece, bu Gizlilik Beyan\u0131&#039;nda belirtilen ama\u00e7lar\u0131 yerine getirmek i\u00e7in gerekli oldu\u011fu s\u00fcrece saklayaca\u011f\u0131z.<\/p>\n\n\n\n<h2 class=\"wp-block-heading\">Bu Gizlilik Bildirimindeki De\u011fi\u015fiklikler<\/h2>\n\n\n\n<p>Yeni teknolojiler, sekt\u00f6r uygulamalar\u0131 ve yasal gereklilikler gibi nedenlerle bu Gizlilik Beyan\u0131&#039;n\u0131 periyodik olarak de\u011fi\u015ftirebiliriz. Gizlilik Beyan\u0131&#039;n\u0131n y\u00fcr\u00fcrl\u00fck tarihinden sonra \u00fcr\u00fcn ve hizmetlerimizi kullanmaya devam etmeniz, revize edilmi\u015f Gizlilik Beyan\u0131&#039;n\u0131 kabul etti\u011finiz anlam\u0131na gelir. Revize edilmi\u015f Gizlilik Beyan\u0131&#039;n\u0131 kabul etmiyorsan\u0131z, l\u00fctfen \u00fcr\u00fcn veya hizmetlerimizi kullanmaktan ka\u00e7\u0131n\u0131n ve olu\u015fturmu\u015f olabilece\u011finiz herhangi bir hesab\u0131 kapatmak i\u00e7in bizimle ileti\u015fime ge\u00e7in.<\/p>\n\n\n\n<h2 class=\"wp-block-heading\">Bize Ula\u015f\u0131n<\/h2>\n\n\n\n<p>Bu Gizlilik Beyan\u0131 veya uygulanmas\u0131yla ilgili herhangi bir sorunuz varsa, bize \u015fu \u015fekilde ula\u015fabilirsiniz:\u00a0<a href=\"mailto:info@pharmamachinecn.com\">info@pharmamachinecn.com<\/a>.<\/p>","protected":false},"excerpt":{"rendered":"<p>PRIVACY STATEMENT We take your privacy seriously and this privacy statement explains how pharmamachinecn.com (collectively, \u201cwe,\u201d \u201cus,\u201d or \u201cour\u201d) collect, [&hellip;]<\/p>\n","protected":false},"author":1,"featured_media":0,"parent":0,"menu_order":0,"comment_status":"closed","ping_status":"open","template":"","meta":{"_acf_changed":false,"site-sidebar-layout":"default","site-content-layout":"","ast-site-content-layout":"default","site-content-style":"default","site-sidebar-style":"default","ast-global-header-display":"","ast-banner-title-visibility":"","ast-main-header-display":"","ast-hfb-above-header-display":"","ast-hfb-below-header-display":"","ast-hfb-mobile-header-display":"","site-post-title":"","ast-breadcrumbs-content":"","ast-featured-img":"","footer-sml-layout":"","ast-disable-related-posts":"","theme-transparent-header-meta":"","adv-header-id-meta":"","stick-header-meta":"","header-above-stick-meta":"","header-main-stick-meta":"","header-below-stick-meta":"","astra-migrate-meta-layouts":"default","ast-page-background-enabled":"default","ast-page-background-meta":{"desktop":{"background-color":"var(--ast-global-color-5)","background-image":"","background-repeat":"repeat","background-position":"center center","background-size":"auto","background-attachment":"scroll","background-type":"","background-media":"","overlay-type":"","overlay-color":"","overlay-opacity":"","overlay-gradient":""},"tablet":{"background-color":"","background-image":"","background-repeat":"repeat","background-position":"center center","background-size":"auto","background-attachment":"scroll","background-type":"","background-media":"","overlay-type":"","overlay-color":"","overlay-opacity":"","overlay-gradient":""},"mobile":{"background-color":"","background-image":"","background-repeat":"repeat","background-position":"center center","background-size":"auto","background-attachment":"scroll","background-type":"","background-media":"","overlay-type":"","overlay-color":"","overlay-opacity":"","overlay-gradient":""}},"ast-content-background-meta":{"desktop":{"background-color":"var(--ast-global-color-4)","background-image":"","background-repeat":"repeat","background-position":"center center","background-size":"auto","background-attachment":"scroll","background-type":"","background-media":"","overlay-type":"","overlay-color":"","overlay-opacity":"","overlay-gradient":""},"tablet":{"background-color":"var(--ast-global-color-4)","background-image":"","background-repeat":"repeat","background-position":"center center","background-size":"auto","background-attachment":"scroll","background-type":"","background-media":"","overlay-type":"","overlay-color":"","overlay-opacity":"","overlay-gradient":""},"mobile":{"background-color":"var(--ast-global-color-4)","background-image":"","background-repeat":"repeat","background-position":"center center","background-size":"auto","background-attachment":"scroll","background-type":"","background-media":"","overlay-type":"","overlay-color":"","overlay-opacity":"","overlay-gradient":""}},"footnotes":""},"class_list":["post-3","page","type-page","status-publish","hentry"],"acf":[],"_links":{"self":[{"href":"https:\/\/pharmamachinecn.com\/tr\/wp-json\/wp\/v2\/pages\/3","targetHints":{"allow":["GET"]}}],"collection":[{"href":"https:\/\/pharmamachinecn.com\/tr\/wp-json\/wp\/v2\/pages"}],"about":[{"href":"https:\/\/pharmamachinecn.com\/tr\/wp-json\/wp\/v2\/types\/page"}],"author":[{"embeddable":true,"href":"https:\/\/pharmamachinecn.com\/tr\/wp-json\/wp\/v2\/users\/1"}],"replies":[{"embeddable":true,"href":"https:\/\/pharmamachinecn.com\/tr\/wp-json\/wp\/v2\/comments?post=3"}],"version-history":[{"count":0,"href":"https:\/\/pharmamachinecn.com\/tr\/wp-json\/wp\/v2\/pages\/3\/revisions"}],"wp:attachment":[{"href":"https:\/\/pharmamachinecn.com\/tr\/wp-json\/wp\/v2\/media?parent=3"}],"curies":[{"name":"wp","href":"https:\/\/api.w.org\/{rel}","templated":true}]}}