{"id":928,"date":"2025-07-02T08:43:45","date_gmt":"2025-07-02T08:43:45","guid":{"rendered":"https:\/\/pharmamachinecn.com\/?page_id=928"},"modified":"2025-08-01T08:38:12","modified_gmt":"2025-08-01T08:38:12","slug":"sustainable-development","status":"publish","type":"page","link":"https:\/\/pharmamachinecn.com\/tr\/sustainable-development\/","title":{"rendered":"S\u00fcrd\u00fcr\u00fclebilir Kalk\u0131nma"},"content":{"rendered":"<div data-elementor-type=\"wp-page\" data-elementor-id=\"928\" class=\"elementor elementor-928\" data-elementor-post-type=\"page\">\n\t\t\t\t\t\t<section class=\"elementor-section elementor-top-section elementor-element elementor-element-e580807 elementor-section-boxed elementor-section-height-default elementor-section-height-default\" data-id=\"e580807\" data-element_type=\"section\" data-e-type=\"section\" data-settings=\"{&quot;background_background&quot;:&quot;classic&quot;}\">\n\t\t\t\t\t\t\t<div class=\"elementor-background-overlay\"><\/div>\n\t\t\t\t\t\t\t<div class=\"elementor-container elementor-column-gap-default\">\n\t\t\t\t\t<div class=\"elementor-column elementor-col-100 elementor-top-column elementor-element elementor-element-c0f9cc0\" data-id=\"c0f9cc0\" data-element_type=\"column\" data-e-type=\"column\">\n\t\t\t<div class=\"elementor-widget-wrap elementor-element-populated\">\n\t\t\t\t\t\t<div class=\"elementor-element elementor-element-a207ad5 elementor-widget elementor-widget-html\" data-id=\"a207ad5\" data-element_type=\"widget\" data-e-type=\"widget\" data-widget_type=\"html.default\">\n\t\t\t\t<div class=\"elementor-widget-container\">\n\t\t\t\t\t<script>\n    document.addEventListener(\"DOMContentLoaded\", function () {\n  const breadcrumb = document.querySelector(\".woocommerce-breadcrumb\");\n  if (breadcrumb) {\n    \/\/ Replace all \" \/ \" (including &nbsp;) with image separator\n    const parts = breadcrumb.innerHTML.split(\"&nbsp;\/&nbsp;\");\n    const imgTag = '<img decoding=\"async\" src=\"https:\/\/pharmamachinecn.com\/wp-content\/uploads\/2025\/07\/Angle-Right-1.svg\" width=\"18\" height=\"18\" class=\"breadcrumb-separator\" style=\"vertical-align:middle; margin: 0 5px;\" \/>';\n    breadcrumb.innerHTML = parts.join(imgTag);\n  }\n});\n\n    \n<\/script>\t\t\t\t<\/div>\n\t\t\t\t<\/div>\n\t\t\t\t<div class=\"elementor-element elementor-element-ea960c5 elementor-widget elementor-widget-woocommerce-breadcrumb\" data-id=\"ea960c5\" data-element_type=\"widget\" data-e-type=\"widget\" data-widget_type=\"woocommerce-breadcrumb.default\">\n\t\t\t\t<div class=\"elementor-widget-container\">\n\t\t\t\t\t<nav class=\"woocommerce-breadcrumb\" aria-label=\"Breadcrumb\" data-no-translation=\"\" data-trp-gettext=\"\">Ana Sayfa<\/nav>\t\t\t\t<\/div>\n\t\t\t\t<\/div>\n\t\t\t\t<div class=\"elementor-element elementor-element-8274c54 elementor-widget elementor-widget-heading\" data-id=\"8274c54\" data-element_type=\"widget\" data-e-type=\"widget\" data-widget_type=\"heading.default\">\n\t\t\t\t<div class=\"elementor-widget-container\">\n\t\t\t\t\t<h2 class=\"elementor-heading-title elementor-size-default\">S\u00fcrd\u00fcr\u00fclebilir Kalk\u0131nma<\/h2>\t\t\t\t<\/div>\n\t\t\t\t<\/div>\n\t\t\t\t\t<\/div>\n\t\t<\/div>\n\t\t\t\t\t<\/div>\n\t\t<\/section>\n\t\t\t\t<section class=\"elementor-section elementor-top-section elementor-element elementor-element-599871c elementor-section-content-middle elementor-section-boxed elementor-section-height-default elementor-section-height-default\" data-id=\"599871c\" data-element_type=\"section\" data-e-type=\"section\">\n\t\t\t\t\t\t<div class=\"elementor-container elementor-column-gap-default\">\n\t\t\t\t\t<div class=\"elementor-column elementor-col-50 elementor-top-column elementor-element elementor-element-a50f423\" data-id=\"a50f423\" data-element_type=\"column\" data-e-type=\"column\">\n\t\t\t<div class=\"elementor-widget-wrap elementor-element-populated\">\n\t\t\t\t\t\t<div class=\"elementor-element elementor-element-bca3ca8 elementor-widget elementor-widget-image\" data-id=\"bca3ca8\" data-element_type=\"widget\" data-e-type=\"widget\" data-widget_type=\"image.default\">\n\t\t\t\t<div class=\"elementor-widget-container\">\n\t\t\t\t\t\t\t\t\t\t\t\t\t\t\t<img fetchpriority=\"high\" decoding=\"async\" width=\"1050\" height=\"700\" src=\"https:\/\/pharmamachinecn.com\/wp-content\/uploads\/2025\/07\/Sustainability-at-Finetech.webp\" class=\"attachment-full size-full wp-image-937\" alt=\"\" srcset=\"https:\/\/pharmamachinecn.com\/wp-content\/uploads\/2025\/07\/Sustainability-at-Finetech.webp 1050w, https:\/\/pharmamachinecn.com\/wp-content\/uploads\/2025\/07\/Sustainability-at-Finetech-600x400.webp 600w, https:\/\/pharmamachinecn.com\/wp-content\/uploads\/2025\/07\/Sustainability-at-Finetech-300x200.webp 300w, https:\/\/pharmamachinecn.com\/wp-content\/uploads\/2025\/07\/Sustainability-at-Finetech-1024x683.webp 1024w, https:\/\/pharmamachinecn.com\/wp-content\/uploads\/2025\/07\/Sustainability-at-Finetech-768x512.webp 768w, https:\/\/pharmamachinecn.com\/wp-content\/uploads\/2025\/07\/Sustainability-at-Finetech-18x12.webp 18w\" sizes=\"(max-width: 1050px) 100vw, 1050px\" \/>\t\t\t\t\t\t\t\t\t\t\t\t\t\t\t<\/div>\n\t\t\t\t<\/div>\n\t\t\t\t\t<\/div>\n\t\t<\/div>\n\t\t\t\t<div class=\"elementor-column elementor-col-50 elementor-top-column elementor-element elementor-element-1a37a12\" data-id=\"1a37a12\" data-element_type=\"column\" data-e-type=\"column\">\n\t\t\t<div class=\"elementor-widget-wrap elementor-element-populated\">\n\t\t\t\t\t\t<div class=\"elementor-element elementor-element-b6bfc45 elementor-widget-tablet__width-inherit elementor-widget elementor-widget-heading\" data-id=\"b6bfc45\" data-element_type=\"widget\" data-e-type=\"widget\" data-widget_type=\"heading.default\">\n\t\t\t\t<div class=\"elementor-widget-container\">\n\t\t\t\t\t<h2 class=\"elementor-heading-title elementor-size-default\">S\u00fcrd\u00fcr\u00fclebilirlik <span class=\"multi-color\">Finetech<\/span><\/h2>\t\t\t\t<\/div>\n\t\t\t\t<\/div>\n\t\t\t\t<div class=\"elementor-element elementor-element-3bbf932 elementor-widget__width-initial elementor-widget-tablet__width-inherit elementor-widget elementor-widget-text-editor\" data-id=\"3bbf932\" data-element_type=\"widget\" data-e-type=\"widget\" data-widget_type=\"text-editor.default\">\n\t\t\t\t<div class=\"elementor-widget-container\">\n\t\t\t\t\t\t\t\t\t<p>Finetech, s\u00fcrd\u00fcr\u00fclebilir bir kalk\u0131nma stratejisine odaklanm\u0131\u015ft\u0131r. Ye\u015fil \u00fcretim hedefleri belirledik: \u00fcretim kaynaklar\u0131ndan tasarruf etmek, sosyal sorumluluk almak, tedarik zinciri sistemini optimize etmek ve sa\u011fl\u0131k ve esenli\u011fe aktif olarak \u00f6nem vermek. Bu gereklilikleri d\u00fcr\u00fcstl\u00fck ve yenilik\u00e7i bir ruhla kar\u015f\u0131l\u0131yoruz.<\/p>\t\t\t\t\t\t\t\t<\/div>\n\t\t\t\t<\/div>\n\t\t\t\t<div class=\"elementor-element elementor-element-69a775c elementor-align-left elementor-widget elementor-widget-button\" data-id=\"69a775c\" data-element_type=\"widget\" data-e-type=\"widget\" data-widget_type=\"button.default\">\n\t\t\t\t<div class=\"elementor-widget-container\">\n\t\t\t\t\t\t\t\t\t<div class=\"elementor-button-wrapper\">\n\t\t\t\t\t<a class=\"elementor-button elementor-button-link elementor-size-sm\" href=\"https:\/\/pharmamachinecn.com\/tr\/contact-us\/\">\n\t\t\t\t\t\t<span class=\"elementor-button-content-wrapper\">\n\t\t\t\t\t\t\t\t\t<span class=\"elementor-button-text\">\u015eimdi bizimle ileti\u015fime ge\u00e7in<\/span>\n\t\t\t\t\t<\/span>\n\t\t\t\t\t<\/a>\n\t\t\t\t<\/div>\n\t\t\t\t\t\t\t\t<\/div>\n\t\t\t\t<\/div>\n\t\t\t\t\t<\/div>\n\t\t<\/div>\n\t\t\t\t\t<\/div>\n\t\t<\/section>\n\t\t\t\t<section class=\"elementor-section elementor-top-section elementor-element elementor-element-69325f1 elementor-section-content-middle elementor-section-boxed elementor-section-height-default elementor-section-height-default\" data-id=\"69325f1\" data-element_type=\"section\" data-e-type=\"section\" data-settings=\"{&quot;background_background&quot;:&quot;classic&quot;}\">\n\t\t\t\t\t\t<div class=\"elementor-container elementor-column-gap-default\">\n\t\t\t\t\t<div class=\"elementor-column elementor-col-100 elementor-top-column elementor-element elementor-element-de7b5a0\" data-id=\"de7b5a0\" data-element_type=\"column\" data-e-type=\"column\">\n\t\t\t<div class=\"elementor-widget-wrap elementor-element-populated\">\n\t\t\t\t\t\t<div class=\"elementor-element elementor-element-64664a1 elementor-widget elementor-widget-heading\" data-id=\"64664a1\" data-element_type=\"widget\" data-e-type=\"widget\" data-widget_type=\"heading.default\">\n\t\t\t\t<div class=\"elementor-widget-container\">\n\t\t\t\t\t<h2 class=\"elementor-heading-title elementor-size-default\">S\u00fcrd\u00fcr\u00fclebilirli\u011fimiz <span class=\"multi-color\">strateji<\/span><\/h2>\t\t\t\t<\/div>\n\t\t\t\t<\/div>\n\t\t\t\t<section class=\"elementor-section elementor-inner-section elementor-element elementor-element-9393550 elementor-section-content-middle elementor-section-boxed elementor-section-height-default elementor-section-height-default\" data-id=\"9393550\" data-element_type=\"section\" data-e-type=\"section\">\n\t\t\t\t\t\t<div class=\"elementor-container elementor-column-gap-default\">\n\t\t\t\t\t<div class=\"elementor-column elementor-col-50 elementor-inner-column elementor-element elementor-element-8188b53\" data-id=\"8188b53\" data-element_type=\"column\" data-e-type=\"column\">\n\t\t\t<div class=\"elementor-widget-wrap elementor-element-populated\">\n\t\t\t\t\t\t<div class=\"elementor-element elementor-element-c4587b8 elementor-widget elementor-widget-image\" data-id=\"c4587b8\" data-element_type=\"widget\" data-e-type=\"widget\" data-widget_type=\"image.default\">\n\t\t\t\t<div class=\"elementor-widget-container\">\n\t\t\t\t\t\t\t\t\t\t\t\t\t\t\t<img decoding=\"async\" width=\"1024\" height=\"683\" src=\"https:\/\/pharmamachinecn.com\/wp-content\/uploads\/2025\/07\/GMP-production-standards-1024x683.jpg\" class=\"attachment-large size-large wp-image-940\" alt=\"\" srcset=\"https:\/\/pharmamachinecn.com\/wp-content\/uploads\/2025\/07\/GMP-production-standards-1024x683.jpg 1024w, https:\/\/pharmamachinecn.com\/wp-content\/uploads\/2025\/07\/GMP-production-standards-600x400.jpg 600w, https:\/\/pharmamachinecn.com\/wp-content\/uploads\/2025\/07\/GMP-production-standards-300x200.jpg 300w, https:\/\/pharmamachinecn.com\/wp-content\/uploads\/2025\/07\/GMP-production-standards-768x512.jpg 768w, https:\/\/pharmamachinecn.com\/wp-content\/uploads\/2025\/07\/GMP-production-standards-18x12.jpg 18w, https:\/\/pharmamachinecn.com\/wp-content\/uploads\/2025\/07\/GMP-production-standards.jpg 1050w\" sizes=\"(max-width: 1024px) 100vw, 1024px\" \/>\t\t\t\t\t\t\t\t\t\t\t\t\t\t\t<\/div>\n\t\t\t\t<\/div>\n\t\t\t\t\t<\/div>\n\t\t<\/div>\n\t\t\t\t<div class=\"elementor-column elementor-col-50 elementor-inner-column elementor-element elementor-element-98c5e23\" data-id=\"98c5e23\" data-element_type=\"column\" data-e-type=\"column\">\n\t\t\t<div class=\"elementor-widget-wrap elementor-element-populated\">\n\t\t\t\t\t\t<div class=\"elementor-element elementor-element-ec02044 elementor-widget elementor-widget-heading\" data-id=\"ec02044\" data-element_type=\"widget\" data-e-type=\"widget\" data-widget_type=\"heading.default\">\n\t\t\t\t<div class=\"elementor-widget-container\">\n\t\t\t\t\t<h3 class=\"elementor-heading-title elementor-size-default\">Sa\u011fl\u0131\u011fa Odaklan\u0131n<\/h3>\t\t\t\t<\/div>\n\t\t\t\t<\/div>\n\t\t\t\t<div class=\"elementor-element elementor-element-40c115f elementor-widget elementor-widget-text-editor\" data-id=\"40c115f\" data-element_type=\"widget\" data-e-type=\"widget\" data-widget_type=\"text-editor.default\">\n\t\t\t\t<div class=\"elementor-widget-container\">\n\t\t\t\t\t\t\t\t\t<p>\u00dcretti\u011fimiz her t\u0131bbi hap a\u015fa\u011f\u0131dakilerle uyumludur: <strong>GMP \u00fcretim standartlar\u0131<\/strong>.<\/p>\t\t\t\t\t\t\t\t<\/div>\n\t\t\t\t<\/div>\n\t\t\t\t<div class=\"elementor-element elementor-element-4384d29 elementor-widget elementor-widget-text-editor\" data-id=\"4384d29\" data-element_type=\"widget\" data-e-type=\"widget\" data-widget_type=\"text-editor.default\">\n\t\t\t\t<div class=\"elementor-widget-container\">\n\t\t\t\t\t\t\t\t\t<p>\u0130nsan sa\u011fl\u0131\u011f\u0131n\u0131 her \u015feyden \u00f6nce tutuyoruz, bu nedenle her bir farmas\u00f6tik ekipman\u0131 s\u0131k\u0131 standartlara g\u00f6re \u00fcretiyoruz, i\u015fleme ve \u00fcretim i\u00e7in en iyi aksesuarlar\u0131 kullan\u0131yoruz ve her ilac\u0131n \u00fcretiminin \u00e7e\u015fitli \u00fclkelerin sa\u011fl\u0131k uygulama standartlar\u0131n\u0131 kar\u015f\u0131lamas\u0131n\u0131 sa\u011fl\u0131yoruz, \u00f6rne\u011fin: <strong>GMP, FDA, DMF ve CEP<\/strong>.<\/p>\t\t\t\t\t\t\t\t<\/div>\n\t\t\t\t<\/div>\n\t\t\t\t\t<\/div>\n\t\t<\/div>\n\t\t\t\t\t<\/div>\n\t\t<\/section>\n\t\t\t\t<section class=\"elementor-section elementor-inner-section elementor-element elementor-element-d48c6fa elementor-section-content-middle elementor-reverse-mobile elementor-section-boxed elementor-section-height-default elementor-section-height-default\" data-id=\"d48c6fa\" data-element_type=\"section\" data-e-type=\"section\">\n\t\t\t\t\t\t<div class=\"elementor-container elementor-column-gap-default\">\n\t\t\t\t\t<div class=\"elementor-column elementor-col-50 elementor-inner-column elementor-element elementor-element-6816e2c\" data-id=\"6816e2c\" data-element_type=\"column\" data-e-type=\"column\">\n\t\t\t<div class=\"elementor-widget-wrap elementor-element-populated\">\n\t\t\t\t\t\t<div class=\"elementor-element elementor-element-b283ee6 elementor-widget elementor-widget-heading\" data-id=\"b283ee6\" data-element_type=\"widget\" data-e-type=\"widget\" data-widget_type=\"heading.default\">\n\t\t\t\t<div class=\"elementor-widget-container\">\n\t\t\t\t\t<h3 class=\"elementor-heading-title elementor-size-default\">\u00c7al\u0131\u015fan Haklar\u0131<\/h3>\t\t\t\t<\/div>\n\t\t\t\t<\/div>\n\t\t\t\t<div class=\"elementor-element elementor-element-3dff29c elementor-widget elementor-widget-text-editor\" data-id=\"3dff29c\" data-element_type=\"widget\" data-e-type=\"widget\" data-widget_type=\"text-editor.default\">\n\t\t\t\t<div class=\"elementor-widget-container\">\n\t\t\t\t\t\t\t\t\t<p>Finetech \u00e7al\u0131\u015fanlar\u0131 \u00e7al\u0131\u015fma saatleri ile s\u0131n\u0131rl\u0131d\u0131r <strong>Haftada 35 saat.<\/strong><\/p>\t\t\t\t\t\t\t\t<\/div>\n\t\t\t\t<\/div>\n\t\t\t\t<div class=\"elementor-element elementor-element-c6051e9 elementor-widget elementor-widget-text-editor\" data-id=\"c6051e9\" data-element_type=\"widget\" data-e-type=\"widget\" data-widget_type=\"text-editor.default\">\n\t\t\t\t<div class=\"elementor-widget-container\">\n\t\t\t\t\t\t\t\t\t<p>Finetech \u015fu konuya odaklanm\u0131\u015ft\u0131r: <strong>i\u015f-ya\u015fam dengesi<\/strong>\u00c7al\u0131\u015fanlar\u0131m\u0131z\u0131 i\u015fleriyle daha fazla zaman ge\u00e7irmeye te\u015fvik ediyoruz. <b>aileler<\/b>, bu nedenle fazla mesai k\u00fclt\u00fcr\u00fcn\u00fc desteklemiyoruz; \u00fcretkenli\u011fi ve \u00e7al\u0131\u015fanlar\u0131m\u0131z\u0131n fiziksel ve ruhsal sa\u011fl\u0131klar\u0131n\u0131 iyile\u015ftirmeye kararl\u0131y\u0131z!<\/p>\t\t\t\t\t\t\t\t<\/div>\n\t\t\t\t<\/div>\n\t\t\t\t\t<\/div>\n\t\t<\/div>\n\t\t\t\t<div class=\"elementor-column elementor-col-50 elementor-inner-column elementor-element elementor-element-e0896f4\" data-id=\"e0896f4\" data-element_type=\"column\" data-e-type=\"column\">\n\t\t\t<div class=\"elementor-widget-wrap elementor-element-populated\">\n\t\t\t\t\t\t<div class=\"elementor-element elementor-element-ef0379b elementor-widget elementor-widget-image\" data-id=\"ef0379b\" data-element_type=\"widget\" data-e-type=\"widget\" data-widget_type=\"image.default\">\n\t\t\t\t<div class=\"elementor-widget-container\">\n\t\t\t\t\t\t\t\t\t\t\t\t\t\t\t<img loading=\"lazy\" decoding=\"async\" width=\"1024\" height=\"683\" src=\"https:\/\/pharmamachinecn.com\/wp-content\/uploads\/2025\/07\/Labor-Rights-1024x683.jpg\" class=\"attachment-large size-large wp-image-939\" alt=\"\" srcset=\"https:\/\/pharmamachinecn.com\/wp-content\/uploads\/2025\/07\/Labor-Rights-1024x683.jpg 1024w, https:\/\/pharmamachinecn.com\/wp-content\/uploads\/2025\/07\/Labor-Rights-600x400.jpg 600w, https:\/\/pharmamachinecn.com\/wp-content\/uploads\/2025\/07\/Labor-Rights-300x200.jpg 300w, https:\/\/pharmamachinecn.com\/wp-content\/uploads\/2025\/07\/Labor-Rights-768x512.jpg 768w, https:\/\/pharmamachinecn.com\/wp-content\/uploads\/2025\/07\/Labor-Rights-18x12.jpg 18w, https:\/\/pharmamachinecn.com\/wp-content\/uploads\/2025\/07\/Labor-Rights.jpg 1050w\" sizes=\"(max-width: 1024px) 100vw, 1024px\" \/>\t\t\t\t\t\t\t\t\t\t\t\t\t\t\t<\/div>\n\t\t\t\t<\/div>\n\t\t\t\t\t<\/div>\n\t\t<\/div>\n\t\t\t\t\t<\/div>\n\t\t<\/section>\n\t\t\t\t<section class=\"elementor-section elementor-inner-section elementor-element elementor-element-004c0e5 elementor-section-content-middle elementor-section-boxed elementor-section-height-default elementor-section-height-default\" data-id=\"004c0e5\" data-element_type=\"section\" data-e-type=\"section\">\n\t\t\t\t\t\t<div class=\"elementor-container elementor-column-gap-default\">\n\t\t\t\t\t<div class=\"elementor-column elementor-col-50 elementor-inner-column elementor-element elementor-element-fcf771a\" data-id=\"fcf771a\" data-element_type=\"column\" data-e-type=\"column\">\n\t\t\t<div class=\"elementor-widget-wrap elementor-element-populated\">\n\t\t\t\t\t\t<div class=\"elementor-element elementor-element-d78d8a5 elementor-widget elementor-widget-image\" data-id=\"d78d8a5\" data-element_type=\"widget\" data-e-type=\"widget\" data-widget_type=\"image.default\">\n\t\t\t\t<div class=\"elementor-widget-container\">\n\t\t\t\t\t\t\t\t\t\t\t\t\t\t\t<img loading=\"lazy\" decoding=\"async\" width=\"1024\" height=\"683\" src=\"https:\/\/pharmamachinecn.com\/wp-content\/uploads\/2025\/07\/Sustainable-Pack-1024x683.jpg\" class=\"attachment-large size-large wp-image-938\" alt=\"\" srcset=\"https:\/\/pharmamachinecn.com\/wp-content\/uploads\/2025\/07\/Sustainable-Pack-1024x683.jpg 1024w, https:\/\/pharmamachinecn.com\/wp-content\/uploads\/2025\/07\/Sustainable-Pack-600x400.jpg 600w, https:\/\/pharmamachinecn.com\/wp-content\/uploads\/2025\/07\/Sustainable-Pack-300x200.jpg 300w, https:\/\/pharmamachinecn.com\/wp-content\/uploads\/2025\/07\/Sustainable-Pack-768x512.jpg 768w, https:\/\/pharmamachinecn.com\/wp-content\/uploads\/2025\/07\/Sustainable-Pack-18x12.jpg 18w, https:\/\/pharmamachinecn.com\/wp-content\/uploads\/2025\/07\/Sustainable-Pack.jpg 1050w\" sizes=\"(max-width: 1024px) 100vw, 1024px\" \/>\t\t\t\t\t\t\t\t\t\t\t\t\t\t\t<\/div>\n\t\t\t\t<\/div>\n\t\t\t\t\t<\/div>\n\t\t<\/div>\n\t\t\t\t<div class=\"elementor-column elementor-col-50 elementor-inner-column elementor-element elementor-element-c6c533d\" data-id=\"c6c533d\" data-element_type=\"column\" data-e-type=\"column\">\n\t\t\t<div class=\"elementor-widget-wrap elementor-element-populated\">\n\t\t\t\t\t\t<div class=\"elementor-element elementor-element-8839073 elementor-widget elementor-widget-heading\" data-id=\"8839073\" data-element_type=\"widget\" data-e-type=\"widget\" data-widget_type=\"heading.default\">\n\t\t\t\t<div class=\"elementor-widget-container\">\n\t\t\t\t\t<h3 class=\"elementor-heading-title elementor-size-default\">S\u00fcrd\u00fcr\u00fclebilir Paket<\/h3>\t\t\t\t<\/div>\n\t\t\t\t<\/div>\n\t\t\t\t<div class=\"elementor-element elementor-element-95b7b5b elementor-widget elementor-widget-text-editor\" data-id=\"95b7b5b\" data-element_type=\"widget\" data-e-type=\"widget\" data-widget_type=\"text-editor.default\">\n\t\t\t\t<div class=\"elementor-widget-container\">\n\t\t\t\t\t\t\t\t\t<p>Ekipmanlar\u0131m\u0131z\u0131 daha verimli hale getirmek i\u00e7in \u00e7al\u0131\u015f\u0131yoruz <strong><b>&quot;ye\u015fil&quot; <\/b><\/strong>ve paketleme yetene\u011fine sahip<strong><b>\u00a0biyolojik olarak par\u00e7alanabilir<\/b><\/strong>\u00a0malzemeler.<\/p>\t\t\t\t\t\t\t\t<\/div>\n\t\t\t\t<\/div>\n\t\t\t\t<div class=\"elementor-element elementor-element-a9b1c36 elementor-widget elementor-widget-text-editor\" data-id=\"a9b1c36\" data-element_type=\"widget\" data-e-type=\"widget\" data-widget_type=\"text-editor.default\">\n\t\t\t\t<div class=\"elementor-widget-container\">\n\t\t\t\t\t\t\t\t\t<p>\u0130klim de\u011fi\u015fikli\u011fine ve ye\u015fil ambalajlamaya ge\u00e7i\u015fe aktif olarak yan\u0131t veriyoruz. Ekibimiz \u015fu anda \u015funlar\u0131 yapabilecek makineler geli\u015ftiriyor: <strong>biyolojik olarak par\u00e7alanabilir malzemeler paketleyin<\/strong>\u00d6zellikle ka\u011f\u0131t ambalaj alan\u0131nda b\u00fcy\u00fck at\u0131l\u0131mlar ger\u00e7ekle\u015ftirdik.<\/p>\t\t\t\t\t\t\t\t<\/div>\n\t\t\t\t<\/div>\n\t\t\t\t\t<\/div>\n\t\t<\/div>\n\t\t\t\t\t<\/div>\n\t\t<\/section>\n\t\t\t\t\t<\/div>\n\t\t<\/div>\n\t\t\t\t\t<\/div>\n\t\t<\/section>\n\t\t\t\t<\/div>","protected":false},"excerpt":{"rendered":"<p>Sustainable Development Sustainability at Finetech Finetech is focused on a sustainable development strategy. We have set green production goals: saving [&hellip;]<\/p>\n","protected":false},"author":1,"featured_media":937,"parent":0,"menu_order":0,"comment_status":"closed","ping_status":"closed","template":"","meta":{"_acf_changed":false,"site-sidebar-layout":"no-sidebar","site-content-layout":"","ast-site-content-layout":"full-width-container","site-content-style":"default","site-sidebar-style":"default","ast-global-header-display":"","ast-banner-title-visibility":"","ast-main-header-display":"","ast-hfb-above-header-display":"","ast-hfb-below-header-display":"","ast-hfb-mobile-header-display":"","site-post-title":"disabled","ast-breadcrumbs-content":"","ast-featured-img":"disabled","footer-sml-layout":"","ast-disable-related-posts":"","theme-transparent-header-meta":"","adv-header-id-meta":"","stick-header-meta":"","header-above-stick-meta":"","header-main-stick-meta":"","header-below-stick-meta":"","astra-migrate-meta-layouts":"default","ast-page-background-enabled":"default","ast-page-background-meta":{"desktop":{"background-color":"var(--ast-global-color-5)","background-image":"","background-repeat":"repeat","background-position":"center center","background-size":"auto","background-attachment":"scroll","background-type":"","background-media":"","overlay-type":"","overlay-color":"","overlay-opacity":"","overlay-gradient":""},"tablet":{"background-color":"","background-image":"","background-repeat":"repeat","background-position":"center center","background-size":"auto","background-attachment":"scroll","background-type":"","background-media":"","overlay-type":"","overlay-color":"","overlay-opacity":"","overlay-gradient":""},"mobile":{"background-color":"","background-image":"","background-repeat":"repeat","background-position":"center center","background-size":"auto","background-attachment":"scroll","background-type":"","background-media":"","overlay-type":"","overlay-color":"","overlay-opacity":"","overlay-gradient":""}},"ast-content-background-meta":{"desktop":{"background-color":"var(--ast-global-color-4)","background-image":"","background-repeat":"repeat","background-position":"center center","background-size":"auto","background-attachment":"scroll","background-type":"","background-media":"","overlay-type":"","overlay-color":"","overlay-opacity":"","overlay-gradient":""},"tablet":{"background-color":"var(--ast-global-color-4)","background-image":"","background-repeat":"repeat","background-position":"center center","background-size":"auto","background-attachment":"scroll","background-type":"","background-media":"","overlay-type":"","overlay-color":"","overlay-opacity":"","overlay-gradient":""},"mobile":{"background-color":"var(--ast-global-color-4)","background-image":"","background-repeat":"repeat","background-position":"center center","background-size":"auto","background-attachment":"scroll","background-type":"","background-media":"","overlay-type":"","overlay-color":"","overlay-opacity":"","overlay-gradient":""}},"footnotes":""},"class_list":["post-928","page","type-page","status-publish","has-post-thumbnail","hentry"],"acf":[],"_links":{"self":[{"href":"https:\/\/pharmamachinecn.com\/tr\/wp-json\/wp\/v2\/pages\/928","targetHints":{"allow":["GET"]}}],"collection":[{"href":"https:\/\/pharmamachinecn.com\/tr\/wp-json\/wp\/v2\/pages"}],"about":[{"href":"https:\/\/pharmamachinecn.com\/tr\/wp-json\/wp\/v2\/types\/page"}],"author":[{"embeddable":true,"href":"https:\/\/pharmamachinecn.com\/tr\/wp-json\/wp\/v2\/users\/1"}],"replies":[{"embeddable":true,"href":"https:\/\/pharmamachinecn.com\/tr\/wp-json\/wp\/v2\/comments?post=928"}],"version-history":[{"count":1,"href":"https:\/\/pharmamachinecn.com\/tr\/wp-json\/wp\/v2\/pages\/928\/revisions"}],"predecessor-version":[{"id":7164,"href":"https:\/\/pharmamachinecn.com\/tr\/wp-json\/wp\/v2\/pages\/928\/revisions\/7164"}],"wp:featuredmedia":[{"embeddable":true,"href":"https:\/\/pharmamachinecn.com\/tr\/wp-json\/wp\/v2\/media\/937"}],"wp:attachment":[{"href":"https:\/\/pharmamachinecn.com\/tr\/wp-json\/wp\/v2\/media?parent=928"}],"curies":[{"name":"wp","href":"https:\/\/api.w.org\/{rel}","templated":true}]}}