{"id":3915,"date":"2025-07-25T05:14:37","date_gmt":"2025-07-25T05:14:37","guid":{"rendered":"https:\/\/pharmamachinecn.com\/?post_type=product&#038;p=3915"},"modified":"2025-08-04T07:52:23","modified_gmt":"2025-08-04T07:52:23","slug":"bg-80-tablet-coating-machine-in-pharmaceutical-industry","status":"publish","type":"product","link":"https:\/\/pharmamachinecn.com\/tr\/bg-80-tablet-coating-machine-in-pharmaceutical-industry\/","title":{"rendered":"\u0130la\u00e7 end\u00fcstrisinde BG-80 Tablet Kaplama Makinesi"},"content":{"rendered":"<div data-elementor-type=\"product-post\" data-elementor-id=\"3915\" class=\"elementor elementor-3915\" data-elementor-post-type=\"product\">\n\t\t\t\t\t\t<section class=\"elementor-section elementor-top-section elementor-element elementor-element-70eac244 elementor-section-boxed elementor-section-height-default elementor-section-height-default\" data-id=\"70eac244\" data-element_type=\"section\" data-e-type=\"section\">\n\t\t\t\t\t\t<div class=\"elementor-container elementor-column-gap-default\">\n\t\t\t\t\t<div class=\"elementor-column elementor-col-100 elementor-top-column elementor-element elementor-element-3cf34980\" data-id=\"3cf34980\" data-element_type=\"column\" data-e-type=\"column\">\n\t\t\t<div class=\"elementor-widget-wrap elementor-element-populated\">\n\t\t\t\t\t\t<div class=\"elementor-element elementor-element-700ab4b9 elementor-widget elementor-widget-text-editor\" data-id=\"700ab4b9\" data-element_type=\"widget\" data-e-type=\"widget\" data-widget_type=\"text-editor.default\">\n\t\t\t\t<div class=\"elementor-widget-container\">\n\t\t\t\t\t\t\t\t\t<p>1. <strong>Y\u00fcksek h\u0131zl\u0131 d\u00f6ner p\u00fcsk\u00fcrtme teknolojisi<\/strong>, ile birle\u015ftirilmi\u015f <strong>optimize edilmi\u015f s\u0131cak hava sirk\u00fclasyon sistemi<\/strong>, enerji t\u00fcketimini azalt\u0131rken kaplama verimlili\u011fini b\u00fcy\u00fck \u00f6l\u00e7\u00fcde art\u0131r\u0131r.<\/p><p>2. Donan\u0131ml\u0131 <strong>PLC ve HMI (insan-makine aray\u00fcz\u00fc) ile<\/strong>, \u00f6zellikleri <strong>kolay kullan\u0131m<\/strong>, <strong>programlanabilir kontroller<\/strong>, otomatik \u00fcretim deste\u011fi ve tutarl\u0131 kaplama kalitesi.<\/p><p>3. Y\u00fcksek hassasiyetli p\u00fcsk\u00fcrtme teknolojisi<b> ila\u00e7lar\u0131n veya g\u0131dalar\u0131n tamamen kaplanabilmesine olanak tan\u0131r<\/b>; par\u00e7ac\u0131klar kat\u0131, p\u00fcr\u00fczs\u00fcz bir y\u00fczey filmi olu\u015fturur.<\/p><p>4. Kullan\u0131c\u0131 dostu tasar\u0131m, dokunmatik ekran kullan\u0131m\u0131yla \u00f6\u011frenmesi ve kullanmas\u0131 kolayd\u0131r. <b>kendi kendini te\u015fhis etme ve sorun giderme i\u015flevleri.<\/b><\/p><p>5. Ekipman tasar\u0131m\u0131, kolayca tak\u0131labilen bile\u015fenlere sahiptir. <strong>s\u00f6k\u00fcp temizleyin<\/strong>, P\u00fcsk\u00fcrt\u00fcc\u00fc ve filtrelerle uzun \u00f6m\u00fcrl\u00fcd\u00fcr, ar\u0131za oran\u0131n\u0131 ve bak\u0131m maliyetlerini azalt\u0131r.<\/p>\t\t\t\t\t\t\t\t<\/div>\n\t\t\t\t<\/div>\n\t\t\t\t\t<\/div>\n\t\t<\/div>\n\t\t\t\t\t<\/div>\n\t\t<\/section>\n\t\t\t\t<\/div>","protected":false},"excerpt":{"rendered":"<p>BG-80 tablet kaplama makinesi \u00f6zellikle \u015fu ama\u00e7lar i\u00e7in tasarlanm\u0131\u015ft\u0131r: <strong>ila\u00e7 ve sa\u011fl\u0131k \u00fcr\u00fcnleri fabrikalar\u0131 ve Ar-Ge kurulu\u015flar\u0131<\/strong>.<\/p>\n<p>Y\u00fcksek verimlilik, enerji tasarrufu, kolay kullan\u0131m, homojen kaplama ve istikrarl\u0131 i\u015fleme \u00f6zelliklerine sahip ak\u0131ll\u0131 kontrol sistemine sahiptir.<\/p>\n<p>Enterik kaplama, s\u00fcrekli sal\u0131m vb. gibi film, \u015feker ve hap kaplamalar\u0131 i\u00e7in m\u00fckemmeldir. Onayland\u0131 <strong>GMP \u00fcretim gereksinimleri<\/strong>.<\/p>\n<p><img fetchpriority=\"high\" decoding=\"async\" class=\"alignnone size-full wp-image-4748\" src=\"https:\/\/pharmamachinecn.com\/wp-content\/uploads\/2025\/07\/0-3.png\" alt=\"\" width=\"600\" height=\"424\" srcset=\"https:\/\/pharmamachinecn.com\/wp-content\/uploads\/2025\/07\/0-3.png 600w, https:\/\/pharmamachinecn.com\/wp-content\/uploads\/2025\/07\/0-3-300x212.png 300w, https:\/\/pharmamachinecn.com\/wp-content\/uploads\/2025\/07\/0-3-18x12.png 18w\" sizes=\"(max-width: 600px) 100vw, 600px\" \/><\/p>","protected":false},"featured_media":3921,"comment_status":"open","ping_status":"closed","template":"","meta":{"_acf_changed":false,"site-sidebar-layout":"default","site-content-layout":"","ast-site-content-layout":"default","site-content-style":"default","site-sidebar-style":"default","ast-global-header-display":"","ast-banner-title-visibility":"","ast-main-header-display":"","ast-hfb-above-header-display":"","ast-hfb-below-header-display":"","ast-hfb-mobile-header-display":"","site-post-title":"","ast-breadcrumbs-content":"","ast-featured-img":"","footer-sml-layout":"","ast-disable-related-posts":"","theme-transparent-header-meta":"default","adv-header-id-meta":"","stick-header-meta":"","header-above-stick-meta":"","header-main-stick-meta":"","header-below-stick-meta":"","astra-migrate-meta-layouts":"set","ast-page-background-enabled":"default","ast-page-background-meta":{"desktop":{"background-color":"var(--ast-global-color-5)","background-image":"","background-repeat":"repeat","background-position":"center center","background-size":"auto","background-attachment":"scroll","background-type":"","background-media":"","overlay-type":"","overlay-color":"","overlay-opacity":"","overlay-gradient":""},"tablet":{"background-color":"","background-image":"","background-repeat":"repeat","background-position":"center center","background-size":"auto","background-attachment":"scroll","background-type":"","background-media":"","overlay-type":"","overlay-color":"","overlay-opacity":"","overlay-gradient":""},"mobile":{"background-color":"","background-image":"","background-repeat":"repeat","background-position":"center center","background-size":"auto","background-attachment":"scroll","background-type":"","background-media":"","overlay-type":"","overlay-color":"","overlay-opacity":"","overlay-gradient":""}},"ast-content-background-meta":{"desktop":{"background-color":"var(--ast-global-color-4)","background-image":"","background-repeat":"repeat","background-position":"center center","background-size":"auto","background-attachment":"scroll","background-type":"","background-media":"","overlay-type":"","overlay-color":"","overlay-opacity":"","overlay-gradient":""},"tablet":{"background-color":"var(--ast-global-color-4)","background-image":"","background-repeat":"repeat","background-position":"center center","background-size":"auto","background-attachment":"scroll","background-type":"","background-media":"","overlay-type":"","overlay-color":"","overlay-opacity":"","overlay-gradient":""},"mobile":{"background-color":"var(--ast-global-color-4)","background-image":"","background-repeat":"repeat","background-position":"center center","background-size":"auto","background-attachment":"scroll","background-type":"","background-media":"","overlay-type":"","overlay-color":"","overlay-opacity":"","overlay-gradient":""}}},"design":[],"product_brand":[],"product_cat":[35],"product_tag":[],"class_list":{"0":"post-3915","1":"product","2":"type-product","3":"status-publish","4":"has-post-thumbnail","6":"product_cat-tablet-pill-film-coating-machine","7":"desktop-align-left","8":"tablet-align-left","9":"mobile-align-left","11":"first","12":"instock","13":"shipping-taxable","14":"product-type-simple"},"acf":[],"_links":{"self":[{"href":"https:\/\/pharmamachinecn.com\/tr\/wp-json\/wp\/v2\/product\/3915","targetHints":{"allow":["GET"]}}],"collection":[{"href":"https:\/\/pharmamachinecn.com\/tr\/wp-json\/wp\/v2\/product"}],"about":[{"href":"https:\/\/pharmamachinecn.com\/tr\/wp-json\/wp\/v2\/types\/product"}],"replies":[{"embeddable":true,"href":"https:\/\/pharmamachinecn.com\/tr\/wp-json\/wp\/v2\/comments?post=3915"}],"version-history":[{"count":1,"href":"https:\/\/pharmamachinecn.com\/tr\/wp-json\/wp\/v2\/product\/3915\/revisions"}],"predecessor-version":[{"id":5312,"href":"https:\/\/pharmamachinecn.com\/tr\/wp-json\/wp\/v2\/product\/3915\/revisions\/5312"}],"wp:featuredmedia":[{"embeddable":true,"href":"https:\/\/pharmamachinecn.com\/tr\/wp-json\/wp\/v2\/media\/3921"}],"wp:attachment":[{"href":"https:\/\/pharmamachinecn.com\/tr\/wp-json\/wp\/v2\/media?parent=3915"}],"wp:term":[{"taxonomy":"design","embeddable":true,"href":"https:\/\/pharmamachinecn.com\/tr\/wp-json\/wp\/v2\/design?post=3915"},{"taxonomy":"product_brand","embeddable":true,"href":"https:\/\/pharmamachinecn.com\/tr\/wp-json\/wp\/v2\/product_brand?post=3915"},{"taxonomy":"product_cat","embeddable":true,"href":"https:\/\/pharmamachinecn.com\/tr\/wp-json\/wp\/v2\/product_cat?post=3915"},{"taxonomy":"product_tag","embeddable":true,"href":"https:\/\/pharmamachinecn.com\/tr\/wp-json\/wp\/v2\/product_tag?post=3915"}],"curies":[{"name":"wp","href":"https:\/\/api.w.org\/{rel}","templated":true}]}}