{"id":3938,"date":"2025-07-25T05:37:02","date_gmt":"2025-07-25T05:37:02","guid":{"rendered":"https:\/\/pharmamachinecn.com\/?post_type=product&#038;p=3938"},"modified":"2025-11-05T07:37:13","modified_gmt":"2025-11-05T07:37:13","slug":"jfp-110a-capsule-polishing-and-sorting-machine","status":"publish","type":"product","link":"https:\/\/pharmamachinecn.com\/tr\/jfp-110a-capsule-polishing-and-sorting-machine\/","title":{"rendered":"FTP-150A Kaps\u00fcl Parlatma ve Ay\u0131klama Makinesi"},"content":{"rendered":"<div data-elementor-type=\"product-post\" data-elementor-id=\"3938\" class=\"elementor elementor-3938\" data-elementor-post-type=\"product\">\n\t\t\t\t\t\t<section class=\"elementor-section elementor-top-section elementor-element elementor-element-70eac244 elementor-section-boxed elementor-section-height-default elementor-section-height-default\" data-id=\"70eac244\" data-element_type=\"section\" data-e-type=\"section\">\n\t\t\t\t\t\t<div class=\"elementor-container elementor-column-gap-default\">\n\t\t\t\t\t<div class=\"elementor-column elementor-col-100 elementor-top-column elementor-element elementor-element-3cf34980\" data-id=\"3cf34980\" data-element_type=\"column\" data-e-type=\"column\">\n\t\t\t<div class=\"elementor-widget-wrap elementor-element-populated\">\n\t\t\t\t\t\t<div class=\"elementor-element elementor-element-700ab4b9 elementor-widget elementor-widget-text-editor\" data-id=\"700ab4b9\" data-element_type=\"widget\" data-e-type=\"widget\" data-widget_type=\"text-editor.default\">\n\t\t\t\t<div class=\"elementor-widget-container\">\n\t\t\t\t\t\t\t\t\t<p>1. Sadece kaps\u00fcl\u00fcn y\u00fczeyindeki tozu temizlemekle kalmaz, ayn\u0131 zamanda otomatik olarak reddetmek i\u00e7in negatif bas\u0131n\u00e7l\u0131 modern bir at\u0131k bo\u015faltma cihaz\u0131 da kullan\u0131r. <strong>yetersiz doldurulmu\u015f kaps\u00fcller<\/strong>,<strong> bo\u015f mermiler ve par\u00e7alar.<\/strong><\/p><p>2. Her t\u00fcrl\u00fc uygulama i\u00e7in ge\u00e7erlidir <strong>kaps\u00fcller<\/strong>.<\/p><p>3. Makinenin t\u00fcm par\u00e7alar\u0131, kolayca ve h\u0131zl\u0131 bir \u015fekilde ba\u011flanabilen h\u0131zl\u0131 ba\u011flant\u0131 cihazlar\u0131 kullan\u0131r. <strong>h\u0131zla s\u00f6k\u00fcld\u00fc<\/strong> temizlik i\u00e7in ve h\u0131zl\u0131 bir \u015fekilde yeniden ba\u011flanmak i\u00e7in.<\/p><p>4. Makinede h\u0131z\u0131 ayarlamak i\u00e7in bir frekans d\u00f6n\u00fc\u015ft\u00fcr\u00fcc\u00fcs\u00fc bulunur, bu da onu daha verimli hale getirir. <strong>hassas, g\u00fcvenilir ve istikrarl\u0131<\/strong>.<\/p><p>5. \u00d6zel bir \u00fcr\u00fcn besleyici ile donat\u0131lm\u0131\u015f olup, ba\u011flanabilir <a href=\"https:\/\/pharmamachinecn.com\/tr\/automatic-capsule-filling-machine\/\"><span style=\"text-decoration: underline;\">otomatik kaps\u00fcl dolum makinesi<\/span><\/a>.<\/p><p>6. Makinenin tamam\u0131 \u015fu malzemeden yap\u0131lm\u0131\u015ft\u0131r: <strong>304 paslanmaz \u00e7elik<\/strong> ve tam olarak kar\u015f\u0131lar <strong>GMP standartlar\u0131<\/strong>.<\/p>\t\t\t\t\t\t\t\t<\/div>\n\t\t\t\t<\/div>\n\t\t\t\t\t<\/div>\n\t\t<\/div>\n\t\t\t\t\t<\/div>\n\t\t<\/section>\n\t\t\t\t<\/div>","protected":false},"excerpt":{"rendered":"<p><strong>FTP-150A<\/strong>\u00a0\u0130la\u00e7 fabrikalar\u0131, sa\u011fl\u0131k \u00fcr\u00fcnleri \u015firketleri, laboratuvarlar ve g\u0131da i\u015fleme tesisleri i\u00e7in tasarlanm\u0131\u015ft\u0131r. Bu \u00e7ok i\u015flevli makine, kompakt bir g\u00f6vdeye, kolay kullan\u0131ma ve y\u00fcksek otomasyona sahiptir. Ekipman <strong>kaps\u00fcl parlatma ve ak\u0131ll\u0131 s\u0131ralamay\u0131 entegre eder<\/strong>, etkili bir \u015fekilde <strong>kaps\u00fcl y\u00fczeylerindeki \u00e7apaklar\u0131 giderin<\/strong>Kaps\u00fcllere temiz bir g\u00f6r\u00fcn\u00fcm kazand\u0131r\u0131r ve kaliteyi s\u00fcrekli k\u0131lmak i\u00e7in kalitesiz kaps\u00fclleri otomatik olarak ay\u0131r\u0131r. \u0130la\u00e7, sa\u011fl\u0131k, g\u0131da ve di\u011fer sekt\u00f6rlerde sert kaps\u00fcllerin parlat\u0131lmas\u0131 ve ay\u0131klanmas\u0131 i\u00e7in kullan\u0131l\u0131r.<br \/>\n<iframe title=\"JFP 110A Kaps\u00fcl Parlatma ve Ay\u0131klama Makinesi\" src=\"https:\/\/www.youtube.com\/embed\/kYdHLDnMeWY\" width=\"600\" height=\"385\" frameborder=\"0\" allowfullscreen=\"allowfullscreen\"><span data-mce-type=\"bookmark\" style=\"display: inline-block; width: 0px; overflow: hidden; line-height: 0;\" class=\"mce_SELRES_start\"><\/span><\/iframe><\/p>","protected":false},"featured_media":3941,"comment_status":"open","ping_status":"closed","template":"","meta":{"_acf_changed":false,"site-sidebar-layout":"default","site-content-layout":"","ast-site-content-layout":"default","site-content-style":"default","site-sidebar-style":"default","ast-global-header-display":"","ast-banner-title-visibility":"","ast-main-header-display":"","ast-hfb-above-header-display":"","ast-hfb-below-header-display":"","ast-hfb-mobile-header-display":"","site-post-title":"","ast-breadcrumbs-content":"","ast-featured-img":"","footer-sml-layout":"","ast-disable-related-posts":"","theme-transparent-header-meta":"default","adv-header-id-meta":"","stick-header-meta":"","header-above-stick-meta":"","header-main-stick-meta":"","header-below-stick-meta":"","astra-migrate-meta-layouts":"set","ast-page-background-enabled":"default","ast-page-background-meta":{"desktop":{"background-color":"var(--ast-global-color-5)","background-image":"","background-repeat":"repeat","background-position":"center center","background-size":"auto","background-attachment":"scroll","background-type":"","background-media":"","overlay-type":"","overlay-color":"","overlay-opacity":"","overlay-gradient":""},"tablet":{"background-color":"","background-image":"","background-repeat":"repeat","background-position":"center center","background-size":"auto","background-attachment":"scroll","background-type":"","background-media":"","overlay-type":"","overlay-color":"","overlay-opacity":"","overlay-gradient":""},"mobile":{"background-color":"","background-image":"","background-repeat":"repeat","background-position":"center center","background-size":"auto","background-attachment":"scroll","background-type":"","background-media":"","overlay-type":"","overlay-color":"","overlay-opacity":"","overlay-gradient":""}},"ast-content-background-meta":{"desktop":{"background-color":"var(--ast-global-color-4)","background-image":"","background-repeat":"repeat","background-position":"center center","background-size":"auto","background-attachment":"scroll","background-type":"","background-media":"","overlay-type":"","overlay-color":"","overlay-opacity":"","overlay-gradient":""},"tablet":{"background-color":"var(--ast-global-color-4)","background-image":"","background-repeat":"repeat","background-position":"center center","background-size":"auto","background-attachment":"scroll","background-type":"","background-media":"","overlay-type":"","overlay-color":"","overlay-opacity":"","overlay-gradient":""},"mobile":{"background-color":"var(--ast-global-color-4)","background-image":"","background-repeat":"repeat","background-position":"center center","background-size":"auto","background-attachment":"scroll","background-type":"","background-media":"","overlay-type":"","overlay-color":"","overlay-opacity":"","overlay-gradient":""}}},"design":[],"product_brand":[],"product_cat":[37],"product_tag":[],"class_list":{"0":"post-3938","1":"product","2":"type-product","3":"status-publish","4":"has-post-thumbnail","6":"product_cat-tablet-capsule-polishing-machine","7":"desktop-align-left","8":"tablet-align-left","9":"mobile-align-left","11":"first","12":"instock","13":"shipping-taxable","14":"product-type-simple"},"acf":[],"_links":{"self":[{"href":"https:\/\/pharmamachinecn.com\/tr\/wp-json\/wp\/v2\/product\/3938","targetHints":{"allow":["GET"]}}],"collection":[{"href":"https:\/\/pharmamachinecn.com\/tr\/wp-json\/wp\/v2\/product"}],"about":[{"href":"https:\/\/pharmamachinecn.com\/tr\/wp-json\/wp\/v2\/types\/product"}],"replies":[{"embeddable":true,"href":"https:\/\/pharmamachinecn.com\/tr\/wp-json\/wp\/v2\/comments?post=3938"}],"version-history":[{"count":7,"href":"https:\/\/pharmamachinecn.com\/tr\/wp-json\/wp\/v2\/product\/3938\/revisions"}],"predecessor-version":[{"id":8427,"href":"https:\/\/pharmamachinecn.com\/tr\/wp-json\/wp\/v2\/product\/3938\/revisions\/8427"}],"wp:featuredmedia":[{"embeddable":true,"href":"https:\/\/pharmamachinecn.com\/tr\/wp-json\/wp\/v2\/media\/3941"}],"wp:attachment":[{"href":"https:\/\/pharmamachinecn.com\/tr\/wp-json\/wp\/v2\/media?parent=3938"}],"wp:term":[{"taxonomy":"design","embeddable":true,"href":"https:\/\/pharmamachinecn.com\/tr\/wp-json\/wp\/v2\/design?post=3938"},{"taxonomy":"product_brand","embeddable":true,"href":"https:\/\/pharmamachinecn.com\/tr\/wp-json\/wp\/v2\/product_brand?post=3938"},{"taxonomy":"product_cat","embeddable":true,"href":"https:\/\/pharmamachinecn.com\/tr\/wp-json\/wp\/v2\/product_cat?post=3938"},{"taxonomy":"product_tag","embeddable":true,"href":"https:\/\/pharmamachinecn.com\/tr\/wp-json\/wp\/v2\/product_tag?post=3938"}],"curies":[{"name":"wp","href":"https:\/\/api.w.org\/{rel}","templated":true}]}}