{"id":4004,"date":"2025-07-25T06:31:47","date_gmt":"2025-07-25T06:31:47","guid":{"rendered":"https:\/\/pharmamachinecn.com\/?post_type=product&#038;p=4004"},"modified":"2025-10-25T05:47:25","modified_gmt":"2025-10-25T05:47:25","slug":"zp420-rotary-tablet-press-machine","status":"publish","type":"product","link":"https:\/\/pharmamachinecn.com\/tr\/zp420-rotary-tablet-press-machine\/","title":{"rendered":"ZP420-29\/35\/39\/41 D\u00f6ner Tablet Pres Makinesi"},"content":{"rendered":"<div data-elementor-type=\"product-post\" data-elementor-id=\"4004\" class=\"elementor elementor-4004\" data-elementor-post-type=\"product\">\n\t\t\t\t\t\t<section class=\"elementor-section elementor-top-section elementor-element elementor-element-70eac244 elementor-section-boxed elementor-section-height-default elementor-section-height-default\" data-id=\"70eac244\" data-element_type=\"section\" data-e-type=\"section\">\n\t\t\t\t\t\t<div class=\"elementor-container elementor-column-gap-default\">\n\t\t\t\t\t<div class=\"elementor-column elementor-col-100 elementor-top-column elementor-element elementor-element-3cf34980\" data-id=\"3cf34980\" data-element_type=\"column\" data-e-type=\"column\">\n\t\t\t<div class=\"elementor-widget-wrap elementor-element-populated\">\n\t\t\t\t\t\t<div class=\"elementor-element elementor-element-700ab4b9 elementor-widget elementor-widget-text-editor\" data-id=\"700ab4b9\" data-element_type=\"widget\" data-e-type=\"widget\" data-widget_type=\"text-editor.default\">\n\t\t\t\t<div class=\"elementor-widget-container\">\n\t\t\t\t\t\t\t\t\t<p>1. \u00c7ift tarafl\u0131, \u00e7ok say\u0131da delme ile \u00e7ift tarafl\u0131 tablet bo\u015faltma. Uygulanabilir <strong>b\u00fcy\u00fck \u00f6l\u00e7ekli tablet \u00fcretimi<\/strong>.<\/p><p>2. Kullan\u0131c\u0131 aray\u00fcz\u00fc ger\u00e7ek zamanl\u0131 verileri g\u00f6sterir: <strong>\u00e7al\u0131\u015fma bas\u0131nc\u0131, d\u00f6n\u00fc\u015f h\u0131z\u0131, \u00e7\u0131k\u0131\u015f<\/strong>ve ana bas\u0131n\u00e7 silindiri dolum deplasman\u0131.<\/p><p>3. S\u0131k\u0131\u015ft\u0131rma odas\u0131 a\u015fa\u011f\u0131dakilerle kapat\u0131lm\u0131\u015ft\u0131r: <strong>\u015feffaf akrilik paneller<\/strong> o a\u00e7\u0131k\u00a0<span style=\"font-style: inherit; font-weight: inherit;\">Kolay temizlik ve bak\u0131m i\u00e7in tamamen.<\/span><\/p><p>4. Bir <strong>bas\u0131n\u00e7 sens\u00f6r\u00fc<\/strong> Ger\u00e7ek zamanl\u0131 bas\u0131nc\u0131 g\u00f6r\u00fcnt\u00fcler ve maksimum bir s\u0131n\u0131r belirlemenize olanak tan\u0131r. Makine otomatik olarak durur. <strong>e\u011fer<\/strong> <strong>bas\u0131n\u00e7 \u00e7ok y\u00fcksek<\/strong>.<\/p><p>5. Otomatik ya\u011flama sistemi, bas\u0131n\u00e7 silindirlerini, paletleri ve delme u\u00e7lar\u0131n\u0131 iyi ya\u011flanm\u0131\u015f halde tutar. <strong>\u00f6mr\u00fcn\u00fc uzat\u0131r ve a\u015f\u0131nmay\u0131 azalt\u0131r<\/strong>.<\/p><p>6. Y\u00fcksek h\u0131zl\u0131 pres tabletleri i\u00e7in y\u00fcksek g\u00fc\u00e7l\u00fc motor ve hassas red\u00fckt\u00f6r ile donat\u0131lm\u0131\u015ft\u0131r.<\/p><p>7. G\u00fcvenlik \u00f6zellikleri \u015funlar\u0131 i\u00e7erir: <strong>acil durdurma, a\u015f\u0131r\u0131 bas\u0131n\u00e7 korumas\u0131 ve kap\u0131\/pencere kilitleri.<\/strong> Makine ya\u011f ge\u00e7irmez, toz ge\u00e7irmez ve g\u00fcr\u00fclt\u00fc azalt\u0131c\u0131 \u00f6zelli\u011fe sahiptir.<\/p>\t\t\t\t\t\t\t\t<\/div>\n\t\t\t\t<\/div>\n\t\t\t\t\t<\/div>\n\t\t<\/div>\n\t\t\t\t\t<\/div>\n\t\t<\/section>\n\t\t\t\t<\/div>","protected":false},"excerpt":{"rendered":"<p>ZP420 D\u00f6ner Tablet Pres Makinesi, a\u015fa\u011f\u0131dakiler i\u00e7in tasarlanm\u0131\u015ft\u0131r: <strong>orta ve b\u00fcy\u00fck \u00f6l\u00e7ekli ila\u00e7 \u015firketleri, sa\u011fl\u0131k takviyesi \u00fcreticileri ve b\u00fcy\u00fck \u00fcretim hatlar\u0131<\/strong>Ultra y\u00fcksek kapasite, ak\u0131ll\u0131 kontrol, g\u00fc\u00e7l\u00fc stabilite ve dayan\u0131kl\u0131l\u0131k sunar. <strong>4 silindirli<\/strong> Ak\u0131ll\u0131 kapal\u0131 devre bas\u0131n\u00e7 kontrol sistemi ve otomatik ya\u011flama ile d\u00f6ner \u00e7oklu delme tablet presi, tablet a\u011f\u0131rl\u0131\u011f\u0131n\u0131n tutarl\u0131l\u0131\u011f\u0131n\u0131, sertli\u011fini ve g\u00f6r\u00fcn\u00fcm\u00fcn\u00fc garanti eder <strong>GMP standartlar\u0131<\/strong>Tam otomatik y\u00fcksek h\u0131zl\u0131 bir bask\u0131 makinesini destekler ve t\u00fcm \u00fcretim ihtiya\u00e7lar\u0131n\u0131 kar\u015f\u0131lar;<strong> b\u00fcy\u00fck \u00f6l\u00e7ekli \u00fcretimden s\u0131k\u0131 s\u00fcre\u00e7 kontrol\u00fcne<\/strong>\u2014bu da onu modern ila\u00e7 \u015firketlerinin en iyi tercihi haline getiriyor.<\/p>\n<p><img fetchpriority=\"high\" decoding=\"async\" class=\"alignnone wp-image-4006\" src=\"https:\/\/pharmamachinecn.com\/wp-content\/uploads\/2025\/07\/7.png\" alt=\"\" width=\"600\" height=\"376\" srcset=\"https:\/\/pharmamachinecn.com\/wp-content\/uploads\/2025\/07\/7.png 910w, https:\/\/pharmamachinecn.com\/wp-content\/uploads\/2025\/07\/7-600x376.png 600w, https:\/\/pharmamachinecn.com\/wp-content\/uploads\/2025\/07\/7-300x188.png 300w, https:\/\/pharmamachinecn.com\/wp-content\/uploads\/2025\/07\/7-768x482.png 768w, https:\/\/pharmamachinecn.com\/wp-content\/uploads\/2025\/07\/7-18x12.png 18w\" sizes=\"(max-width: 600px) 100vw, 600px\" \/><\/p>","protected":false},"featured_media":4013,"comment_status":"open","ping_status":"closed","template":"","meta":{"_acf_changed":false,"site-sidebar-layout":"default","site-content-layout":"","ast-site-content-layout":"default","site-content-style":"default","site-sidebar-style":"default","ast-global-header-display":"","ast-banner-title-visibility":"","ast-main-header-display":"","ast-hfb-above-header-display":"","ast-hfb-below-header-display":"","ast-hfb-mobile-header-display":"","site-post-title":"","ast-breadcrumbs-content":"","ast-featured-img":"","footer-sml-layout":"","ast-disable-related-posts":"","theme-transparent-header-meta":"default","adv-header-id-meta":"","stick-header-meta":"","header-above-stick-meta":"","header-main-stick-meta":"","header-below-stick-meta":"","astra-migrate-meta-layouts":"set","ast-page-background-enabled":"default","ast-page-background-meta":{"desktop":{"background-color":"var(--ast-global-color-5)","background-image":"","background-repeat":"repeat","background-position":"center center","background-size":"auto","background-attachment":"scroll","background-type":"","background-media":"","overlay-type":"","overlay-color":"","overlay-opacity":"","overlay-gradient":""},"tablet":{"background-color":"","background-image":"","background-repeat":"repeat","background-position":"center center","background-size":"auto","background-attachment":"scroll","background-type":"","background-media":"","overlay-type":"","overlay-color":"","overlay-opacity":"","overlay-gradient":""},"mobile":{"background-color":"","background-image":"","background-repeat":"repeat","background-position":"center center","background-size":"auto","background-attachment":"scroll","background-type":"","background-media":"","overlay-type":"","overlay-color":"","overlay-opacity":"","overlay-gradient":""}},"ast-content-background-meta":{"desktop":{"background-color":"var(--ast-global-color-4)","background-image":"","background-repeat":"repeat","background-position":"center center","background-size":"auto","background-attachment":"scroll","background-type":"","background-media":"","overlay-type":"","overlay-color":"","overlay-opacity":"","overlay-gradient":""},"tablet":{"background-color":"var(--ast-global-color-4)","background-image":"","background-repeat":"repeat","background-position":"center center","background-size":"auto","background-attachment":"scroll","background-type":"","background-media":"","overlay-type":"","overlay-color":"","overlay-opacity":"","overlay-gradient":""},"mobile":{"background-color":"var(--ast-global-color-4)","background-image":"","background-repeat":"repeat","background-position":"center center","background-size":"auto","background-attachment":"scroll","background-type":"","background-media":"","overlay-type":"","overlay-color":"","overlay-opacity":"","overlay-gradient":""}}},"design":[],"product_brand":[],"product_cat":[34],"product_tag":[],"class_list":{"0":"post-4004","1":"product","2":"type-product","3":"status-publish","4":"has-post-thumbnail","6":"product_cat-rotary-tablet-press-machine","7":"desktop-align-left","8":"tablet-align-left","9":"mobile-align-left","11":"first","12":"instock","13":"shipping-taxable","14":"product-type-simple"},"acf":[],"_links":{"self":[{"href":"https:\/\/pharmamachinecn.com\/tr\/wp-json\/wp\/v2\/product\/4004","targetHints":{"allow":["GET"]}}],"collection":[{"href":"https:\/\/pharmamachinecn.com\/tr\/wp-json\/wp\/v2\/product"}],"about":[{"href":"https:\/\/pharmamachinecn.com\/tr\/wp-json\/wp\/v2\/types\/product"}],"replies":[{"embeddable":true,"href":"https:\/\/pharmamachinecn.com\/tr\/wp-json\/wp\/v2\/comments?post=4004"}],"version-history":[{"count":15,"href":"https:\/\/pharmamachinecn.com\/tr\/wp-json\/wp\/v2\/product\/4004\/revisions"}],"predecessor-version":[{"id":8106,"href":"https:\/\/pharmamachinecn.com\/tr\/wp-json\/wp\/v2\/product\/4004\/revisions\/8106"}],"wp:featuredmedia":[{"embeddable":true,"href":"https:\/\/pharmamachinecn.com\/tr\/wp-json\/wp\/v2\/media\/4013"}],"wp:attachment":[{"href":"https:\/\/pharmamachinecn.com\/tr\/wp-json\/wp\/v2\/media?parent=4004"}],"wp:term":[{"taxonomy":"design","embeddable":true,"href":"https:\/\/pharmamachinecn.com\/tr\/wp-json\/wp\/v2\/design?post=4004"},{"taxonomy":"product_brand","embeddable":true,"href":"https:\/\/pharmamachinecn.com\/tr\/wp-json\/wp\/v2\/product_brand?post=4004"},{"taxonomy":"product_cat","embeddable":true,"href":"https:\/\/pharmamachinecn.com\/tr\/wp-json\/wp\/v2\/product_cat?post=4004"},{"taxonomy":"product_tag","embeddable":true,"href":"https:\/\/pharmamachinecn.com\/tr\/wp-json\/wp\/v2\/product_tag?post=4004"}],"curies":[{"name":"wp","href":"https:\/\/api.w.org\/{rel}","templated":true}]}}