{"id":8448,"date":"2025-11-06T05:28:34","date_gmt":"2025-11-06T05:28:34","guid":{"rendered":"https:\/\/pharmamachinecn.com\/?post_type=product&#038;p=8448"},"modified":"2025-12-04T03:18:17","modified_gmt":"2025-12-04T03:18:17","slug":"ftp-110a-capsule-polishing-machine","status":"publish","type":"product","link":"https:\/\/pharmamachinecn.com\/tr\/ftp-110a-capsule-polishing-machine\/","title":{"rendered":"FTP-110A Kaps\u00fcl Cilalama Makinesi"},"content":{"rendered":"<div data-elementor-type=\"product-post\" data-elementor-id=\"8448\" class=\"elementor elementor-8448\" data-elementor-post-type=\"product\">\n\t\t\t\t\t\t<section class=\"elementor-section elementor-top-section elementor-element elementor-element-70eac244 elementor-section-boxed elementor-section-height-default elementor-section-height-default\" data-id=\"70eac244\" data-element_type=\"section\" data-e-type=\"section\">\n\t\t\t\t\t\t<div class=\"elementor-container elementor-column-gap-default\">\n\t\t\t\t\t<div class=\"elementor-column elementor-col-100 elementor-top-column elementor-element elementor-element-3cf34980\" data-id=\"3cf34980\" data-element_type=\"column\" data-e-type=\"column\">\n\t\t\t<div class=\"elementor-widget-wrap elementor-element-populated\">\n\t\t\t\t\t\t<div class=\"elementor-element elementor-element-700ab4b9 elementor-widget elementor-widget-text-editor\" data-id=\"700ab4b9\" data-element_type=\"widget\" data-e-type=\"widget\" data-widget_type=\"text-editor.default\">\n\t\t\t\t<div class=\"elementor-widget-container\">\n\t\t\t\t\t\t\t\t\t<p>Kaps\u00fcl dolum makinelerinin ve tablet pres ekipmanlar\u0131n\u0131n her t\u00fcrl\u00fc olu\u011funa uyacak \u015fekilde y\u00fcksekli\u011fi ve a\u00e7\u0131s\u0131 ayarlanabilir.<\/p><figure id=\"attachment_8396\" aria-describedby=\"caption-attachment-8396\" style=\"width: 1504px\" class=\"wp-caption aligncenter\"><img fetchpriority=\"high\" decoding=\"async\" class=\"size-full wp-image-8396\" src=\"https:\/\/pharmamachinecn.com\/wp-content\/uploads\/2025\/11\/capsule-polishing-machine-diagram.jpg\" alt=\"kaps\u00fcl parlatma makinesi \u015femas\u0131\" width=\"1504\" height=\"1160\" srcset=\"https:\/\/pharmamachinecn.com\/wp-content\/uploads\/2025\/11\/capsule-polishing-machine-diagram.jpg 1504w, https:\/\/pharmamachinecn.com\/wp-content\/uploads\/2025\/11\/capsule-polishing-machine-diagram-300x231.jpg 300w, https:\/\/pharmamachinecn.com\/wp-content\/uploads\/2025\/11\/capsule-polishing-machine-diagram-1024x790.jpg 1024w, https:\/\/pharmamachinecn.com\/wp-content\/uploads\/2025\/11\/capsule-polishing-machine-diagram-768x592.jpg 768w, https:\/\/pharmamachinecn.com\/wp-content\/uploads\/2025\/11\/capsule-polishing-machine-diagram-16x12.jpg 16w, https:\/\/pharmamachinecn.com\/wp-content\/uploads\/2025\/11\/capsule-polishing-machine-diagram-600x463.jpg 600w\" sizes=\"(max-width: 1504px) 100vw, 1504px\" \/><figcaption id=\"caption-attachment-8396\" class=\"wp-caption-text\"><strong>Kaps\u00fcl parlatma makinesi \u015femas\u0131.<\/strong><\/figcaption><\/figure><p>Statik elektri\u011fi ortadan kald\u0131rabilir; ultra hafif kaps\u00fclleri, par\u00e7alanm\u0131\u015f kaps\u00fclleri ve bo\u015f kaps\u00fclleri otomatik olarak reddedebilir.<\/p><p>Yeni tip net silindir, \u00e7al\u0131\u015fma s\u0131ras\u0131nda kaps\u00fcllerin s\u0131k\u0131\u015fmas\u0131n\u0131 \u00f6nler.<\/p><p>Bask\u0131l\u0131 kaps\u00fcl\u00fcn etkili bir \u015fekilde korunmas\u0131 i\u00e7in kaps\u00fcller metal a\u011f ile do\u011frudan temas ettirilmez.<\/p><p>Yeni tip f\u0131r\u00e7am\u0131z dayan\u0131kl\u0131d\u0131r ve kolayca de\u011fi\u015ftirilebilir.<\/p><p>H\u0131zl\u0131 temizlik ve kolay bak\u0131m i\u00e7in m\u00fckemmel tasar\u0131m.<\/p><p>Uzun saatler boyunca kesintisiz \u00e7al\u0131\u015fma i\u00e7in ideal olan frekans konvert\u00f6r\u00fcn\u00fc benimser.<\/p><p>Makinenin g\u00fcr\u00fclt\u00fcs\u00fcn\u00fc ve titre\u015fimini azaltmak i\u00e7in senkron kay\u0131\u015fla tahrik edilir.<\/p><p>Herhangi bir par\u00e7a de\u011fi\u015fimine gerek kalmadan her boyuttaki kaps\u00fcle uygundur.<\/p><p>T\u00fcm ana par\u00e7alar farmas\u00f6tik GMp gerekliliklerine uygun birinci s\u0131n\u0131f paslanmaz \u00e7elikten \u00fcretilmi\u015ftir.<\/p>\t\t\t\t\t\t\t\t<\/div>\n\t\t\t\t<\/div>\n\t\t\t\t\t<\/div>\n\t\t<\/div>\n\t\t\t\t\t<\/div>\n\t\t<\/section>\n\t\t\t\t<\/div>","protected":false},"excerpt":{"rendered":"<p>FTP-110A, kaps\u00fclleri ve tabletleri parlatmak i\u00e7in yeni tasarlanm\u0131\u015f bir Kaps\u00fcl Parlat\u0131c\u0131s\u0131d\u0131r, sert jelatin kaps\u00fcl \u00fcreten her firma i\u00e7in olmazsa olmazd\u0131r.<\/p>\n<p><img decoding=\"async\" class=\"alignnone size-full wp-image-6460\" src=\"https:\/\/pharmamachinecn.com\/wp-content\/uploads\/2025\/07\/capsule-and-tablets-sample.jpg\" alt=\"\" width=\"900\" height=\"600\" srcset=\"https:\/\/pharmamachinecn.com\/wp-content\/uploads\/2025\/07\/capsule-and-tablets-sample.jpg 900w, https:\/\/pharmamachinecn.com\/wp-content\/uploads\/2025\/07\/capsule-and-tablets-sample-300x200.jpg 300w, https:\/\/pharmamachinecn.com\/wp-content\/uploads\/2025\/07\/capsule-and-tablets-sample-768x512.jpg 768w, https:\/\/pharmamachinecn.com\/wp-content\/uploads\/2025\/07\/capsule-and-tablets-sample-18x12.jpg 18w, https:\/\/pharmamachinecn.com\/wp-content\/uploads\/2025\/07\/capsule-and-tablets-sample-600x400.jpg 600w\" sizes=\"(max-width: 900px) 100vw, 900px\" \/><\/p>","protected":false},"featured_media":8450,"comment_status":"open","ping_status":"closed","template":"","meta":{"_acf_changed":false,"site-sidebar-layout":"default","site-content-layout":"","ast-site-content-layout":"default","site-content-style":"default","site-sidebar-style":"default","ast-global-header-display":"","ast-banner-title-visibility":"","ast-main-header-display":"","ast-hfb-above-header-display":"","ast-hfb-below-header-display":"","ast-hfb-mobile-header-display":"","site-post-title":"","ast-breadcrumbs-content":"","ast-featured-img":"","footer-sml-layout":"","ast-disable-related-posts":"","theme-transparent-header-meta":"default","adv-header-id-meta":"","stick-header-meta":"","header-above-stick-meta":"","header-main-stick-meta":"","header-below-stick-meta":"","astra-migrate-meta-layouts":"set","ast-page-background-enabled":"default","ast-page-background-meta":{"desktop":{"background-color":"var(--ast-global-color-5)","background-image":"","background-repeat":"repeat","background-position":"center center","background-size":"auto","background-attachment":"scroll","background-type":"","background-media":"","overlay-type":"","overlay-color":"","overlay-opacity":"","overlay-gradient":""},"tablet":{"background-color":"","background-image":"","background-repeat":"repeat","background-position":"center center","background-size":"auto","background-attachment":"scroll","background-type":"","background-media":"","overlay-type":"","overlay-color":"","overlay-opacity":"","overlay-gradient":""},"mobile":{"background-color":"","background-image":"","background-repeat":"repeat","background-position":"center center","background-size":"auto","background-attachment":"scroll","background-type":"","background-media":"","overlay-type":"","overlay-color":"","overlay-opacity":"","overlay-gradient":""}},"ast-content-background-meta":{"desktop":{"background-color":"var(--ast-global-color-4)","background-image":"","background-repeat":"repeat","background-position":"center center","background-size":"auto","background-attachment":"scroll","background-type":"","background-media":"","overlay-type":"","overlay-color":"","overlay-opacity":"","overlay-gradient":""},"tablet":{"background-color":"var(--ast-global-color-4)","background-image":"","background-repeat":"repeat","background-position":"center center","background-size":"auto","background-attachment":"scroll","background-type":"","background-media":"","overlay-type":"","overlay-color":"","overlay-opacity":"","overlay-gradient":""},"mobile":{"background-color":"var(--ast-global-color-4)","background-image":"","background-repeat":"repeat","background-position":"center center","background-size":"auto","background-attachment":"scroll","background-type":"","background-media":"","overlay-type":"","overlay-color":"","overlay-opacity":"","overlay-gradient":""}}},"design":[],"product_brand":[],"product_cat":[37],"product_tag":[],"class_list":{"0":"post-8448","1":"product","2":"type-product","3":"status-publish","4":"has-post-thumbnail","6":"product_cat-tablet-capsule-polishing-machine","7":"desktop-align-left","8":"tablet-align-left","9":"mobile-align-left","11":"first","12":"instock","13":"shipping-taxable","14":"product-type-simple"},"acf":[],"_links":{"self":[{"href":"https:\/\/pharmamachinecn.com\/tr\/wp-json\/wp\/v2\/product\/8448","targetHints":{"allow":["GET"]}}],"collection":[{"href":"https:\/\/pharmamachinecn.com\/tr\/wp-json\/wp\/v2\/product"}],"about":[{"href":"https:\/\/pharmamachinecn.com\/tr\/wp-json\/wp\/v2\/types\/product"}],"replies":[{"embeddable":true,"href":"https:\/\/pharmamachinecn.com\/tr\/wp-json\/wp\/v2\/comments?post=8448"}],"version-history":[{"count":14,"href":"https:\/\/pharmamachinecn.com\/tr\/wp-json\/wp\/v2\/product\/8448\/revisions"}],"predecessor-version":[{"id":9804,"href":"https:\/\/pharmamachinecn.com\/tr\/wp-json\/wp\/v2\/product\/8448\/revisions\/9804"}],"wp:featuredmedia":[{"embeddable":true,"href":"https:\/\/pharmamachinecn.com\/tr\/wp-json\/wp\/v2\/media\/8450"}],"wp:attachment":[{"href":"https:\/\/pharmamachinecn.com\/tr\/wp-json\/wp\/v2\/media?parent=8448"}],"wp:term":[{"taxonomy":"design","embeddable":true,"href":"https:\/\/pharmamachinecn.com\/tr\/wp-json\/wp\/v2\/design?post=8448"},{"taxonomy":"product_brand","embeddable":true,"href":"https:\/\/pharmamachinecn.com\/tr\/wp-json\/wp\/v2\/product_brand?post=8448"},{"taxonomy":"product_cat","embeddable":true,"href":"https:\/\/pharmamachinecn.com\/tr\/wp-json\/wp\/v2\/product_cat?post=8448"},{"taxonomy":"product_tag","embeddable":true,"href":"https:\/\/pharmamachinecn.com\/tr\/wp-json\/wp\/v2\/product_tag?post=8448"}],"curies":[{"name":"wp","href":"https:\/\/api.w.org\/{rel}","templated":true}]}}